{"id":43389,"date":"2026-04-29T00:56:23","date_gmt":"2026-04-29T00:56:23","guid":{"rendered":"https:\/\/agrotechtyres.com\/product\/vf710-60r34-ceat-torquemax-173d-tl-sb-opona\/"},"modified":"2026-04-29T00:56:23","modified_gmt":"2026-04-29T00:56:23","slug":"vf710-60r34-ceat-torquemax-173d-tl-sb-opona","status":"publish","type":"product","link":"https:\/\/agrotechtyres.com\/pl\/produkt\/vf710-60r34-ceat-torquemax-173d-tl-sb-opona\/","title":{"rendered":"VF710\/60R34 CEAT TORQUEMAX 173D TL SB Opona"},"content":{"rendered":"<p>VF710\/60R34 CEAT TORQUEMAX 173D TL SB Opona to opona radialna TL przeznaczona do ci\u0105gnik\u00f3w. Zapewnia stabiln\u0105 prac\u0119, dobr\u0105 trwa\u0142o\u015b\u0107 i niezawodne u\u017cytkowanie w maszynach rolniczych, przemys\u0142owych oraz budowlanych.<\/p>\n<p>Najwa\u017cniejsze parametry: rozmiar VF710\/60R34, marka CEAT, model VF710\/60R34 TORQUEMAX, konstrukcja radialna, wersja TL. Sprawd\u017a dost\u0119pno\u015b\u0107 i mo\u017cliwo\u015bci dostawy z AgroTech Solution.<\/p>\n","protected":false},"excerpt":{"rendered":"<p>Opona rolnicza do ci\u0105gnik\u00f3w, zaprojektowana z my\u015bl\u0105 o niezawodnej pracy w wymagaj\u0105cych warunkach.<\/p>\n","protected":false},"featured_media":37880,"comment_status":"open","ping_status":"closed","template":"","meta":{"inline_featured_image":false},"product_brand":[],"product_cat":[1624],"product_tag":[2484,1702,1680,1696,1665,2478,1703,2493],"class_list":{"0":"post-43389","1":"product","2":"type-product","3":"status-publish","4":"has-post-thumbnail","6":"product_cat-opony-rolnicze","7":"product_tag-173d","8":"product_tag-agriculture","9":"product_tag-ceat","10":"product_tag-radial","11":"product_tag-tl","12":"product_tag-torquemax","13":"product_tag-tractor","14":"product_tag-vf710-60r34","15":"pa_application-ciagnik","16":"pa_brand-ceat","17":"pa_construction-radialna","18":"pa_load-index-173d-pl-2","19":"pa_model-vf710-60r34-torquemax-pl","20":"pa_profile-60-pl","21":"pa_rim-diameter-34-pl-2","22":"pa_tl-tt-tl-pl","23":"pa_tread-type-r3-pl","24":"pa_tyre-size-vf710-60r34-pl-2","25":"pa_width-710-pl-2","27":"first","28":"instock","29":"taxable","30":"shipping-taxable","31":"purchasable","32":"product-type-simple"},"_links":{"self":[{"href":"https:\/\/agrotechtyres.com\/pl\/wp-json\/wp\/v2\/product\/43389","targetHints":{"allow":["GET"]}}],"collection":[{"href":"https:\/\/agrotechtyres.com\/pl\/wp-json\/wp\/v2\/product"}],"about":[{"href":"https:\/\/agrotechtyres.com\/pl\/wp-json\/wp\/v2\/types\/product"}],"replies":[{"embeddable":true,"href":"https:\/\/agrotechtyres.com\/pl\/wp-json\/wp\/v2\/comments?post=43389"}],"version-history":[{"count":0,"href":"https:\/\/agrotechtyres.com\/pl\/wp-json\/wp\/v2\/product\/43389\/revisions"}],"wp:featuredmedia":[{"embeddable":true,"href":"https:\/\/agrotechtyres.com\/pl\/wp-json\/wp\/v2\/media\/37880"}],"wp:attachment":[{"href":"https:\/\/agrotechtyres.com\/pl\/wp-json\/wp\/v2\/media?parent=43389"}],"wp:term":[{"taxonomy":"product_brand","embeddable":true,"href":"https:\/\/agrotechtyres.com\/pl\/wp-json\/wp\/v2\/product_brand?post=43389"},{"taxonomy":"product_cat","embeddable":true,"href":"https:\/\/agrotechtyres.com\/pl\/wp-json\/wp\/v2\/product_cat?post=43389"},{"taxonomy":"product_tag","embeddable":true,"href":"https:\/\/agrotechtyres.com\/pl\/wp-json\/wp\/v2\/product_tag?post=43389"}],"curies":[{"name":"wp","href":"https:\/\/api.w.org\/{rel}","templated":true}]}}