{"id":43383,"date":"2026-04-29T00:56:13","date_gmt":"2026-04-29T00:56:13","guid":{"rendered":"https:\/\/agrotechtyres.com\/product\/vf380-90r46-ceat-spraymax-173d-tl-opona\/"},"modified":"2026-04-29T00:56:13","modified_gmt":"2026-04-29T00:56:13","slug":"vf380-90r46-ceat-spraymax-173d-tl-opona","status":"publish","type":"product","link":"https:\/\/agrotechtyres.com\/pl\/produkt\/vf380-90r46-ceat-spraymax-173d-tl-opona\/","title":{"rendered":"VF380\/90R46 CEAT SPRAYMAX 173D TL Opona"},"content":{"rendered":"<p>VF380\/90R46 CEAT SPRAYMAX 173D TL Opona to opona radialna TL przeznaczona do opryskiwaczy. Zapewnia stabiln\u0105 prac\u0119, dobr\u0105 trwa\u0142o\u015b\u0107 i niezawodne u\u017cytkowanie w maszynach rolniczych, przemys\u0142owych oraz budowlanych.<\/p>\n<p>Najwa\u017cniejsze parametry: rozmiar VF380\/90R46, marka CEAT, model VF380\/90R46 SPRAYMAX, konstrukcja radialna, wersja TL. Sprawd\u017a dost\u0119pno\u015b\u0107 i mo\u017cliwo\u015bci dostawy z AgroTech Solution.<\/p>\n","protected":false},"excerpt":{"rendered":"<p>Opona rolnicza do opryskiwaczy, zaprojektowana z my\u015bl\u0105 o niezawodnej pracy w wymagaj\u0105cych warunkach.<\/p>\n","protected":false},"featured_media":37720,"comment_status":"open","ping_status":"closed","template":"","meta":{"inline_featured_image":false},"product_brand":[],"product_cat":[1624],"product_tag":[2484,1702,1680,1696,2483,2482,1665,2481],"class_list":{"0":"post-43383","1":"product","2":"type-product","3":"status-publish","4":"has-post-thumbnail","6":"product_cat-opony-rolnicze","7":"product_tag-173d","8":"product_tag-agriculture","9":"product_tag-ceat","10":"product_tag-radial","11":"product_tag-sprayer","12":"product_tag-spraymax","13":"product_tag-tl","14":"product_tag-vf380-90r46","15":"pa_application-opryskiwacz-2","16":"pa_brand-ceat","17":"pa_construction-radialna","18":"pa_load-index-173d-pl-2","19":"pa_model-vf380-90r46-spraymax-pl","20":"pa_profile-2779","21":"pa_rim-diameter-46-pl","22":"pa_tl-tt-tl-pl","23":"pa_tread-type-r4-pl-2","24":"pa_tyre-size-vf380-90r46-pl-2","25":"pa_width-380-pl","27":"first","28":"instock","29":"taxable","30":"shipping-taxable","31":"purchasable","32":"product-type-simple"},"_links":{"self":[{"href":"https:\/\/agrotechtyres.com\/pl\/wp-json\/wp\/v2\/product\/43383","targetHints":{"allow":["GET"]}}],"collection":[{"href":"https:\/\/agrotechtyres.com\/pl\/wp-json\/wp\/v2\/product"}],"about":[{"href":"https:\/\/agrotechtyres.com\/pl\/wp-json\/wp\/v2\/types\/product"}],"replies":[{"embeddable":true,"href":"https:\/\/agrotechtyres.com\/pl\/wp-json\/wp\/v2\/comments?post=43383"}],"version-history":[{"count":0,"href":"https:\/\/agrotechtyres.com\/pl\/wp-json\/wp\/v2\/product\/43383\/revisions"}],"wp:featuredmedia":[{"embeddable":true,"href":"https:\/\/agrotechtyres.com\/pl\/wp-json\/wp\/v2\/media\/37720"}],"wp:attachment":[{"href":"https:\/\/agrotechtyres.com\/pl\/wp-json\/wp\/v2\/media?parent=43383"}],"wp:term":[{"taxonomy":"product_brand","embeddable":true,"href":"https:\/\/agrotechtyres.com\/pl\/wp-json\/wp\/v2\/product_brand?post=43383"},{"taxonomy":"product_cat","embeddable":true,"href":"https:\/\/agrotechtyres.com\/pl\/wp-json\/wp\/v2\/product_cat?post=43383"},{"taxonomy":"product_tag","embeddable":true,"href":"https:\/\/agrotechtyres.com\/pl\/wp-json\/wp\/v2\/product_tag?post=43383"}],"curies":[{"name":"wp","href":"https:\/\/api.w.org\/{rel}","templated":true}]}}