{"id":43373,"date":"2026-04-29T00:56:11","date_gmt":"2026-04-29T00:56:11","guid":{"rendered":"https:\/\/agrotechtyres.com\/product\/800-70r38-ceat-farmax-hpt-fb-178d-tl-opona\/"},"modified":"2026-04-29T00:56:11","modified_gmt":"2026-04-29T00:56:11","slug":"800-70r38-ceat-farmax-hpt-fb-178d-tl-opona","status":"publish","type":"product","link":"https:\/\/agrotechtyres.com\/pl\/produkt\/800-70r38-ceat-farmax-hpt-fb-178d-tl-opona\/","title":{"rendered":"800\/70R38 CEAT FARMAX HPT FB 178D TL Opona"},"content":{"rendered":"<p>800\/70R38 CEAT FARMAX HPT FB 178D TL Opona to opona radialna TL przeznaczona do ci\u0105gnik\u00f3w. Zapewnia stabiln\u0105 prac\u0119, dobr\u0105 trwa\u0142o\u015b\u0107 i niezawodne u\u017cytkowanie w maszynach rolniczych, przemys\u0142owych oraz budowlanych.<\/p>\n<p>Najwa\u017cniejsze parametry: rozmiar 800\/70R38, marka CEAT, model FARMAX HPT FB, konstrukcja radialna, wersja TL. Sprawd\u017a dost\u0119pno\u015b\u0107 i mo\u017cliwo\u015bci dostawy z AgroTech Solution.<\/p>\n","protected":false},"excerpt":{"rendered":"<p>Opona rolnicza do ci\u0105gnik\u00f3w, zaprojektowana z my\u015bl\u0105 o niezawodnej pracy w wymagaj\u0105cych warunkach.<\/p>\n","protected":false},"featured_media":37884,"comment_status":"open","ping_status":"closed","template":"","meta":{"inline_featured_image":false},"product_brand":[],"product_cat":[1624],"product_tag":[2403,2464,1702,1680,2466,1696,1665,1703],"class_list":{"0":"post-43373","1":"product","2":"type-product","3":"status-publish","4":"has-post-thumbnail","6":"product_cat-opony-rolnicze","7":"product_tag-178d","8":"product_tag-800-70r38","9":"product_tag-agriculture","10":"product_tag-ceat","11":"product_tag-farmax-hpt-fb","12":"product_tag-radial","13":"product_tag-tl","14":"product_tag-tractor","15":"pa_application-ciagnik","16":"pa_brand-ceat","17":"pa_construction-radialna","18":"pa_load-index-178d-pl","19":"pa_model-farmax-hpt-fb-pl","20":"pa_profile-70-pl-2","21":"pa_rim-diameter-38-pl-2","22":"pa_tl-tt-tl-pl","23":"pa_tread-type-r3-pl","24":"pa_tyre-size-800-70r38-pl-2","25":"pa_width-800-pl-2","27":"first","28":"instock","29":"taxable","30":"shipping-taxable","31":"purchasable","32":"product-type-simple"},"_links":{"self":[{"href":"https:\/\/agrotechtyres.com\/pl\/wp-json\/wp\/v2\/product\/43373","targetHints":{"allow":["GET"]}}],"collection":[{"href":"https:\/\/agrotechtyres.com\/pl\/wp-json\/wp\/v2\/product"}],"about":[{"href":"https:\/\/agrotechtyres.com\/pl\/wp-json\/wp\/v2\/types\/product"}],"replies":[{"embeddable":true,"href":"https:\/\/agrotechtyres.com\/pl\/wp-json\/wp\/v2\/comments?post=43373"}],"version-history":[{"count":0,"href":"https:\/\/agrotechtyres.com\/pl\/wp-json\/wp\/v2\/product\/43373\/revisions"}],"wp:featuredmedia":[{"embeddable":true,"href":"https:\/\/agrotechtyres.com\/pl\/wp-json\/wp\/v2\/media\/37884"}],"wp:attachment":[{"href":"https:\/\/agrotechtyres.com\/pl\/wp-json\/wp\/v2\/media?parent=43373"}],"wp:term":[{"taxonomy":"product_brand","embeddable":true,"href":"https:\/\/agrotechtyres.com\/pl\/wp-json\/wp\/v2\/product_brand?post=43373"},{"taxonomy":"product_cat","embeddable":true,"href":"https:\/\/agrotechtyres.com\/pl\/wp-json\/wp\/v2\/product_cat?post=43373"},{"taxonomy":"product_tag","embeddable":true,"href":"https:\/\/agrotechtyres.com\/pl\/wp-json\/wp\/v2\/product_tag?post=43373"}],"curies":[{"name":"wp","href":"https:\/\/api.w.org\/{rel}","templated":true}]}}