{"id":43371,"date":"2026-04-29T00:56:11","date_gmt":"2026-04-29T00:56:11","guid":{"rendered":"https:\/\/agrotechtyres.com\/product\/800-70r32-ceat-yieldmax-181a8-tl-sb-opona\/"},"modified":"2026-04-29T00:56:11","modified_gmt":"2026-04-29T00:56:11","slug":"800-70r32-ceat-yieldmax-181a8-tl-sb-opona","status":"publish","type":"product","link":"https:\/\/agrotechtyres.com\/pl\/produkt\/800-70r32-ceat-yieldmax-181a8-tl-sb-opona\/","title":{"rendered":"800\/70R32 CEAT YIELDMAX 181A8 TL SB Opona"},"content":{"rendered":"<p>800\/70R32 CEAT YIELDMAX 181A8 TL SB Opona to opona radialna TL przeznaczona do maszyn i narz\u0119dzi rolniczych. Zapewnia stabiln\u0105 prac\u0119, dobr\u0105 trwa\u0142o\u015b\u0107 i niezawodne u\u017cytkowanie w maszynach rolniczych, przemys\u0142owych oraz budowlanych.<\/p>\n<p>Najwa\u017cniejsze parametry: rozmiar 800\/70R32, marka CEAT, model YIELDMAX, konstrukcja radialna, wersja TL. Sprawd\u017a dost\u0119pno\u015b\u0107 i mo\u017cliwo\u015bci dostawy z AgroTech Solution.<\/p>\n","protected":false},"excerpt":{"rendered":"<p>Opona rolniczo-przemys\u0142owa do maszyn i narz\u0119dzi rolniczych, zaprojektowana z my\u015bl\u0105 o niezawodnej pracy w wymagaj\u0105cych warunkach.<\/p>\n","protected":false},"featured_media":38240,"comment_status":"open","ping_status":"closed","template":"","meta":{"inline_featured_image":false},"product_brand":[],"product_cat":[2620],"product_tag":[2462,2463,1675,1680,1676,1696,1665,1992],"class_list":{"0":"post-43371","1":"product","2":"type-product","3":"status-publish","4":"has-post-thumbnail","6":"product_cat-opony-agroprzemyslowe","7":"product_tag-181a8","8":"product_tag-800-70r32","9":"product_tag-agro-industrial","10":"product_tag-ceat","11":"product_tag-implement","12":"product_tag-radial","13":"product_tag-tl","14":"product_tag-yieldmax","15":"pa_application-maszyny-rolnicze","16":"pa_brand-ceat","17":"pa_construction-radialna","18":"pa_load-index-181a8-pl-2","19":"pa_model-yieldmax-pl","20":"pa_profile-70-pl-2","21":"pa_rim-diameter-32-pl-2","22":"pa_tl-tt-tl-pl","23":"pa_tread-type-r3-pl","24":"pa_tyre-size-800-70r32","25":"pa_width-800-pl-2","27":"first","28":"instock","29":"taxable","30":"shipping-taxable","31":"purchasable","32":"product-type-simple"},"_links":{"self":[{"href":"https:\/\/agrotechtyres.com\/pl\/wp-json\/wp\/v2\/product\/43371","targetHints":{"allow":["GET"]}}],"collection":[{"href":"https:\/\/agrotechtyres.com\/pl\/wp-json\/wp\/v2\/product"}],"about":[{"href":"https:\/\/agrotechtyres.com\/pl\/wp-json\/wp\/v2\/types\/product"}],"replies":[{"embeddable":true,"href":"https:\/\/agrotechtyres.com\/pl\/wp-json\/wp\/v2\/comments?post=43371"}],"version-history":[{"count":0,"href":"https:\/\/agrotechtyres.com\/pl\/wp-json\/wp\/v2\/product\/43371\/revisions"}],"wp:featuredmedia":[{"embeddable":true,"href":"https:\/\/agrotechtyres.com\/pl\/wp-json\/wp\/v2\/media\/38240"}],"wp:attachment":[{"href":"https:\/\/agrotechtyres.com\/pl\/wp-json\/wp\/v2\/media?parent=43371"}],"wp:term":[{"taxonomy":"product_brand","embeddable":true,"href":"https:\/\/agrotechtyres.com\/pl\/wp-json\/wp\/v2\/product_brand?post=43371"},{"taxonomy":"product_cat","embeddable":true,"href":"https:\/\/agrotechtyres.com\/pl\/wp-json\/wp\/v2\/product_cat?post=43371"},{"taxonomy":"product_tag","embeddable":true,"href":"https:\/\/agrotechtyres.com\/pl\/wp-json\/wp\/v2\/product_tag?post=43371"}],"curies":[{"name":"wp","href":"https:\/\/api.w.org\/{rel}","templated":true}]}}