{"id":43359,"date":"2026-04-29T00:56:09","date_gmt":"2026-04-29T00:56:09","guid":{"rendered":"https:\/\/agrotechtyres.com\/product\/710-70r42-ceat-farmax-r70-173d-176a8-tl-opona\/"},"modified":"2026-04-29T00:56:09","modified_gmt":"2026-04-29T00:56:09","slug":"710-70r42-ceat-farmax-r70-173d-176a8-tl-opona","status":"publish","type":"product","link":"https:\/\/agrotechtyres.com\/pl\/produkt\/710-70r42-ceat-farmax-r70-173d-176a8-tl-opona\/","title":{"rendered":"710\/70R42 CEAT FARMAX R70 173D\/176A8 TL Opona"},"content":{"rendered":"<p>710\/70R42 CEAT FARMAX R70 173D\/176A8 TL Opona to opona radialna TL przeznaczona do ci\u0105gnik\u00f3w. Zapewnia stabiln\u0105 prac\u0119, dobr\u0105 trwa\u0142o\u015b\u0107 i niezawodne u\u017cytkowanie w maszynach rolniczych, przemys\u0142owych oraz budowlanych.<\/p>\n<p>Najwa\u017cniejsze parametry: rozmiar 710\/70R42, marka CEAT, model FARMAX R70, konstrukcja radialna, wersja TL. Sprawd\u017a dost\u0119pno\u015b\u0107 i mo\u017cliwo\u015bci dostawy z AgroTech Solution.<\/p>\n","protected":false},"excerpt":{"rendered":"<p>Opona rolnicza do ci\u0105gnik\u00f3w, zaprojektowana z my\u015bl\u0105 o niezawodnej pracy w wymagaj\u0105cych warunkach.<\/p>\n","protected":false},"featured_media":38224,"comment_status":"open","ping_status":"closed","template":"","meta":{"inline_featured_image":false},"product_brand":[],"product_cat":[1624],"product_tag":[2431,2429,1702,1680,2044,1696,1665,1703],"class_list":{"0":"post-43359","1":"product","2":"type-product","3":"status-publish","4":"has-post-thumbnail","6":"product_cat-opony-rolnicze","7":"product_tag-173d-176a8","8":"product_tag-710-70r42","9":"product_tag-agriculture","10":"product_tag-ceat","11":"product_tag-farmax-r70","12":"product_tag-radial","13":"product_tag-tl","14":"product_tag-tractor","15":"pa_application-ciagnik","16":"pa_brand-ceat","17":"pa_construction-radialna","18":"pa_load-index-173d-176a8-pl-2","19":"pa_model-farmax-r70-pl","20":"pa_profile-70-pl-2","21":"pa_rim-diameter-42-pl-2","22":"pa_tl-tt-tl-pl","23":"pa_tread-type-r4-pl-2","24":"pa_tyre-size-710-70r42-pl","25":"pa_width-710-pl-2","27":"first","28":"instock","29":"taxable","30":"shipping-taxable","31":"purchasable","32":"product-type-simple"},"_links":{"self":[{"href":"https:\/\/agrotechtyres.com\/pl\/wp-json\/wp\/v2\/product\/43359","targetHints":{"allow":["GET"]}}],"collection":[{"href":"https:\/\/agrotechtyres.com\/pl\/wp-json\/wp\/v2\/product"}],"about":[{"href":"https:\/\/agrotechtyres.com\/pl\/wp-json\/wp\/v2\/types\/product"}],"replies":[{"embeddable":true,"href":"https:\/\/agrotechtyres.com\/pl\/wp-json\/wp\/v2\/comments?post=43359"}],"version-history":[{"count":0,"href":"https:\/\/agrotechtyres.com\/pl\/wp-json\/wp\/v2\/product\/43359\/revisions"}],"wp:featuredmedia":[{"embeddable":true,"href":"https:\/\/agrotechtyres.com\/pl\/wp-json\/wp\/v2\/media\/38224"}],"wp:attachment":[{"href":"https:\/\/agrotechtyres.com\/pl\/wp-json\/wp\/v2\/media?parent=43359"}],"wp:term":[{"taxonomy":"product_brand","embeddable":true,"href":"https:\/\/agrotechtyres.com\/pl\/wp-json\/wp\/v2\/product_brand?post=43359"},{"taxonomy":"product_cat","embeddable":true,"href":"https:\/\/agrotechtyres.com\/pl\/wp-json\/wp\/v2\/product_cat?post=43359"},{"taxonomy":"product_tag","embeddable":true,"href":"https:\/\/agrotechtyres.com\/pl\/wp-json\/wp\/v2\/product_tag?post=43359"}],"curies":[{"name":"wp","href":"https:\/\/api.w.org\/{rel}","templated":true}]}}