{"id":43356,"date":"2026-04-29T00:56:09","date_gmt":"2026-04-29T00:56:09","guid":{"rendered":"https:\/\/agrotechtyres.com\/product\/710-50r26-5-ceat-floatmax-rt-172d-sb-tl-opona\/"},"modified":"2026-04-29T00:56:09","modified_gmt":"2026-04-29T00:56:09","slug":"710-50r26-5-ceat-floatmax-rt-172d-sb-tl-opona","status":"publish","type":"product","link":"https:\/\/agrotechtyres.com\/pl\/produkt\/710-50r26-5-ceat-floatmax-rt-172d-sb-tl-opona\/","title":{"rendered":"710\/50R26.5 CEAT FLOATMAX RT 172D SB TL Opona"},"content":{"rendered":"<p>710\/50R26.5 CEAT FLOATMAX RT 172D SB TL Opona to opona radialna TL przeznaczona do zastosowa\u0144 flotacyjnych. Zapewnia stabiln\u0105 prac\u0119, dobr\u0105 trwa\u0142o\u015b\u0107 i niezawodne u\u017cytkowanie w maszynach rolniczych, przemys\u0142owych oraz budowlanych.<\/p>\n<p>Najwa\u017cniejsze parametry: rozmiar 710\/50R26.5, marka CEAT, model FLOATMAX RT, konstrukcja radialna, wersja TL. Sprawd\u017a dost\u0119pno\u015b\u0107 i mo\u017cliwo\u015bci dostawy z AgroTech Solution.<\/p>\n","protected":false},"excerpt":{"rendered":"<p>Opona rolniczo-przemys\u0142owa do zastosowa\u0144 flotacyjnych, zaprojektowana z my\u015bl\u0105 o niezawodnej pracy w wymagaj\u0105cych warunkach.<\/p>\n","protected":false},"featured_media":38056,"comment_status":"open","ping_status":"closed","template":"","meta":{"inline_featured_image":false},"product_brand":[],"product_cat":[2620],"product_tag":[2427,2425,1675,1680,2404,1929,1696,1665],"class_list":{"0":"post-43356","1":"product","2":"type-product","3":"status-publish","4":"has-post-thumbnail","6":"product_cat-opony-agroprzemyslowe","7":"product_tag-172d","8":"product_tag-710-50r26-5","9":"product_tag-agro-industrial","10":"product_tag-ceat","11":"product_tag-floatmax-rt","12":"product_tag-flotation","13":"product_tag-radial","14":"product_tag-tl","15":"pa_application-flotacja","16":"pa_brand-ceat","17":"pa_construction-radialna","18":"pa_load-index-172d-pl-2","19":"pa_model-floatmax-rt-pl","20":"pa_profile-50-pl","21":"pa_rim-diameter-26-5-pl-2","22":"pa_tl-tt-tl-pl","23":"pa_tyre-size-710-50r26-5-pl","24":"pa_width-710-pl-2","26":"first","27":"outofstock","28":"taxable","29":"shipping-taxable","30":"purchasable","31":"product-type-simple"},"_links":{"self":[{"href":"https:\/\/agrotechtyres.com\/pl\/wp-json\/wp\/v2\/product\/43356","targetHints":{"allow":["GET"]}}],"collection":[{"href":"https:\/\/agrotechtyres.com\/pl\/wp-json\/wp\/v2\/product"}],"about":[{"href":"https:\/\/agrotechtyres.com\/pl\/wp-json\/wp\/v2\/types\/product"}],"replies":[{"embeddable":true,"href":"https:\/\/agrotechtyres.com\/pl\/wp-json\/wp\/v2\/comments?post=43356"}],"version-history":[{"count":0,"href":"https:\/\/agrotechtyres.com\/pl\/wp-json\/wp\/v2\/product\/43356\/revisions"}],"wp:featuredmedia":[{"embeddable":true,"href":"https:\/\/agrotechtyres.com\/pl\/wp-json\/wp\/v2\/media\/38056"}],"wp:attachment":[{"href":"https:\/\/agrotechtyres.com\/pl\/wp-json\/wp\/v2\/media?parent=43356"}],"wp:term":[{"taxonomy":"product_brand","embeddable":true,"href":"https:\/\/agrotechtyres.com\/pl\/wp-json\/wp\/v2\/product_brand?post=43356"},{"taxonomy":"product_cat","embeddable":true,"href":"https:\/\/agrotechtyres.com\/pl\/wp-json\/wp\/v2\/product_cat?post=43356"},{"taxonomy":"product_tag","embeddable":true,"href":"https:\/\/agrotechtyres.com\/pl\/wp-json\/wp\/v2\/product_tag?post=43356"}],"curies":[{"name":"wp","href":"https:\/\/api.w.org\/{rel}","templated":true}]}}