{"id":43337,"date":"2026-04-29T00:56:06","date_gmt":"2026-04-29T00:56:06","guid":{"rendered":"https:\/\/agrotechtyres.com\/product\/620-75r30-ceat-cho-yieldmax-169a8-b-tl-sb-opona\/"},"modified":"2026-04-29T00:56:06","modified_gmt":"2026-04-29T00:56:06","slug":"620-75r30-ceat-cho-yieldmax-169a8-b-tl-sb-opona","status":"publish","type":"product","link":"https:\/\/agrotechtyres.com\/pl\/produkt\/620-75r30-ceat-cho-yieldmax-169a8-b-tl-sb-opona\/","title":{"rendered":"620\/75R30 CEAT CHO YIELDMAX 169A8\/B TL SB Opona"},"content":{"rendered":"<p>620\/75R30 CEAT CHO YIELDMAX 169A8\/B TL SB Opona to opona radialna TL przeznaczona do maszyn i narz\u0119dzi rolniczych. Zapewnia stabiln\u0105 prac\u0119, dobr\u0105 trwa\u0142o\u015b\u0107 i niezawodne u\u017cytkowanie w maszynach rolniczych, przemys\u0142owych oraz budowlanych.<\/p>\n<p>Najwa\u017cniejsze parametry: rozmiar 620\/75R30, marka CEAT, model CHO YIELDMAX \/B, konstrukcja radialna, wersja TL. Sprawd\u017a dost\u0119pno\u015b\u0107 i mo\u017cliwo\u015bci dostawy z AgroTech Solution.<\/p>\n","protected":false},"excerpt":{"rendered":"<p>Opona rolniczo-przemys\u0142owa do maszyn i narz\u0119dzi rolniczych, zaprojektowana z my\u015bl\u0105 o niezawodnej pracy w wymagaj\u0105cych warunkach.<\/p>\n","protected":false},"featured_media":38240,"comment_status":"open","ping_status":"closed","template":"","meta":{"inline_featured_image":false},"product_brand":[],"product_cat":[2620],"product_tag":[2312,2398,1675,1680,2399,1676,1696,1665],"class_list":{"0":"post-43337","1":"product","2":"type-product","3":"status-publish","4":"has-post-thumbnail","6":"product_cat-opony-agroprzemyslowe","7":"product_tag-169a8","8":"product_tag-620-75r30","9":"product_tag-agro-industrial","10":"product_tag-ceat","11":"product_tag-cho-yieldmax-b","12":"product_tag-implement","13":"product_tag-radial","14":"product_tag-tl","15":"pa_application-maszyny-rolnicze","16":"pa_brand-ceat","17":"pa_construction-radialna","18":"pa_load-index-169a8-pl-2","19":"pa_model-cho-yieldmax-b-pl","20":"pa_profile-75-pl-2","21":"pa_rim-diameter-1880","22":"pa_tl-tt-tl-pl","23":"pa_tread-type-r3-pl","24":"pa_tyre-size-620-75r30-pl","25":"pa_width-620-pl-2","27":"first","28":"instock","29":"taxable","30":"shipping-taxable","31":"purchasable","32":"product-type-simple"},"_links":{"self":[{"href":"https:\/\/agrotechtyres.com\/pl\/wp-json\/wp\/v2\/product\/43337","targetHints":{"allow":["GET"]}}],"collection":[{"href":"https:\/\/agrotechtyres.com\/pl\/wp-json\/wp\/v2\/product"}],"about":[{"href":"https:\/\/agrotechtyres.com\/pl\/wp-json\/wp\/v2\/types\/product"}],"replies":[{"embeddable":true,"href":"https:\/\/agrotechtyres.com\/pl\/wp-json\/wp\/v2\/comments?post=43337"}],"version-history":[{"count":0,"href":"https:\/\/agrotechtyres.com\/pl\/wp-json\/wp\/v2\/product\/43337\/revisions"}],"wp:featuredmedia":[{"embeddable":true,"href":"https:\/\/agrotechtyres.com\/pl\/wp-json\/wp\/v2\/media\/38240"}],"wp:attachment":[{"href":"https:\/\/agrotechtyres.com\/pl\/wp-json\/wp\/v2\/media?parent=43337"}],"wp:term":[{"taxonomy":"product_brand","embeddable":true,"href":"https:\/\/agrotechtyres.com\/pl\/wp-json\/wp\/v2\/product_brand?post=43337"},{"taxonomy":"product_cat","embeddable":true,"href":"https:\/\/agrotechtyres.com\/pl\/wp-json\/wp\/v2\/product_cat?post=43337"},{"taxonomy":"product_tag","embeddable":true,"href":"https:\/\/agrotechtyres.com\/pl\/wp-json\/wp\/v2\/product_tag?post=43337"}],"curies":[{"name":"wp","href":"https:\/\/api.w.org\/{rel}","templated":true}]}}