{"id":43324,"date":"2026-04-29T00:55:58","date_gmt":"2026-04-29T00:55:58","guid":{"rendered":"https:\/\/agrotechtyres.com\/product\/600-50-22-5-ceat-flotation-t422-tl-16pr-opona\/"},"modified":"2026-04-29T00:55:58","modified_gmt":"2026-04-29T00:55:58","slug":"600-50-22-5-ceat-flotation-t422-tl-16pr-opona","status":"publish","type":"product","link":"https:\/\/agrotechtyres.com\/pl\/produkt\/600-50-22-5-ceat-flotation-t422-tl-16pr-opona\/","title":{"rendered":"600\/50-22.5 CEAT FLOTATION T422 TL 16PR Opona"},"content":{"rendered":"<p>600\/50-22.5 CEAT FLOTATION T422 TL 16PR Opona to opona diagonalna TL przeznaczona do zastosowa\u0144 flotacyjnych. Zapewnia stabiln\u0105 prac\u0119, dobr\u0105 trwa\u0142o\u015b\u0107 i niezawodne u\u017cytkowanie w maszynach rolniczych, przemys\u0142owych oraz budowlanych.<\/p>\n<p>Najwa\u017cniejsze parametry: rozmiar 600\/50-22.5, marka CEAT, model FLOTATION T422, konstrukcja diagonalna, wersja TL. Sprawd\u017a dost\u0119pno\u015b\u0107 i mo\u017cliwo\u015bci dostawy z AgroTech Solution.<\/p>\n","protected":false},"excerpt":{"rendered":"<p>Opona rolniczo-przemys\u0142owa do zastosowa\u0144 flotacyjnych, zaprojektowana z my\u015bl\u0105 o niezawodnej pracy w wymagaj\u0105cych warunkach.<\/p>\n","protected":false},"featured_media":37816,"comment_status":"open","ping_status":"closed","template":"","meta":{"inline_featured_image":false},"product_brand":[],"product_cat":[2620],"product_tag":[1688,2362,1675,1664,1680,1929,2301,1665],"class_list":{"0":"post-43324","1":"product","2":"type-product","3":"status-publish","4":"has-post-thumbnail","6":"product_cat-opony-agroprzemyslowe","7":"product_tag-16pr","8":"product_tag-600-50-22-5","9":"product_tag-agro-industrial","10":"product_tag-bias","11":"product_tag-ceat","12":"product_tag-flotation","13":"product_tag-flotation-t422","14":"product_tag-tl","15":"pa_application-flotacja","16":"pa_brand-ceat","17":"pa_construction-diagonalna","18":"pa_model-flotation-t422-pl","19":"pa_pr-16-pl-2","20":"pa_profile-50-pl","21":"pa_rim-diameter-22-5-pl-2","22":"pa_tl-tt-tl-pl","23":"pa_tyre-size-600-50-22-5-pl","24":"pa_width-600-pl-2","26":"first","27":"instock","28":"taxable","29":"shipping-taxable","30":"purchasable","31":"product-type-simple"},"_links":{"self":[{"href":"https:\/\/agrotechtyres.com\/pl\/wp-json\/wp\/v2\/product\/43324","targetHints":{"allow":["GET"]}}],"collection":[{"href":"https:\/\/agrotechtyres.com\/pl\/wp-json\/wp\/v2\/product"}],"about":[{"href":"https:\/\/agrotechtyres.com\/pl\/wp-json\/wp\/v2\/types\/product"}],"replies":[{"embeddable":true,"href":"https:\/\/agrotechtyres.com\/pl\/wp-json\/wp\/v2\/comments?post=43324"}],"version-history":[{"count":0,"href":"https:\/\/agrotechtyres.com\/pl\/wp-json\/wp\/v2\/product\/43324\/revisions"}],"wp:featuredmedia":[{"embeddable":true,"href":"https:\/\/agrotechtyres.com\/pl\/wp-json\/wp\/v2\/media\/37816"}],"wp:attachment":[{"href":"https:\/\/agrotechtyres.com\/pl\/wp-json\/wp\/v2\/media?parent=43324"}],"wp:term":[{"taxonomy":"product_brand","embeddable":true,"href":"https:\/\/agrotechtyres.com\/pl\/wp-json\/wp\/v2\/product_brand?post=43324"},{"taxonomy":"product_cat","embeddable":true,"href":"https:\/\/agrotechtyres.com\/pl\/wp-json\/wp\/v2\/product_cat?post=43324"},{"taxonomy":"product_tag","embeddable":true,"href":"https:\/\/agrotechtyres.com\/pl\/wp-json\/wp\/v2\/product_tag?post=43324"}],"curies":[{"name":"wp","href":"https:\/\/api.w.org\/{rel}","templated":true}]}}