{"id":43318,"date":"2026-04-29T00:55:57","date_gmt":"2026-04-29T00:55:57","guid":{"rendered":"https:\/\/agrotechtyres.com\/product\/6-00-9-4-0r-cl403s-simple-goodride-opona\/"},"modified":"2026-04-29T00:55:57","modified_gmt":"2026-04-29T00:55:57","slug":"6-00-9-4-0r-cl403s-simple-goodride-opona","status":"publish","type":"product","link":"https:\/\/agrotechtyres.com\/pl\/produkt\/6-00-9-4-0r-cl403s-simple-goodride-opona\/","title":{"rendered":"6.00-9\/4.0R CL403S SIMPLE GOODRIDE Opona"},"content":{"rendered":"<p>6.00-9\/4.0R CL403S SIMPLE GOODRIDE Opona to opona diagonalna TL przeznaczona do w\u00f3zk\u00f3w wid\u0142owych. Zapewnia stabiln\u0105 prac\u0119, dobr\u0105 trwa\u0142o\u015b\u0107 i niezawodne u\u017cytkowanie w maszynach rolniczych, przemys\u0142owych oraz budowlanych.<\/p>\n<p>Najwa\u017cniejsze parametry: rozmiar 6.00-9, marka WEST LAKE, model \/4.0R CL403S SIMPLE, konstrukcja diagonalna, wersja TL. Sprawd\u017a dost\u0119pno\u015b\u0107 i mo\u017cliwo\u015bci dostawy z AgroTech Solution.<\/p>\n","protected":false},"excerpt":{"rendered":"<p>Opona przemys\u0142owa do w\u00f3zk\u00f3w wid\u0142owych, zaprojektowana z my\u015bl\u0105 o niezawodnej pracy w wymagaj\u0105cych warunkach.<\/p>\n","protected":false},"featured_media":38363,"comment_status":"open","ping_status":"closed","template":"","meta":{"inline_featured_image":false},"product_brand":[],"product_cat":[2622],"product_tag":[2355,2353,1664,1857,1856,1665,2296],"class_list":{"0":"post-43318","1":"product","2":"type-product","3":"status-publish","4":"has-post-thumbnail","6":"product_cat-opony-przemyslowe","7":"product_tag-4-0r-cl403s-simple","8":"product_tag-6-00-9","9":"product_tag-bias","10":"product_tag-forklift","11":"product_tag-industrial","12":"product_tag-tl","13":"product_tag-west-lake","14":"pa_application-wozek-widlowy","15":"pa_brand-west-lake","16":"pa_construction-diagonalna","17":"pa_model-4-0r-cl403s-simple-pl","18":"pa_rim-diameter-9-pl-2","19":"pa_tl-tt-tl-pl","20":"pa_tread-type-l4-pl","21":"pa_tyre-size-6-00-9-pl","22":"pa_width-6-pl-2","24":"first","25":"instock","26":"taxable","27":"shipping-taxable","28":"purchasable","29":"product-type-simple"},"_links":{"self":[{"href":"https:\/\/agrotechtyres.com\/pl\/wp-json\/wp\/v2\/product\/43318","targetHints":{"allow":["GET"]}}],"collection":[{"href":"https:\/\/agrotechtyres.com\/pl\/wp-json\/wp\/v2\/product"}],"about":[{"href":"https:\/\/agrotechtyres.com\/pl\/wp-json\/wp\/v2\/types\/product"}],"replies":[{"embeddable":true,"href":"https:\/\/agrotechtyres.com\/pl\/wp-json\/wp\/v2\/comments?post=43318"}],"version-history":[{"count":0,"href":"https:\/\/agrotechtyres.com\/pl\/wp-json\/wp\/v2\/product\/43318\/revisions"}],"wp:featuredmedia":[{"embeddable":true,"href":"https:\/\/agrotechtyres.com\/pl\/wp-json\/wp\/v2\/media\/38363"}],"wp:attachment":[{"href":"https:\/\/agrotechtyres.com\/pl\/wp-json\/wp\/v2\/media?parent=43318"}],"wp:term":[{"taxonomy":"product_brand","embeddable":true,"href":"https:\/\/agrotechtyres.com\/pl\/wp-json\/wp\/v2\/product_brand?post=43318"},{"taxonomy":"product_cat","embeddable":true,"href":"https:\/\/agrotechtyres.com\/pl\/wp-json\/wp\/v2\/product_cat?post=43318"},{"taxonomy":"product_tag","embeddable":true,"href":"https:\/\/agrotechtyres.com\/pl\/wp-json\/wp\/v2\/product_tag?post=43318"}],"curies":[{"name":"wp","href":"https:\/\/api.w.org\/{rel}","templated":true}]}}