{"id":43313,"date":"2026-04-29T00:55:56","date_gmt":"2026-04-29T00:55:56","guid":{"rendered":"https:\/\/agrotechtyres.com\/product\/560-60r22-5-ceat-floatmax-ft-164d-tl-sb-opona\/"},"modified":"2026-04-29T00:55:56","modified_gmt":"2026-04-29T00:55:56","slug":"560-60r22-5-ceat-floatmax-ft-164d-tl-sb-opona","status":"publish","type":"product","link":"https:\/\/agrotechtyres.com\/pl\/produkt\/560-60r22-5-ceat-floatmax-ft-164d-tl-sb-opona\/","title":{"rendered":"560\/60R22.5 CEAT FLOATMAX FT 164D TL SB Opona"},"content":{"rendered":"<p>560\/60R22.5 CEAT FLOATMAX FT 164D TL SB Opona to opona radialna TL przeznaczona do zastosowa\u0144 flotacyjnych. Zapewnia stabiln\u0105 prac\u0119, dobr\u0105 trwa\u0142o\u015b\u0107 i niezawodne u\u017cytkowanie w maszynach rolniczych, przemys\u0142owych oraz budowlanych.<\/p>\n<p>Najwa\u017cniejsze parametry: rozmiar 560\/60R22.5, marka CEAT, model FLOATMAX FT, konstrukcja radialna, wersja TL. Sprawd\u017a dost\u0119pno\u015b\u0107 i mo\u017cliwo\u015bci dostawy z AgroTech Solution.<\/p>\n","protected":false},"excerpt":{"rendered":"<p>Opona rolniczo-przemys\u0142owa do zastosowa\u0144 flotacyjnych, zaprojektowana z my\u015bl\u0105 o niezawodnej pracy w wymagaj\u0105cych warunkach.<\/p>\n","protected":false},"featured_media":38004,"comment_status":"open","ping_status":"closed","template":"","meta":{"inline_featured_image":false},"product_brand":[],"product_cat":[2620],"product_tag":[2156,2347,1675,1680,2346,1929,1696,1665],"class_list":{"0":"post-43313","1":"product","2":"type-product","3":"status-publish","4":"has-post-thumbnail","6":"product_cat-opony-agroprzemyslowe","7":"product_tag-164d","8":"product_tag-560-60r22-5","9":"product_tag-agro-industrial","10":"product_tag-ceat","11":"product_tag-floatmax-ft","12":"product_tag-flotation","13":"product_tag-radial","14":"product_tag-tl","15":"pa_application-flotacja","16":"pa_brand-ceat","17":"pa_construction-radialna","18":"pa_load-index-164d-pl-2","19":"pa_model-floatmax-ft-pl","20":"pa_profile-60-pl","21":"pa_rim-diameter-22-5-pl-2","22":"pa_tl-tt-tl-pl","23":"pa_tyre-size-560-60r22-5-pl","24":"pa_width-560-pl-2","26":"first","27":"instock","28":"taxable","29":"shipping-taxable","30":"purchasable","31":"product-type-simple"},"_links":{"self":[{"href":"https:\/\/agrotechtyres.com\/pl\/wp-json\/wp\/v2\/product\/43313","targetHints":{"allow":["GET"]}}],"collection":[{"href":"https:\/\/agrotechtyres.com\/pl\/wp-json\/wp\/v2\/product"}],"about":[{"href":"https:\/\/agrotechtyres.com\/pl\/wp-json\/wp\/v2\/types\/product"}],"replies":[{"embeddable":true,"href":"https:\/\/agrotechtyres.com\/pl\/wp-json\/wp\/v2\/comments?post=43313"}],"version-history":[{"count":0,"href":"https:\/\/agrotechtyres.com\/pl\/wp-json\/wp\/v2\/product\/43313\/revisions"}],"wp:featuredmedia":[{"embeddable":true,"href":"https:\/\/agrotechtyres.com\/pl\/wp-json\/wp\/v2\/media\/38004"}],"wp:attachment":[{"href":"https:\/\/agrotechtyres.com\/pl\/wp-json\/wp\/v2\/media?parent=43313"}],"wp:term":[{"taxonomy":"product_brand","embeddable":true,"href":"https:\/\/agrotechtyres.com\/pl\/wp-json\/wp\/v2\/product_brand?post=43313"},{"taxonomy":"product_cat","embeddable":true,"href":"https:\/\/agrotechtyres.com\/pl\/wp-json\/wp\/v2\/product_cat?post=43313"},{"taxonomy":"product_tag","embeddable":true,"href":"https:\/\/agrotechtyres.com\/pl\/wp-json\/wp\/v2\/product_tag?post=43313"}],"curies":[{"name":"wp","href":"https:\/\/api.w.org\/{rel}","templated":true}]}}