{"id":43290,"date":"2026-04-29T00:55:53","date_gmt":"2026-04-29T00:55:53","guid":{"rendered":"https:\/\/agrotechtyres.com\/product\/500-50-17-18pr-vk103-implement-aw-opona\/"},"modified":"2026-04-29T00:55:53","modified_gmt":"2026-04-29T00:55:53","slug":"500-50-17-18pr-vk103-implement-aw-opona","status":"publish","type":"product","link":"https:\/\/agrotechtyres.com\/pl\/produkt\/500-50-17-18pr-vk103-implement-aw-opona\/","title":{"rendered":"500\/50-17 18PR VK103 IMPLEMENT-AW Opona"},"content":{"rendered":"<p>500\/50-17 18PR VK103 IMPLEMENT-AW Opona to opona diagonalna TL przeznaczona do maszyn i narz\u0119dzi rolniczych. Zapewnia stabiln\u0105 prac\u0119, dobr\u0105 trwa\u0142o\u015b\u0107 i niezawodne u\u017cytkowanie w maszynach rolniczych, przemys\u0142owych oraz budowlanych.<\/p>\n<p>Najwa\u017cniejsze parametry: rozmiar 500\/50-17, marka VK, model VK103 IMPLEMENT-AW, konstrukcja diagonalna, wersja TL. Sprawd\u017a dost\u0119pno\u015b\u0107 i mo\u017cliwo\u015bci dostawy z AgroTech Solution.<\/p>\n","protected":false},"excerpt":{"rendered":"<p>Opona rolniczo-przemys\u0142owa do maszyn i narz\u0119dzi rolniczych, zaprojektowana z my\u015bl\u0105 o niezawodnej pracy w wymagaj\u0105cych warunkach.<\/p>\n","protected":false},"featured_media":41113,"comment_status":"open","ping_status":"closed","template":"","meta":{"inline_featured_image":false},"product_brand":[],"product_cat":[2620],"product_tag":[1691,2299,1675,1664,1676,1665,1659,1804],"class_list":{"0":"post-43290","1":"product","2":"type-product","3":"status-publish","4":"has-post-thumbnail","6":"product_cat-opony-agroprzemyslowe","7":"product_tag-18pr","8":"product_tag-500-50-17","9":"product_tag-agro-industrial","10":"product_tag-bias","11":"product_tag-implement","12":"product_tag-tl","13":"product_tag-vk","14":"product_tag-vk103-implement-aw","15":"pa_application-maszyny-rolnicze","16":"pa_brand-vk","17":"pa_construction-diagonalna","18":"pa_model-vk103-implement-aw-pl","19":"pa_pr-18-pl-2","20":"pa_profile-50-pl","21":"pa_rim-diameter-17-pl","22":"pa_tl-tt-tl-pl","23":"pa_tyre-size-500-50-17-pl","24":"pa_width-500-pl-2","26":"first","27":"instock","28":"taxable","29":"shipping-taxable","30":"purchasable","31":"product-type-simple"},"_links":{"self":[{"href":"https:\/\/agrotechtyres.com\/pl\/wp-json\/wp\/v2\/product\/43290","targetHints":{"allow":["GET"]}}],"collection":[{"href":"https:\/\/agrotechtyres.com\/pl\/wp-json\/wp\/v2\/product"}],"about":[{"href":"https:\/\/agrotechtyres.com\/pl\/wp-json\/wp\/v2\/types\/product"}],"replies":[{"embeddable":true,"href":"https:\/\/agrotechtyres.com\/pl\/wp-json\/wp\/v2\/comments?post=43290"}],"version-history":[{"count":0,"href":"https:\/\/agrotechtyres.com\/pl\/wp-json\/wp\/v2\/product\/43290\/revisions"}],"wp:featuredmedia":[{"embeddable":true,"href":"https:\/\/agrotechtyres.com\/pl\/wp-json\/wp\/v2\/media\/41113"}],"wp:attachment":[{"href":"https:\/\/agrotechtyres.com\/pl\/wp-json\/wp\/v2\/media?parent=43290"}],"wp:term":[{"taxonomy":"product_brand","embeddable":true,"href":"https:\/\/agrotechtyres.com\/pl\/wp-json\/wp\/v2\/product_brand?post=43290"},{"taxonomy":"product_cat","embeddable":true,"href":"https:\/\/agrotechtyres.com\/pl\/wp-json\/wp\/v2\/product_cat?post=43290"},{"taxonomy":"product_tag","embeddable":true,"href":"https:\/\/agrotechtyres.com\/pl\/wp-json\/wp\/v2\/product_tag?post=43290"}],"curies":[{"name":"wp","href":"https:\/\/api.w.org\/{rel}","templated":true}]}}