{"id":43279,"date":"2026-04-29T00:55:39","date_gmt":"2026-04-29T00:55:39","guid":{"rendered":"https:\/\/agrotechtyres.com\/product\/480-65r28-farmax-r65-tl-136d-opona\/"},"modified":"2026-04-29T00:55:39","modified_gmt":"2026-04-29T00:55:39","slug":"480-65r28-farmax-r65-tl-136d-opona","status":"publish","type":"product","link":"https:\/\/agrotechtyres.com\/pl\/produkt\/480-65r28-farmax-r65-tl-136d-opona\/","title":{"rendered":"480\/65R28 FARMAX R65 TL 136D Opona"},"content":{"rendered":"<p>480\/65R28 FARMAX R65 TL 136D Opona to opona radialna TL przeznaczona do ci\u0105gnik\u00f3w. Zapewnia stabiln\u0105 prac\u0119, dobr\u0105 trwa\u0142o\u015b\u0107 i niezawodne u\u017cytkowanie w maszynach rolniczych, przemys\u0142owych oraz budowlanych.<\/p>\n<p>Najwa\u017cniejsze parametry: rozmiar 480\/65R28, model FARMAX R65, konstrukcja radialna, wersja TL. Sprawd\u017a dost\u0119pno\u015b\u0107 i mo\u017cliwo\u015bci dostawy z AgroTech Solution.<\/p>\n","protected":false},"excerpt":{"rendered":"<p>Opona rolnicza do ci\u0105gnik\u00f3w, zaprojektowana z my\u015bl\u0105 o niezawodnej pracy w wymagaj\u0105cych warunkach.<\/p>\n","protected":false},"featured_media":37776,"comment_status":"open","ping_status":"closed","template":"","meta":{"inline_featured_image":false},"product_brand":[],"product_cat":[1624],"product_tag":[2033,2283,1702,2281,1696,1665,1703],"class_list":{"0":"post-43279","1":"product","2":"type-product","3":"status-publish","4":"has-post-thumbnail","6":"product_cat-opony-rolnicze","7":"product_tag-136d","8":"product_tag-480-65r28","9":"product_tag-agriculture","10":"product_tag-farmax-r65","11":"product_tag-radial","12":"product_tag-tl","13":"product_tag-tractor","14":"pa_application-ciagnik","15":"pa_construction-radialna","16":"pa_load-index-136d-pl-2","17":"pa_model-farmax-r65-pl","18":"pa_profile-65-pl-2","19":"pa_rim-diameter-28-pl-2","20":"pa_tl-tt-tl-pl","21":"pa_tyre-size-480-65r28-pl","22":"pa_width-480-pl-2","24":"first","25":"outofstock","26":"taxable","27":"shipping-taxable","28":"purchasable","29":"product-type-simple"},"_links":{"self":[{"href":"https:\/\/agrotechtyres.com\/pl\/wp-json\/wp\/v2\/product\/43279","targetHints":{"allow":["GET"]}}],"collection":[{"href":"https:\/\/agrotechtyres.com\/pl\/wp-json\/wp\/v2\/product"}],"about":[{"href":"https:\/\/agrotechtyres.com\/pl\/wp-json\/wp\/v2\/types\/product"}],"replies":[{"embeddable":true,"href":"https:\/\/agrotechtyres.com\/pl\/wp-json\/wp\/v2\/comments?post=43279"}],"version-history":[{"count":0,"href":"https:\/\/agrotechtyres.com\/pl\/wp-json\/wp\/v2\/product\/43279\/revisions"}],"wp:featuredmedia":[{"embeddable":true,"href":"https:\/\/agrotechtyres.com\/pl\/wp-json\/wp\/v2\/media\/37776"}],"wp:attachment":[{"href":"https:\/\/agrotechtyres.com\/pl\/wp-json\/wp\/v2\/media?parent=43279"}],"wp:term":[{"taxonomy":"product_brand","embeddable":true,"href":"https:\/\/agrotechtyres.com\/pl\/wp-json\/wp\/v2\/product_brand?post=43279"},{"taxonomy":"product_cat","embeddable":true,"href":"https:\/\/agrotechtyres.com\/pl\/wp-json\/wp\/v2\/product_cat?post=43279"},{"taxonomy":"product_tag","embeddable":true,"href":"https:\/\/agrotechtyres.com\/pl\/wp-json\/wp\/v2\/product_tag?post=43279"}],"curies":[{"name":"wp","href":"https:\/\/api.w.org\/{rel}","templated":true}]}}