{"id":43264,"date":"2026-04-29T00:55:37","date_gmt":"2026-04-29T00:55:37","guid":{"rendered":"https:\/\/agrotechtyres.com\/product\/425-85r21-22pr-162c-cs100-westlake-tl-and-set-opona\/"},"modified":"2026-04-29T00:55:37","modified_gmt":"2026-04-29T00:55:37","slug":"425-85r21-22pr-162c-cs100-westlake-tl-and-set-opona","status":"publish","type":"product","link":"https:\/\/agrotechtyres.com\/pl\/produkt\/425-85r21-22pr-162c-cs100-westlake-tl-and-set-opona\/","title":{"rendered":"425\/85R21-22PR(162C) CS100 WESTLAKE TL&#038;SET Opona"},"content":{"rendered":"<p>425\/85R21-22PR(162C) CS100 WESTLAKE TL&amp;SET Opona to opona radialna TL przeznaczona do \u0142adowarek, maszyn przemys\u0142owych i budowlanych. Zapewnia stabiln\u0105 prac\u0119, dobr\u0105 trwa\u0142o\u015b\u0107 i niezawodne u\u017cytkowanie w maszynach rolniczych, przemys\u0142owych oraz budowlanych.<\/p>\n<p>Najwa\u017cniejsze parametry: rozmiar 425\/85R21, marka WESTLAKE, model () CS100, konstrukcja radialna, wersja TL. Sprawd\u017a dost\u0119pno\u015b\u0107 i mo\u017cliwo\u015bci dostawy z AgroTech Solution.<\/p>\n","protected":false},"excerpt":{"rendered":"<p>Opona budowlana do \u0142adowarek, maszyn przemys\u0142owych i budowlanych, zaprojektowana z my\u015bl\u0105 o niezawodnej pracy w wymagaj\u0105cych warunkach.<\/p>\n","protected":false},"featured_media":37924,"comment_status":"open","ping_status":"closed","template":"","meta":{"inline_featured_image":false},"product_brand":[],"product_cat":[2621],"product_tag":[2229,2231,2230,2228,1662,1663,1696,1665,1670],"class_list":{"0":"post-43264","1":"product","2":"type-product","3":"status-publish","4":"has-post-thumbnail","6":"product_cat-opony-budowlane","7":"product_tag-cs100","8":"product_tag-162c","9":"product_tag-22pr","10":"product_tag-425-85r21","11":"product_tag-construction","12":"product_tag-cwl-other-industrial-construction","13":"product_tag-radial","14":"product_tag-tl","15":"product_tag-westlake","16":"pa_application-cwl-inne-przemyslowe-i-budowlane","17":"pa_brand-westlake","18":"pa_construction-radialna","19":"pa_load-index-162c-pl-2","20":"pa_model-cs100-2-pl","21":"pa_pr-22-pl-2","22":"pa_profile-85-pl-2","23":"pa_rim-diameter-21-pl-2","24":"pa_tl-tt-tl-pl","25":"pa_tyre-size-425-85r21-pl","26":"pa_width-425-pl-2","28":"first","29":"instock","30":"taxable","31":"shipping-taxable","32":"purchasable","33":"product-type-simple"},"_links":{"self":[{"href":"https:\/\/agrotechtyres.com\/pl\/wp-json\/wp\/v2\/product\/43264","targetHints":{"allow":["GET"]}}],"collection":[{"href":"https:\/\/agrotechtyres.com\/pl\/wp-json\/wp\/v2\/product"}],"about":[{"href":"https:\/\/agrotechtyres.com\/pl\/wp-json\/wp\/v2\/types\/product"}],"replies":[{"embeddable":true,"href":"https:\/\/agrotechtyres.com\/pl\/wp-json\/wp\/v2\/comments?post=43264"}],"version-history":[{"count":0,"href":"https:\/\/agrotechtyres.com\/pl\/wp-json\/wp\/v2\/product\/43264\/revisions"}],"wp:featuredmedia":[{"embeddable":true,"href":"https:\/\/agrotechtyres.com\/pl\/wp-json\/wp\/v2\/media\/37924"}],"wp:attachment":[{"href":"https:\/\/agrotechtyres.com\/pl\/wp-json\/wp\/v2\/media?parent=43264"}],"wp:term":[{"taxonomy":"product_brand","embeddable":true,"href":"https:\/\/agrotechtyres.com\/pl\/wp-json\/wp\/v2\/product_brand?post=43264"},{"taxonomy":"product_cat","embeddable":true,"href":"https:\/\/agrotechtyres.com\/pl\/wp-json\/wp\/v2\/product_cat?post=43264"},{"taxonomy":"product_tag","embeddable":true,"href":"https:\/\/agrotechtyres.com\/pl\/wp-json\/wp\/v2\/product_tag?post=43264"}],"curies":[{"name":"wp","href":"https:\/\/api.w.org\/{rel}","templated":true}]}}