{"id":43257,"date":"2026-04-29T00:55:36","date_gmt":"2026-04-29T00:55:36","guid":{"rendered":"https:\/\/agrotechtyres.com\/product\/405-70r20-ceat-loadpro-hard-surface-149a8b-sb-opona\/"},"modified":"2026-04-29T00:55:36","modified_gmt":"2026-04-29T00:55:36","slug":"405-70r20-ceat-loadpro-hard-surface-149a8b-sb-opona","status":"publish","type":"product","link":"https:\/\/agrotechtyres.com\/pl\/produkt\/405-70r20-ceat-loadpro-hard-surface-149a8b-sb-opona\/","title":{"rendered":"405\/70R20 CEAT LOADPRO HARD SURFACE 149A8B SB Opona"},"content":{"rendered":"<p>405\/70R20 CEAT LOADPRO HARD SURFACE 149A8B SB Opona to opona radialna TL przeznaczona do \u0142adowarek, maszyn przemys\u0142owych i budowlanych. Zapewnia stabiln\u0105 prac\u0119, dobr\u0105 trwa\u0142o\u015b\u0107 i niezawodne u\u017cytkowanie w maszynach rolniczych, przemys\u0142owych oraz budowlanych.<\/p>\n<p>Najwa\u017cniejsze parametry: rozmiar 405\/70R20, marka CEAT, model LOADPRO HARD SURFACE 149A8B, konstrukcja radialna, wersja TL. Sprawd\u017a dost\u0119pno\u015b\u0107 i mo\u017cliwo\u015bci dostawy z AgroTech Solution.<\/p>\n","protected":false},"excerpt":{"rendered":"<p>Opona budowlana do \u0142adowarek, maszyn przemys\u0142owych i budowlanych, zaprojektowana z my\u015bl\u0105 o niezawodnej pracy w wymagaj\u0105cych warunkach.<\/p>\n","protected":false},"featured_media":38200,"comment_status":"open","ping_status":"closed","template":"","meta":{"inline_featured_image":false},"product_brand":[],"product_cat":[2621],"product_tag":[2218,2215,1680,1662,1663,2217,1696,1665],"class_list":{"0":"post-43257","1":"product","2":"type-product","3":"status-publish","4":"has-post-thumbnail","6":"product_cat-opony-budowlane","7":"product_tag-149a8b","8":"product_tag-405-70r20","9":"product_tag-ceat","10":"product_tag-construction","11":"product_tag-cwl-other-industrial-construction","12":"product_tag-loadpro-hard-surface-149a8b","13":"product_tag-radial","14":"product_tag-tl","15":"pa_application-cwl-inne-przemyslowe-i-budowlane","16":"pa_brand-ceat","17":"pa_construction-radialna","18":"pa_load-index-149a8b-pl-2","19":"pa_model-loadpro-hard-surface-149a8b-pl","20":"pa_profile-70-pl-2","21":"pa_rim-diameter-20-pl-2","22":"pa_tl-tt-tl-pl","23":"pa_tyre-size-405-70r20-pl","24":"pa_width-405-pl-2","26":"first","27":"instock","28":"taxable","29":"shipping-taxable","30":"purchasable","31":"product-type-simple"},"_links":{"self":[{"href":"https:\/\/agrotechtyres.com\/pl\/wp-json\/wp\/v2\/product\/43257","targetHints":{"allow":["GET"]}}],"collection":[{"href":"https:\/\/agrotechtyres.com\/pl\/wp-json\/wp\/v2\/product"}],"about":[{"href":"https:\/\/agrotechtyres.com\/pl\/wp-json\/wp\/v2\/types\/product"}],"replies":[{"embeddable":true,"href":"https:\/\/agrotechtyres.com\/pl\/wp-json\/wp\/v2\/comments?post=43257"}],"version-history":[{"count":0,"href":"https:\/\/agrotechtyres.com\/pl\/wp-json\/wp\/v2\/product\/43257\/revisions"}],"wp:featuredmedia":[{"embeddable":true,"href":"https:\/\/agrotechtyres.com\/pl\/wp-json\/wp\/v2\/media\/38200"}],"wp:attachment":[{"href":"https:\/\/agrotechtyres.com\/pl\/wp-json\/wp\/v2\/media?parent=43257"}],"wp:term":[{"taxonomy":"product_brand","embeddable":true,"href":"https:\/\/agrotechtyres.com\/pl\/wp-json\/wp\/v2\/product_brand?post=43257"},{"taxonomy":"product_cat","embeddable":true,"href":"https:\/\/agrotechtyres.com\/pl\/wp-json\/wp\/v2\/product_cat?post=43257"},{"taxonomy":"product_tag","embeddable":true,"href":"https:\/\/agrotechtyres.com\/pl\/wp-json\/wp\/v2\/product_tag?post=43257"}],"curies":[{"name":"wp","href":"https:\/\/api.w.org\/{rel}","templated":true}]}}