{"id":43231,"date":"2026-04-29T00:55:25","date_gmt":"2026-04-29T00:55:25","guid":{"rendered":"https:\/\/agrotechtyres.com\/product\/365-70r18-146a2-135b-cb796-westlake-tl-eu-opona\/"},"modified":"2026-04-29T00:55:25","modified_gmt":"2026-04-29T00:55:25","slug":"365-70r18-146a2-135b-cb796-westlake-tl-eu-opona","status":"publish","type":"product","link":"https:\/\/agrotechtyres.com\/pl\/produkt\/365-70r18-146a2-135b-cb796-westlake-tl-eu-opona\/","title":{"rendered":"365\/70R18 (146A2\/135B) CB796 WESTLAKE TL EU Opona"},"content":{"rendered":"<p>365\/70R18 (146A2\/135B) CB796 WESTLAKE TL EU Opona to opona radialna TL przeznaczona do maszyn do rob\u00f3t ziemnych. Zapewnia stabiln\u0105 prac\u0119, dobr\u0105 trwa\u0142o\u015b\u0107 i niezawodne u\u017cytkowanie w maszynach rolniczych, przemys\u0142owych oraz budowlanych.<\/p>\n<p>Najwa\u017cniejsze parametry: rozmiar 365\/70R18, marka WESTLAKE, model CB796 EU, konstrukcja radialna, wersja TL. Sprawd\u017a dost\u0119pno\u015b\u0107 i mo\u017cliwo\u015bci dostawy z AgroTech Solution.<\/p>\n","protected":false},"excerpt":{"rendered":"<p>Opona g\u00f3rnicza do maszyn do rob\u00f3t ziemnych, zaprojektowana z my\u015bl\u0105 o niezawodnej pracy w wymagaj\u0105cych warunkach.<\/p>\n","protected":false},"featured_media":37712,"comment_status":"open","ping_status":"closed","template":"","meta":{"inline_featured_image":false},"product_brand":[],"product_cat":[2624],"product_tag":[2137,2135,2136,1867,1866,1696,1665,1670],"class_list":{"0":"post-43231","1":"product","2":"type-product","3":"status-publish","4":"has-post-thumbnail","6":"product_cat-opony-gornicze","7":"product_tag-146a2-135b","8":"product_tag-365-70r18","9":"product_tag-cb796-eu","10":"product_tag-earthmover","11":"product_tag-mining","12":"product_tag-radial","13":"product_tag-tl","14":"product_tag-westlake","15":"pa_application-maszyny-ziemne","16":"pa_brand-westlake","17":"pa_construction-radialna","18":"pa_load-index-146a2-135b-pl-2","19":"pa_model-cb796-eu-pl","20":"pa_profile-70-pl-2","21":"pa_rim-diameter-18-pl-2","22":"pa_tl-tt-tl-pl","23":"pa_tread-type-r1-pl-2","24":"pa_tyre-size-365-70r18-pl","25":"pa_width-365-pl-2","27":"first","28":"instock","29":"taxable","30":"shipping-taxable","31":"purchasable","32":"product-type-simple"},"_links":{"self":[{"href":"https:\/\/agrotechtyres.com\/pl\/wp-json\/wp\/v2\/product\/43231","targetHints":{"allow":["GET"]}}],"collection":[{"href":"https:\/\/agrotechtyres.com\/pl\/wp-json\/wp\/v2\/product"}],"about":[{"href":"https:\/\/agrotechtyres.com\/pl\/wp-json\/wp\/v2\/types\/product"}],"replies":[{"embeddable":true,"href":"https:\/\/agrotechtyres.com\/pl\/wp-json\/wp\/v2\/comments?post=43231"}],"version-history":[{"count":0,"href":"https:\/\/agrotechtyres.com\/pl\/wp-json\/wp\/v2\/product\/43231\/revisions"}],"wp:featuredmedia":[{"embeddable":true,"href":"https:\/\/agrotechtyres.com\/pl\/wp-json\/wp\/v2\/media\/37712"}],"wp:attachment":[{"href":"https:\/\/agrotechtyres.com\/pl\/wp-json\/wp\/v2\/media?parent=43231"}],"wp:term":[{"taxonomy":"product_brand","embeddable":true,"href":"https:\/\/agrotechtyres.com\/pl\/wp-json\/wp\/v2\/product_brand?post=43231"},{"taxonomy":"product_cat","embeddable":true,"href":"https:\/\/agrotechtyres.com\/pl\/wp-json\/wp\/v2\/product_cat?post=43231"},{"taxonomy":"product_tag","embeddable":true,"href":"https:\/\/agrotechtyres.com\/pl\/wp-json\/wp\/v2\/product_tag?post=43231"}],"curies":[{"name":"wp","href":"https:\/\/api.w.org\/{rel}","templated":true}]}}