{"id":43226,"date":"2026-04-29T00:55:24","date_gmt":"2026-04-29T00:55:24","guid":{"rendered":"https:\/\/agrotechtyres.com\/product\/35-65-33-36pr-el27-westlake-tl-and-set-air-seal-ring-opona\/"},"modified":"2026-04-29T00:55:24","modified_gmt":"2026-04-29T00:55:24","slug":"35-65-33-36pr-el27-westlake-tl-and-set-air-seal-ring-opona","status":"publish","type":"product","link":"https:\/\/agrotechtyres.com\/pl\/produkt\/35-65-33-36pr-el27-westlake-tl-and-set-air-seal-ring-opona\/","title":{"rendered":"35\/65-33-36PR EL27 WESTLAKE TL&#038;SET Air Seal Ring Opona"},"content":{"rendered":"<p>35\/65-33-36PR EL27 WESTLAKE TL&amp;SET Air Seal Ring Opona to opona diagonalna TL przeznaczona do \u0142adowarek, maszyn przemys\u0142owych i budowlanych. Zapewnia stabiln\u0105 prac\u0119, dobr\u0105 trwa\u0142o\u015b\u0107 i niezawodne u\u017cytkowanie w maszynach rolniczych, przemys\u0142owych oraz budowlanych.<\/p>\n<p>Najwa\u017cniejsze parametry: rozmiar 35\/65-33, marka WESTLAKE, model EL27 &amp; Air Seal Ring, konstrukcja diagonalna, wersja TL. Sprawd\u017a dost\u0119pno\u015b\u0107 i mo\u017cliwo\u015bci dostawy z AgroTech Solution.<\/p>\n","protected":false},"excerpt":{"rendered":"<p>Opona budowlana do \u0142adowarek, maszyn przemys\u0142owych i budowlanych, zaprojektowana z my\u015bl\u0105 o niezawodnej pracy w wymagaj\u0105cych warunkach.<\/p>\n","protected":false},"featured_media":38316,"comment_status":"open","ping_status":"closed","template":"","meta":{"inline_featured_image":false},"product_brand":[],"product_cat":[2621],"product_tag":[2125,1836,1664,1662,1663,2126,1665,1670],"class_list":{"0":"post-43226","1":"product","2":"type-product","3":"status-publish","4":"has-post-thumbnail","6":"product_cat-opony-budowlane","7":"product_tag-35-65-33","8":"product_tag-36pr","9":"product_tag-bias","10":"product_tag-construction","11":"product_tag-cwl-other-industrial-construction","12":"product_tag-el27-air-seal-ring","13":"product_tag-tl","14":"product_tag-westlake","15":"pa_application-cwl-inne-przemyslowe-i-budowlane","16":"pa_brand-westlake","17":"pa_construction-diagonalna","18":"pa_model-el27-air-seal-ring-pl","19":"pa_pr-36-pl-2","20":"pa_profile-65-pl-2","21":"pa_rim-diameter-33-pl-2","22":"pa_tl-tt-tl-pl","23":"pa_tyre-size-35-65-33-pl","24":"pa_width-35-pl-2","26":"first","27":"instock","28":"taxable","29":"shipping-taxable","30":"purchasable","31":"product-type-simple"},"_links":{"self":[{"href":"https:\/\/agrotechtyres.com\/pl\/wp-json\/wp\/v2\/product\/43226","targetHints":{"allow":["GET"]}}],"collection":[{"href":"https:\/\/agrotechtyres.com\/pl\/wp-json\/wp\/v2\/product"}],"about":[{"href":"https:\/\/agrotechtyres.com\/pl\/wp-json\/wp\/v2\/types\/product"}],"replies":[{"embeddable":true,"href":"https:\/\/agrotechtyres.com\/pl\/wp-json\/wp\/v2\/comments?post=43226"}],"version-history":[{"count":0,"href":"https:\/\/agrotechtyres.com\/pl\/wp-json\/wp\/v2\/product\/43226\/revisions"}],"wp:featuredmedia":[{"embeddable":true,"href":"https:\/\/agrotechtyres.com\/pl\/wp-json\/wp\/v2\/media\/38316"}],"wp:attachment":[{"href":"https:\/\/agrotechtyres.com\/pl\/wp-json\/wp\/v2\/media?parent=43226"}],"wp:term":[{"taxonomy":"product_brand","embeddable":true,"href":"https:\/\/agrotechtyres.com\/pl\/wp-json\/wp\/v2\/product_brand?post=43226"},{"taxonomy":"product_cat","embeddable":true,"href":"https:\/\/agrotechtyres.com\/pl\/wp-json\/wp\/v2\/product_cat?post=43226"},{"taxonomy":"product_tag","embeddable":true,"href":"https:\/\/agrotechtyres.com\/pl\/wp-json\/wp\/v2\/product_tag?post=43226"}],"curies":[{"name":"wp","href":"https:\/\/api.w.org\/{rel}","templated":true}]}}