{"id":43222,"date":"2026-04-29T00:55:23","date_gmt":"2026-04-29T00:55:23","guid":{"rendered":"https:\/\/agrotechtyres.com\/product\/340-85r24-ceat-farmax-r85-tl-125a8-b-opona\/"},"modified":"2026-04-29T00:55:23","modified_gmt":"2026-04-29T00:55:23","slug":"340-85r24-ceat-farmax-r85-tl-125a8-b-opona","status":"publish","type":"product","link":"https:\/\/agrotechtyres.com\/pl\/produkt\/340-85r24-ceat-farmax-r85-tl-125a8-b-opona\/","title":{"rendered":"340\/85R24 CEAT FARMAX R85 TL 125A8\/B Opona"},"content":{"rendered":"<p>340\/85R24 CEAT FARMAX R85 TL 125A8\/B Opona to opona radialna TL przeznaczona do ci\u0105gnik\u00f3w. Zapewnia stabiln\u0105 prac\u0119, dobr\u0105 trwa\u0142o\u015b\u0107 i niezawodne u\u017cytkowanie w maszynach rolniczych, przemys\u0142owych oraz budowlanych.<\/p>\n<p>Najwa\u017cniejsze parametry: rozmiar 340\/85R24, marka CEAT, model FARMAX R85 \/B, konstrukcja radialna, wersja TL. Sprawd\u017a dost\u0119pno\u015b\u0107 i mo\u017cliwo\u015bci dostawy z AgroTech Solution.<\/p>\n","protected":false},"excerpt":{"rendered":"<p>Opona rolnicza do ci\u0105gnik\u00f3w, zaprojektowana z my\u015bl\u0105 o niezawodnej pracy w wymagaj\u0105cych warunkach.<\/p>\n","protected":false},"featured_media":38272,"comment_status":"open","ping_status":"closed","template":"","meta":{"inline_featured_image":false},"product_brand":[],"product_cat":[1624],"product_tag":[2119,2118,1702,1680,2051,1696,1665,1703],"class_list":{"0":"post-43222","1":"product","2":"type-product","3":"status-publish","4":"has-post-thumbnail","6":"product_cat-opony-rolnicze","7":"product_tag-125a8","8":"product_tag-340-85r24","9":"product_tag-agriculture","10":"product_tag-ceat","11":"product_tag-farmax-r85-b","12":"product_tag-radial","13":"product_tag-tl","14":"product_tag-tractor","15":"pa_application-ciagnik","16":"pa_brand-ceat","17":"pa_construction-radialna","18":"pa_load-index-125a8-pl-2","19":"pa_model-farmax-r85-b-pl","20":"pa_profile-85-pl-2","21":"pa_rim-diameter-24-pl","22":"pa_tl-tt-tl-pl","23":"pa_tyre-size-340-85r24-pl","24":"pa_width-340-pl-2","26":"first","27":"instock","28":"taxable","29":"shipping-taxable","30":"purchasable","31":"product-type-simple"},"_links":{"self":[{"href":"https:\/\/agrotechtyres.com\/pl\/wp-json\/wp\/v2\/product\/43222","targetHints":{"allow":["GET"]}}],"collection":[{"href":"https:\/\/agrotechtyres.com\/pl\/wp-json\/wp\/v2\/product"}],"about":[{"href":"https:\/\/agrotechtyres.com\/pl\/wp-json\/wp\/v2\/types\/product"}],"replies":[{"embeddable":true,"href":"https:\/\/agrotechtyres.com\/pl\/wp-json\/wp\/v2\/comments?post=43222"}],"version-history":[{"count":0,"href":"https:\/\/agrotechtyres.com\/pl\/wp-json\/wp\/v2\/product\/43222\/revisions"}],"wp:featuredmedia":[{"embeddable":true,"href":"https:\/\/agrotechtyres.com\/pl\/wp-json\/wp\/v2\/media\/38272"}],"wp:attachment":[{"href":"https:\/\/agrotechtyres.com\/pl\/wp-json\/wp\/v2\/media?parent=43222"}],"wp:term":[{"taxonomy":"product_brand","embeddable":true,"href":"https:\/\/agrotechtyres.com\/pl\/wp-json\/wp\/v2\/product_brand?post=43222"},{"taxonomy":"product_cat","embeddable":true,"href":"https:\/\/agrotechtyres.com\/pl\/wp-json\/wp\/v2\/product_cat?post=43222"},{"taxonomy":"product_tag","embeddable":true,"href":"https:\/\/agrotechtyres.com\/pl\/wp-json\/wp\/v2\/product_tag?post=43222"}],"curies":[{"name":"wp","href":"https:\/\/api.w.org\/{rel}","templated":true}]}}