{"id":43201,"date":"2026-04-29T00:55:20","date_gmt":"2026-04-29T00:55:20","guid":{"rendered":"https:\/\/agrotechtyres.com\/product\/29-5r25-216a2-cb773-westlake-l5-tl-cutting-resistance-eu-and-set-air-seal-ring-opona\/"},"modified":"2026-04-29T00:55:20","modified_gmt":"2026-04-29T00:55:20","slug":"29-5r25-216a2-cb773-westlake-l5-tl-cutting-resistance-eu-and-set-air-seal-ring-opona","status":"publish","type":"product","link":"https:\/\/agrotechtyres.com\/pl\/produkt\/29-5r25-216a2-cb773-westlake-l5-tl-cutting-resistance-eu-and-set-air-seal-ring-opona\/","title":{"rendered":"29.5R25 ( 216A2) CB773 WESTLAKE L5 TL Cutting Resistance EU&#038;SET Air Seal Ring Opona"},"content":{"rendered":"<p>29.5R25 ( 216A2) CB773 WESTLAKE L5 TL Cutting Resistance EU&amp;SET Air Seal Ring Opona to opona radialna TL przeznaczona do maszyn do rob\u00f3t ziemnych. Zapewnia stabiln\u0105 prac\u0119, dobr\u0105 trwa\u0142o\u015b\u0107 i niezawodne u\u017cytkowanie w maszynach rolniczych, przemys\u0142owych oraz budowlanych.<\/p>\n<p>Najwa\u017cniejsze parametry: rozmiar 29.5R25, marka WESTLAKE, model CB773 L5 Cutting Resistance Air Seal Ring, konstrukcja radialna, wersja TL. Sprawd\u017a dost\u0119pno\u015b\u0107 i mo\u017cliwo\u015bci dostawy z AgroTech Solution.<\/p>\n","protected":false},"excerpt":{"rendered":"<p>Opona g\u00f3rnicza do maszyn do rob\u00f3t ziemnych, zaprojektowana z my\u015bl\u0105 o niezawodnej pracy w wymagaj\u0105cych warunkach.<\/p>\n","protected":false},"featured_media":38608,"comment_status":"open","ping_status":"closed","template":"","meta":{"inline_featured_image":false},"product_brand":[],"product_cat":[2624],"product_tag":[2063,2062,1978,1867,1866,1696,1665,1670],"class_list":{"0":"post-43201","1":"product","2":"type-product","3":"status-publish","4":"has-post-thumbnail","6":"product_cat-opony-gornicze","7":"product_tag-216a2","8":"product_tag-29-5r25","9":"product_tag-cb773-l5-cutting-resistance-air-seal-ring","10":"product_tag-earthmover","11":"product_tag-mining","12":"product_tag-radial","13":"product_tag-tl","14":"product_tag-westlake","15":"pa_application-maszyny-ziemne","16":"pa_brand-westlake","17":"pa_construction-radialna","18":"pa_load-index-216a2-pl-2","19":"pa_model-cb773-l5-cutting-resistance-air-seal-ring-pl","20":"pa_tl-tt-tl-pl","21":"pa_tread-type-l5-pl-2","22":"pa_tyre-size-29-5r25-pl","24":"first","25":"instock","26":"taxable","27":"shipping-taxable","28":"purchasable","29":"product-type-simple"},"_links":{"self":[{"href":"https:\/\/agrotechtyres.com\/pl\/wp-json\/wp\/v2\/product\/43201","targetHints":{"allow":["GET"]}}],"collection":[{"href":"https:\/\/agrotechtyres.com\/pl\/wp-json\/wp\/v2\/product"}],"about":[{"href":"https:\/\/agrotechtyres.com\/pl\/wp-json\/wp\/v2\/types\/product"}],"replies":[{"embeddable":true,"href":"https:\/\/agrotechtyres.com\/pl\/wp-json\/wp\/v2\/comments?post=43201"}],"version-history":[{"count":0,"href":"https:\/\/agrotechtyres.com\/pl\/wp-json\/wp\/v2\/product\/43201\/revisions"}],"wp:featuredmedia":[{"embeddable":true,"href":"https:\/\/agrotechtyres.com\/pl\/wp-json\/wp\/v2\/media\/38608"}],"wp:attachment":[{"href":"https:\/\/agrotechtyres.com\/pl\/wp-json\/wp\/v2\/media?parent=43201"}],"wp:term":[{"taxonomy":"product_brand","embeddable":true,"href":"https:\/\/agrotechtyres.com\/pl\/wp-json\/wp\/v2\/product_brand?post=43201"},{"taxonomy":"product_cat","embeddable":true,"href":"https:\/\/agrotechtyres.com\/pl\/wp-json\/wp\/v2\/product_cat?post=43201"},{"taxonomy":"product_tag","embeddable":true,"href":"https:\/\/agrotechtyres.com\/pl\/wp-json\/wp\/v2\/product_tag?post=43201"}],"curies":[{"name":"wp","href":"https:\/\/api.w.org\/{rel}","templated":true}]}}