{"id":43196,"date":"2026-04-29T00:55:19","date_gmt":"2026-04-29T00:55:19","guid":{"rendered":"https:\/\/agrotechtyres.com\/product\/28l-26-ceat-12pr-yieldmax-23-tl-opona\/"},"modified":"2026-04-29T00:55:19","modified_gmt":"2026-04-29T00:55:19","slug":"28l-26-ceat-12pr-yieldmax-23-tl-opona","status":"publish","type":"product","link":"https:\/\/agrotechtyres.com\/pl\/produkt\/28l-26-ceat-12pr-yieldmax-23-tl-opona\/","title":{"rendered":"28L-26 CEAT 12PR YIELDMAX 23? TL Opona"},"content":{"rendered":"<p>28L-26 CEAT 12PR YIELDMAX 23? TL Opona to opona diagonalna TL przeznaczona do maszyn i narz\u0119dzi rolniczych. Zapewnia stabiln\u0105 prac\u0119, dobr\u0105 trwa\u0142o\u015b\u0107 i niezawodne u\u017cytkowanie w maszynach rolniczych, przemys\u0142owych oraz budowlanych.<\/p>\n<p>Najwa\u017cniejsze parametry: rozmiar 28L-26, marka CEAT, model YIELDMAX 23?, konstrukcja diagonalna, wersja TL. Sprawd\u017a dost\u0119pno\u015b\u0107 i mo\u017cliwo\u015bci dostawy z AgroTech Solution.<\/p>\n","protected":false},"excerpt":{"rendered":"<p>Opona rolniczo-przemys\u0142owa do maszyn i narz\u0119dzi rolniczych, zaprojektowana z my\u015bl\u0105 o niezawodnej pracy w wymagaj\u0105cych warunkach.<\/p>\n","protected":false},"featured_media":38240,"comment_status":"open","ping_status":"closed","template":"","meta":{"inline_featured_image":false},"product_brand":[],"product_cat":[2620],"product_tag":[1668,2055,2053,1675,1664,1680,1676,1665,2054],"class_list":{"0":"post-43196","1":"product","2":"type-product","3":"status-publish","4":"has-post-thumbnail","6":"product_cat-opony-agroprzemyslowe","7":"product_tag-12pr","8":"product_tag-28l","9":"product_tag-28l-26","10":"product_tag-agro-industrial","11":"product_tag-bias","12":"product_tag-ceat","13":"product_tag-implement","14":"product_tag-tl","15":"product_tag-yieldmax-23","16":"pa_application-maszyny-rolnicze","17":"pa_brand-ceat","18":"pa_construction-diagonalna","19":"pa_load-index-28l-pl","20":"pa_model-yieldmax-23-pl","21":"pa_pr-12-pl-2","22":"pa_rim-diameter-26-pl-2","23":"pa_tl-tt-tl-pl","24":"pa_tyre-size-28l-26-pl","25":"pa_width-28-pl-2","27":"first","28":"instock","29":"taxable","30":"shipping-taxable","31":"purchasable","32":"product-type-simple"},"_links":{"self":[{"href":"https:\/\/agrotechtyres.com\/pl\/wp-json\/wp\/v2\/product\/43196","targetHints":{"allow":["GET"]}}],"collection":[{"href":"https:\/\/agrotechtyres.com\/pl\/wp-json\/wp\/v2\/product"}],"about":[{"href":"https:\/\/agrotechtyres.com\/pl\/wp-json\/wp\/v2\/types\/product"}],"replies":[{"embeddable":true,"href":"https:\/\/agrotechtyres.com\/pl\/wp-json\/wp\/v2\/comments?post=43196"}],"version-history":[{"count":0,"href":"https:\/\/agrotechtyres.com\/pl\/wp-json\/wp\/v2\/product\/43196\/revisions"}],"wp:featuredmedia":[{"embeddable":true,"href":"https:\/\/agrotechtyres.com\/pl\/wp-json\/wp\/v2\/media\/38240"}],"wp:attachment":[{"href":"https:\/\/agrotechtyres.com\/pl\/wp-json\/wp\/v2\/media?parent=43196"}],"wp:term":[{"taxonomy":"product_brand","embeddable":true,"href":"https:\/\/agrotechtyres.com\/pl\/wp-json\/wp\/v2\/product_brand?post=43196"},{"taxonomy":"product_cat","embeddable":true,"href":"https:\/\/agrotechtyres.com\/pl\/wp-json\/wp\/v2\/product_cat?post=43196"},{"taxonomy":"product_tag","embeddable":true,"href":"https:\/\/agrotechtyres.com\/pl\/wp-json\/wp\/v2\/product_tag?post=43196"}],"curies":[{"name":"wp","href":"https:\/\/api.w.org\/{rel}","templated":true}]}}