{"id":43191,"date":"2026-04-29T00:55:19","date_gmt":"2026-04-29T00:55:19","guid":{"rendered":"https:\/\/agrotechtyres.com\/product\/27x8-50-15-ceat-6pr-tyrock-super-x3-tl-opona\/"},"modified":"2026-04-29T00:55:19","modified_gmt":"2026-04-29T00:55:19","slug":"27x8-50-15-ceat-6pr-tyrock-super-x3-tl-opona","status":"publish","type":"product","link":"https:\/\/agrotechtyres.com\/pl\/produkt\/27x8-50-15-ceat-6pr-tyrock-super-x3-tl-opona\/","title":{"rendered":"27X8.50-15 CEAT 6PR TYROCK SUPER X3 TL Opona"},"content":{"rendered":"<p>27X8.50-15 CEAT 6PR TYROCK SUPER X3 TL Opona to opona diagonalna TL przeznaczona do \u0142adowarek, maszyn przemys\u0142owych i budowlanych. Zapewnia stabiln\u0105 prac\u0119, dobr\u0105 trwa\u0142o\u015b\u0107 i niezawodne u\u017cytkowanie w maszynach rolniczych, przemys\u0142owych oraz budowlanych.<\/p>\n<p>Najwa\u017cniejsze parametry: rozmiar 27X8.50-15, marka CEAT, model TYROCK SUPER X3, konstrukcja diagonalna, wersja TL. Sprawd\u017a dost\u0119pno\u015b\u0107 i mo\u017cliwo\u015bci dostawy z AgroTech Solution.<\/p>\n","protected":false},"excerpt":{"rendered":"<p>Opona budowlana do \u0142adowarek, maszyn przemys\u0142owych i budowlanych, zaprojektowana z my\u015bl\u0105 o niezawodnej pracy w wymagaj\u0105cych warunkach.<\/p>\n","protected":false},"featured_media":37988,"comment_status":"open","ping_status":"closed","template":"","meta":{"inline_featured_image":false},"product_brand":[],"product_cat":[2621],"product_tag":[2042,2041,1862,1664,1680,1662,1663,1665,1843],"class_list":{"0":"post-43191","1":"product","2":"type-product","3":"status-publish","4":"has-post-thumbnail","6":"product_cat-opony-budowlane","7":"product_tag-27x8","8":"product_tag-27x8-50-15","9":"product_tag-6pr","10":"product_tag-bias","11":"product_tag-ceat","12":"product_tag-construction","13":"product_tag-cwl-other-industrial-construction","14":"product_tag-tl","15":"product_tag-tyrock-super-x3","16":"pa_application-cwl-inne-przemyslowe-i-budowlane","17":"pa_brand-ceat","18":"pa_construction-diagonalna","19":"pa_load-index-27x8-pl-2","20":"pa_model-tyrock-super-x3-pl","21":"pa_pr-6-pl-2","22":"pa_rim-diameter-15-pl","23":"pa_tl-tt-tl-pl","24":"pa_tyre-size-27x8-50-15-pl","25":"pa_width-8-5-pl-2","27":"first","28":"instock","29":"taxable","30":"shipping-taxable","31":"purchasable","32":"product-type-simple"},"_links":{"self":[{"href":"https:\/\/agrotechtyres.com\/pl\/wp-json\/wp\/v2\/product\/43191","targetHints":{"allow":["GET"]}}],"collection":[{"href":"https:\/\/agrotechtyres.com\/pl\/wp-json\/wp\/v2\/product"}],"about":[{"href":"https:\/\/agrotechtyres.com\/pl\/wp-json\/wp\/v2\/types\/product"}],"replies":[{"embeddable":true,"href":"https:\/\/agrotechtyres.com\/pl\/wp-json\/wp\/v2\/comments?post=43191"}],"version-history":[{"count":0,"href":"https:\/\/agrotechtyres.com\/pl\/wp-json\/wp\/v2\/product\/43191\/revisions"}],"wp:featuredmedia":[{"embeddable":true,"href":"https:\/\/agrotechtyres.com\/pl\/wp-json\/wp\/v2\/media\/37988"}],"wp:attachment":[{"href":"https:\/\/agrotechtyres.com\/pl\/wp-json\/wp\/v2\/media?parent=43191"}],"wp:term":[{"taxonomy":"product_brand","embeddable":true,"href":"https:\/\/agrotechtyres.com\/pl\/wp-json\/wp\/v2\/product_brand?post=43191"},{"taxonomy":"product_cat","embeddable":true,"href":"https:\/\/agrotechtyres.com\/pl\/wp-json\/wp\/v2\/product_cat?post=43191"},{"taxonomy":"product_tag","embeddable":true,"href":"https:\/\/agrotechtyres.com\/pl\/wp-json\/wp\/v2\/product_tag?post=43191"}],"curies":[{"name":"wp","href":"https:\/\/api.w.org\/{rel}","templated":true}]}}