{"id":43190,"date":"2026-04-29T00:55:18","date_gmt":"2026-04-29T00:55:18","guid":{"rendered":"https:\/\/agrotechtyres.com\/product\/27-10-12-8-0r-cl403s-westlake-simple-opona\/"},"modified":"2026-04-29T00:55:18","modified_gmt":"2026-04-29T00:55:18","slug":"27-10-12-8-0r-cl403s-westlake-simple-opona","status":"publish","type":"product","link":"https:\/\/agrotechtyres.com\/pl\/produkt\/27-10-12-8-0r-cl403s-westlake-simple-opona\/","title":{"rendered":"27?10-12\/8.0R CL403S WESTLAKE SIMPLE Opona"},"content":{"rendered":"<p>27?10-12\/8.0R CL403S WESTLAKE SIMPLE Opona to opona diagonalna TL przeznaczona do w\u00f3zk\u00f3w wid\u0142owych. Zapewnia stabiln\u0105 prac\u0119, dobr\u0105 trwa\u0142o\u015b\u0107 i niezawodne u\u017cytkowanie w maszynach rolniczych, przemys\u0142owych oraz budowlanych.<\/p>\n<p>Najwa\u017cniejsze parametry: marka WESTLAKE, model 27?10-12\/8.0R CL403S SIMPLE, konstrukcja diagonalna, wersja TL. Sprawd\u017a dost\u0119pno\u015b\u0107 i mo\u017cliwo\u015bci dostawy z AgroTech Solution.<\/p>\n","protected":false},"excerpt":{"rendered":"<p>Opona przemys\u0142owa do w\u00f3zk\u00f3w wid\u0142owych, zaprojektowana z my\u015bl\u0105 o niezawodnej pracy w wymagaj\u0105cych warunkach.<\/p>\n","protected":false},"featured_media":38619,"comment_status":"open","ping_status":"closed","template":"","meta":{"inline_featured_image":false},"product_brand":[],"product_cat":[2622],"product_tag":[2040,1664,1857,1856,1665,1670],"class_list":{"0":"post-43190","1":"product","2":"type-product","3":"status-publish","4":"has-post-thumbnail","6":"product_cat-opony-przemyslowe","7":"product_tag-2710-12-8-0r-cl403s-simple","8":"product_tag-bias","9":"product_tag-forklift","10":"product_tag-industrial","11":"product_tag-tl","12":"product_tag-westlake","13":"pa_application-wozek-widlowy","14":"pa_brand-westlake","15":"pa_construction-diagonalna","16":"pa_model-2710-12-8-0r-cl403s-simple-pl","17":"pa_tl-tt-tl-pl","18":"pa_tread-type-l4-pl","20":"first","21":"outofstock","22":"taxable","23":"shipping-taxable","24":"purchasable","25":"product-type-simple"},"_links":{"self":[{"href":"https:\/\/agrotechtyres.com\/pl\/wp-json\/wp\/v2\/product\/43190","targetHints":{"allow":["GET"]}}],"collection":[{"href":"https:\/\/agrotechtyres.com\/pl\/wp-json\/wp\/v2\/product"}],"about":[{"href":"https:\/\/agrotechtyres.com\/pl\/wp-json\/wp\/v2\/types\/product"}],"replies":[{"embeddable":true,"href":"https:\/\/agrotechtyres.com\/pl\/wp-json\/wp\/v2\/comments?post=43190"}],"version-history":[{"count":0,"href":"https:\/\/agrotechtyres.com\/pl\/wp-json\/wp\/v2\/product\/43190\/revisions"}],"wp:featuredmedia":[{"embeddable":true,"href":"https:\/\/agrotechtyres.com\/pl\/wp-json\/wp\/v2\/media\/38619"}],"wp:attachment":[{"href":"https:\/\/agrotechtyres.com\/pl\/wp-json\/wp\/v2\/media?parent=43190"}],"wp:term":[{"taxonomy":"product_brand","embeddable":true,"href":"https:\/\/agrotechtyres.com\/pl\/wp-json\/wp\/v2\/product_brand?post=43190"},{"taxonomy":"product_cat","embeddable":true,"href":"https:\/\/agrotechtyres.com\/pl\/wp-json\/wp\/v2\/product_cat?post=43190"},{"taxonomy":"product_tag","embeddable":true,"href":"https:\/\/agrotechtyres.com\/pl\/wp-json\/wp\/v2\/product_tag?post=43190"}],"curies":[{"name":"wp","href":"https:\/\/api.w.org\/{rel}","templated":true}]}}