{"id":43185,"date":"2026-04-29T00:55:17","date_gmt":"2026-04-29T00:55:17","guid":{"rendered":"https:\/\/agrotechtyres.com\/product\/270-95r32-ceat-farmax-rc-tl-133d-opona\/"},"modified":"2026-04-29T00:55:17","modified_gmt":"2026-04-29T00:55:17","slug":"270-95r32-ceat-farmax-rc-tl-133d-opona","status":"publish","type":"product","link":"https:\/\/agrotechtyres.com\/pl\/produkt\/270-95r32-ceat-farmax-rc-tl-133d-opona\/","title":{"rendered":"270\/95R32 CEAT FARMAX RC TL 133D Opona"},"content":{"rendered":"<p>270\/95R32 CEAT FARMAX RC TL 133D Opona to opona radialna TL przeznaczona do ci\u0105gnik\u00f3w. Zapewnia stabiln\u0105 prac\u0119, dobr\u0105 trwa\u0142o\u015b\u0107 i niezawodne u\u017cytkowanie w maszynach rolniczych, przemys\u0142owych oraz budowlanych.<\/p>\n<p>Najwa\u017cniejsze parametry: rozmiar 270\/95R32, marka CEAT, model FARMAX RC, konstrukcja radialna, wersja TL. Sprawd\u017a dost\u0119pno\u015b\u0107 i mo\u017cliwo\u015bci dostawy z AgroTech Solution.<\/p>\n","protected":false},"excerpt":{"rendered":"<p>Opona rolnicza do ci\u0105gnik\u00f3w, zaprojektowana z my\u015bl\u0105 o niezawodnej pracy w wymagaj\u0105cych warunkach.<\/p>\n","protected":false},"featured_media":38080,"comment_status":"open","ping_status":"closed","template":"","meta":{"inline_featured_image":false},"product_brand":[],"product_cat":[1624],"product_tag":[1985,2031,1702,1680,1980,1696,1665,1703],"class_list":{"0":"post-43185","1":"product","2":"type-product","3":"status-publish","4":"has-post-thumbnail","6":"product_cat-opony-rolnicze","7":"product_tag-133d","8":"product_tag-270-95r32","9":"product_tag-agriculture","10":"product_tag-ceat","11":"product_tag-farmax-rc","12":"product_tag-radial","13":"product_tag-tl","14":"product_tag-tractor","15":"pa_application-ciagnik","16":"pa_brand-ceat","17":"pa_construction-radialna","18":"pa_load-index-133d-pl-2","19":"pa_model-farmax-rc-pl","20":"pa_profile-95-pl-2","21":"pa_rim-diameter-32-pl-2","22":"pa_tl-tt-tl-pl","23":"pa_tread-type-r3-pl","24":"pa_tyre-size-270-95r32-pl","25":"pa_width-270-pl-2","27":"first","28":"outofstock","29":"taxable","30":"shipping-taxable","31":"purchasable","32":"product-type-simple"},"_links":{"self":[{"href":"https:\/\/agrotechtyres.com\/pl\/wp-json\/wp\/v2\/product\/43185","targetHints":{"allow":["GET"]}}],"collection":[{"href":"https:\/\/agrotechtyres.com\/pl\/wp-json\/wp\/v2\/product"}],"about":[{"href":"https:\/\/agrotechtyres.com\/pl\/wp-json\/wp\/v2\/types\/product"}],"replies":[{"embeddable":true,"href":"https:\/\/agrotechtyres.com\/pl\/wp-json\/wp\/v2\/comments?post=43185"}],"version-history":[{"count":0,"href":"https:\/\/agrotechtyres.com\/pl\/wp-json\/wp\/v2\/product\/43185\/revisions"}],"wp:featuredmedia":[{"embeddable":true,"href":"https:\/\/agrotechtyres.com\/pl\/wp-json\/wp\/v2\/media\/38080"}],"wp:attachment":[{"href":"https:\/\/agrotechtyres.com\/pl\/wp-json\/wp\/v2\/media?parent=43185"}],"wp:term":[{"taxonomy":"product_brand","embeddable":true,"href":"https:\/\/agrotechtyres.com\/pl\/wp-json\/wp\/v2\/product_brand?post=43185"},{"taxonomy":"product_cat","embeddable":true,"href":"https:\/\/agrotechtyres.com\/pl\/wp-json\/wp\/v2\/product_cat?post=43185"},{"taxonomy":"product_tag","embeddable":true,"href":"https:\/\/agrotechtyres.com\/pl\/wp-json\/wp\/v2\/product_tag?post=43185"}],"curies":[{"name":"wp","href":"https:\/\/api.w.org\/{rel}","templated":true}]}}