{"id":43179,"date":"2026-04-29T00:55:03","date_gmt":"2026-04-29T00:55:03","guid":{"rendered":"https:\/\/agrotechtyres.com\/product\/26-5-25-28pr-e3-l3-westlake-tl-and-set-air-seal-ring-opona\/"},"modified":"2026-04-29T00:55:03","modified_gmt":"2026-04-29T00:55:03","slug":"26-5-25-28pr-e3-l3-westlake-tl-and-set-air-seal-ring-opona","status":"publish","type":"product","link":"https:\/\/agrotechtyres.com\/pl\/produkt\/26-5-25-28pr-e3-l3-westlake-tl-and-set-air-seal-ring-opona\/","title":{"rendered":"26.5-25-28PR E3\/L3 WESTLAKE TL&#038;SET Air Seal Ring Opona"},"content":{"rendered":"<p>26.5-25-28PR E3\/L3 WESTLAKE TL&amp;SET Air Seal Ring Opona to opona diagonalna TL przeznaczona do \u0142adowarek. Zapewnia stabiln\u0105 prac\u0119, dobr\u0105 trwa\u0142o\u015b\u0107 i niezawodne u\u017cytkowanie w maszynach rolniczych, przemys\u0142owych oraz budowlanych.<\/p>\n<p>Najwa\u017cniejsze parametry: rozmiar 26.5-25, marka WESTLAKE, model E3\/L3 &amp; Air Seal Ring, konstrukcja diagonalna, wersja TL. Sprawd\u017a dost\u0119pno\u015b\u0107 i mo\u017cliwo\u015bci dostawy z AgroTech Solution.<\/p>\n","protected":false},"excerpt":{"rendered":"<p>Opona budowlana do \u0142adowarek, zaprojektowana z my\u015bl\u0105 o niezawodnej pracy w wymagaj\u0105cych warunkach.<\/p>\n","protected":false},"featured_media":38650,"comment_status":"open","ping_status":"closed","template":"","meta":{"inline_featured_image":false},"product_brand":[],"product_cat":[2621],"product_tag":[1996,1790,1664,1662,1835,1672,1665,1670],"class_list":{"0":"post-43179","1":"product","2":"type-product","3":"status-publish","4":"has-post-thumbnail","6":"product_cat-opony-budowlane","7":"product_tag-26-5-25","8":"product_tag-28pr","9":"product_tag-bias","10":"product_tag-construction","11":"product_tag-e3-l3-air-seal-ring","12":"product_tag-loader","13":"product_tag-tl","14":"product_tag-westlake","15":"pa_application-ladowarka","16":"pa_brand-westlake","17":"pa_construction-diagonalna","18":"pa_model-e3-l3-air-seal-ring-pl","19":"pa_pr-28-pl","20":"pa_rim-diameter-25-pl-2","21":"pa_tl-tt-tl-pl","22":"pa_tread-type-e3-l3-pl","23":"pa_tyre-size-26-5-25-pl","24":"pa_width-26-5-pl-2","26":"first","27":"outofstock","28":"taxable","29":"shipping-taxable","30":"purchasable","31":"product-type-simple"},"_links":{"self":[{"href":"https:\/\/agrotechtyres.com\/pl\/wp-json\/wp\/v2\/product\/43179","targetHints":{"allow":["GET"]}}],"collection":[{"href":"https:\/\/agrotechtyres.com\/pl\/wp-json\/wp\/v2\/product"}],"about":[{"href":"https:\/\/agrotechtyres.com\/pl\/wp-json\/wp\/v2\/types\/product"}],"replies":[{"embeddable":true,"href":"https:\/\/agrotechtyres.com\/pl\/wp-json\/wp\/v2\/comments?post=43179"}],"version-history":[{"count":0,"href":"https:\/\/agrotechtyres.com\/pl\/wp-json\/wp\/v2\/product\/43179\/revisions"}],"wp:featuredmedia":[{"embeddable":true,"href":"https:\/\/agrotechtyres.com\/pl\/wp-json\/wp\/v2\/media\/38650"}],"wp:attachment":[{"href":"https:\/\/agrotechtyres.com\/pl\/wp-json\/wp\/v2\/media?parent=43179"}],"wp:term":[{"taxonomy":"product_brand","embeddable":true,"href":"https:\/\/agrotechtyres.com\/pl\/wp-json\/wp\/v2\/product_brand?post=43179"},{"taxonomy":"product_cat","embeddable":true,"href":"https:\/\/agrotechtyres.com\/pl\/wp-json\/wp\/v2\/product_cat?post=43179"},{"taxonomy":"product_tag","embeddable":true,"href":"https:\/\/agrotechtyres.com\/pl\/wp-json\/wp\/v2\/product_tag?post=43179"}],"curies":[{"name":"wp","href":"https:\/\/api.w.org\/{rel}","templated":true}]}}