{"id":43175,"date":"2026-04-29T00:55:02","date_gmt":"2026-04-29T00:55:02","guid":{"rendered":"https:\/\/agrotechtyres.com\/product\/24-00r35-212b-pr-cb771-westlake-tl-eu-and-set-opona\/"},"modified":"2026-04-29T00:55:02","modified_gmt":"2026-04-29T00:55:02","slug":"24-00r35-212b-pr-cb771-westlake-tl-eu-and-set-opona","status":"publish","type":"product","link":"https:\/\/agrotechtyres.com\/pl\/produkt\/24-00r35-212b-pr-cb771-westlake-tl-eu-and-set-opona\/","title":{"rendered":"24.00R35(212B\/???)PR CB771 WESTLAKE TL EU&#038;SET Opona"},"content":{"rendered":"<p>24.00R35(212B\/???)PR CB771 WESTLAKE TL EU&amp;SET Opona to opona radialna TL przeznaczona do \u0142adowarek, maszyn przemys\u0142owych i budowlanych. Zapewnia stabiln\u0105 prac\u0119, dobr\u0105 trwa\u0142o\u015b\u0107 i niezawodne u\u017cytkowanie w maszynach rolniczych, przemys\u0142owych oraz budowlanych.<\/p>\n<p>Najwa\u017cniejsze parametry: rozmiar 24.00R35, marka WESTLAKE, model PR CB771, konstrukcja radialna, wersja TL. Sprawd\u017a dost\u0119pno\u015b\u0107 i mo\u017cliwo\u015bci dostawy z AgroTech Solution.<\/p>\n","protected":false},"excerpt":{"rendered":"<p>Opona budowlana do \u0142adowarek, maszyn przemys\u0142owych i budowlanych, zaprojektowana z my\u015bl\u0105 o niezawodnej pracy w wymagaj\u0105cych warunkach.<\/p>\n","protected":false},"featured_media":41478,"comment_status":"open","ping_status":"closed","template":"","meta":{"inline_featured_image":false},"product_brand":[],"product_cat":[2621],"product_tag":[1990,1988,1662,1663,1989,1696,1665,1670],"class_list":{"0":"post-43175","1":"product","2":"type-product","3":"status-publish","4":"has-post-thumbnail","6":"product_cat-opony-budowlane","7":"product_tag-212b","8":"product_tag-24-00r35","9":"product_tag-construction","10":"product_tag-cwl-other-industrial-construction","11":"product_tag-pr-cb771","12":"product_tag-radial","13":"product_tag-tl","14":"product_tag-westlake","15":"pa_application-cwl-inne-przemyslowe-i-budowlane","16":"pa_brand-westlake","17":"pa_construction-radialna","18":"pa_load-index-212b-pl-2","19":"pa_model-pr-cb771-pl","20":"pa_tl-tt-tl-pl","21":"pa_tread-type-r3-pl","22":"pa_tyre-size-24-00r35-pl","24":"first","25":"instock","26":"taxable","27":"shipping-taxable","28":"purchasable","29":"product-type-simple"},"_links":{"self":[{"href":"https:\/\/agrotechtyres.com\/pl\/wp-json\/wp\/v2\/product\/43175","targetHints":{"allow":["GET"]}}],"collection":[{"href":"https:\/\/agrotechtyres.com\/pl\/wp-json\/wp\/v2\/product"}],"about":[{"href":"https:\/\/agrotechtyres.com\/pl\/wp-json\/wp\/v2\/types\/product"}],"replies":[{"embeddable":true,"href":"https:\/\/agrotechtyres.com\/pl\/wp-json\/wp\/v2\/comments?post=43175"}],"version-history":[{"count":0,"href":"https:\/\/agrotechtyres.com\/pl\/wp-json\/wp\/v2\/product\/43175\/revisions"}],"wp:featuredmedia":[{"embeddable":true,"href":"https:\/\/agrotechtyres.com\/pl\/wp-json\/wp\/v2\/media\/41478"}],"wp:attachment":[{"href":"https:\/\/agrotechtyres.com\/pl\/wp-json\/wp\/v2\/media?parent=43175"}],"wp:term":[{"taxonomy":"product_brand","embeddable":true,"href":"https:\/\/agrotechtyres.com\/pl\/wp-json\/wp\/v2\/product_brand?post=43175"},{"taxonomy":"product_cat","embeddable":true,"href":"https:\/\/agrotechtyres.com\/pl\/wp-json\/wp\/v2\/product_cat?post=43175"},{"taxonomy":"product_tag","embeddable":true,"href":"https:\/\/agrotechtyres.com\/pl\/wp-json\/wp\/v2\/product_tag?post=43175"}],"curies":[{"name":"wp","href":"https:\/\/api.w.org\/{rel}","templated":true}]}}