{"id":43169,"date":"2026-04-29T00:55:01","date_gmt":"2026-04-29T00:55:01","guid":{"rendered":"https:\/\/agrotechtyres.com\/product\/23-5r25-185b-201a2-cb761-westlake-e3-l3-tl-cutting-resistance-eu-and-set-air-seal-ring-opona\/"},"modified":"2026-04-29T00:55:01","modified_gmt":"2026-04-29T00:55:01","slug":"23-5r25-185b-201a2-cb761-westlake-e3-l3-tl-cutting-resistance-eu-and-set-air-seal-ring-opona","status":"publish","type":"product","link":"https:\/\/agrotechtyres.com\/pl\/produkt\/23-5r25-185b-201a2-cb761-westlake-e3-l3-tl-cutting-resistance-eu-and-set-air-seal-ring-opona\/","title":{"rendered":"23.5R25(185B\/201A2) CB761 WESTLAKE E3\/L3 TL Cutting Resistance EU&#038;SET Air Seal Ring Opona"},"content":{"rendered":"<p>23.5R25(185B\/201A2) CB761 WESTLAKE E3\/L3 TL Cutting Resistance EU&amp;SET Air Seal Ring Opona to opona radialna TL przeznaczona do \u0142adowarek. Zapewnia stabiln\u0105 prac\u0119, dobr\u0105 trwa\u0142o\u015b\u0107 i niezawodne u\u017cytkowanie w maszynach rolniczych, przemys\u0142owych oraz budowlanych.<\/p>\n<p>Najwa\u017cniejsze parametry: rozmiar 23.5R25, marka WESTLAKE, model CB761 E3\/L3 Cutting Resistance Air Seal Ring, konstrukcja radialna, wersja TL. Sprawd\u017a dost\u0119pno\u015b\u0107 i mo\u017cliwo\u015bci dostawy z AgroTech Solution.<\/p>\n","protected":false},"excerpt":{"rendered":"<p>Opona budowlana do \u0142adowarek, zaprojektowana z my\u015bl\u0105 o niezawodnej pracy w wymagaj\u0105cych warunkach.<\/p>\n","protected":false},"featured_media":38657,"comment_status":"open","ping_status":"closed","template":"","meta":{"inline_featured_image":false},"product_brand":[],"product_cat":[2621],"product_tag":[1974,1972,1977,1662,1672,1696,1665,1670],"class_list":{"0":"post-43169","1":"product","2":"type-product","3":"status-publish","4":"has-post-thumbnail","6":"product_cat-opony-budowlane","7":"product_tag-185b-201a2","8":"product_tag-23-5r25","9":"product_tag-cb761-e3-l3-cutting-resistance-air-seal-ring","10":"product_tag-construction","11":"product_tag-loader","12":"product_tag-radial","13":"product_tag-tl","14":"product_tag-westlake","15":"pa_application-ladowarka","16":"pa_brand-westlake","17":"pa_construction-radialna","18":"pa_load-index-185b-201a2-pl-2","19":"pa_model-cb761-e3-l3-cutting-resistance-air-seal-ring-pl","20":"pa_tl-tt-tl-pl","21":"pa_tread-type-e3-l3-pl","22":"pa_tyre-size-23-5r25-pl","24":"first","25":"outofstock","26":"taxable","27":"shipping-taxable","28":"purchasable","29":"product-type-simple"},"_links":{"self":[{"href":"https:\/\/agrotechtyres.com\/pl\/wp-json\/wp\/v2\/product\/43169","targetHints":{"allow":["GET"]}}],"collection":[{"href":"https:\/\/agrotechtyres.com\/pl\/wp-json\/wp\/v2\/product"}],"about":[{"href":"https:\/\/agrotechtyres.com\/pl\/wp-json\/wp\/v2\/types\/product"}],"replies":[{"embeddable":true,"href":"https:\/\/agrotechtyres.com\/pl\/wp-json\/wp\/v2\/comments?post=43169"}],"version-history":[{"count":0,"href":"https:\/\/agrotechtyres.com\/pl\/wp-json\/wp\/v2\/product\/43169\/revisions"}],"wp:featuredmedia":[{"embeddable":true,"href":"https:\/\/agrotechtyres.com\/pl\/wp-json\/wp\/v2\/media\/38657"}],"wp:attachment":[{"href":"https:\/\/agrotechtyres.com\/pl\/wp-json\/wp\/v2\/media?parent=43169"}],"wp:term":[{"taxonomy":"product_brand","embeddable":true,"href":"https:\/\/agrotechtyres.com\/pl\/wp-json\/wp\/v2\/product_brand?post=43169"},{"taxonomy":"product_cat","embeddable":true,"href":"https:\/\/agrotechtyres.com\/pl\/wp-json\/wp\/v2\/product_cat?post=43169"},{"taxonomy":"product_tag","embeddable":true,"href":"https:\/\/agrotechtyres.com\/pl\/wp-json\/wp\/v2\/product_tag?post=43169"}],"curies":[{"name":"wp","href":"https:\/\/api.w.org\/{rel}","templated":true}]}}