{"id":43158,"date":"2026-04-29T00:55:00","date_gmt":"2026-04-29T00:55:00","guid":{"rendered":"https:\/\/agrotechtyres.com\/product\/20-8-38-ceat-farmax-r-1-14pr-tl-opona\/"},"modified":"2026-04-29T00:55:00","modified_gmt":"2026-04-29T00:55:00","slug":"20-8-38-ceat-farmax-r-1-14pr-tl-opona","status":"publish","type":"product","link":"https:\/\/agrotechtyres.com\/pl\/produkt\/20-8-38-ceat-farmax-r-1-14pr-tl-opona\/","title":{"rendered":"20.8-38 CEAT FARMAX R-1 14PR TL Opona"},"content":{"rendered":"<p>20.8-38 CEAT FARMAX R-1 14PR TL Opona to opona diagonalna TL przeznaczona do ci\u0105gnik\u00f3w. Zapewnia stabiln\u0105 prac\u0119, dobr\u0105 trwa\u0142o\u015b\u0107 i niezawodne u\u017cytkowanie w maszynach rolniczych, przemys\u0142owych oraz budowlanych.<\/p>\n<p>Najwa\u017cniejsze parametry: rozmiar 20.8-38, marka CEAT, model FARMAX R-1, konstrukcja diagonalna, wersja TL. Sprawd\u017a dost\u0119pno\u015b\u0107 i mo\u017cliwo\u015bci dostawy z AgroTech Solution.<\/p>\n","protected":false},"excerpt":{"rendered":"<p>Opona rolnicza do ci\u0105gnik\u00f3w, zaprojektowana z my\u015bl\u0105 o niezawodnej pracy w wymagaj\u0105cych warunkach.<\/p>\n","protected":false},"featured_media":41477,"comment_status":"open","ping_status":"closed","template":"","meta":{"inline_featured_image":false},"product_brand":[],"product_cat":[1624],"product_tag":[1959,1677,1957,1702,1664,1680,1958,1665,1703],"class_list":{"0":"post-43158","1":"product","2":"type-product","3":"status-publish","4":"has-post-thumbnail","6":"product_cat-opony-rolnicze","7":"product_tag-138a8-b","8":"product_tag-14pr","9":"product_tag-20-8-38","10":"product_tag-agriculture","11":"product_tag-bias","12":"product_tag-ceat","13":"product_tag-farmax-r-1","14":"product_tag-tl","15":"product_tag-tractor","16":"pa_application-ciagnik","17":"pa_brand-ceat","18":"pa_construction-diagonalna","19":"pa_load-index-138a8-b-pl-2","20":"pa_model-farmax-r-1-pl","21":"pa_pr-1728","22":"pa_rim-diameter-38-pl-2","23":"pa_tl-tt-tl-pl","24":"pa_tyre-size-20-8-38-pl","25":"pa_width-20-8-pl-2","27":"first","28":"instock","29":"taxable","30":"shipping-taxable","31":"purchasable","32":"product-type-simple"},"_links":{"self":[{"href":"https:\/\/agrotechtyres.com\/pl\/wp-json\/wp\/v2\/product\/43158","targetHints":{"allow":["GET"]}}],"collection":[{"href":"https:\/\/agrotechtyres.com\/pl\/wp-json\/wp\/v2\/product"}],"about":[{"href":"https:\/\/agrotechtyres.com\/pl\/wp-json\/wp\/v2\/types\/product"}],"replies":[{"embeddable":true,"href":"https:\/\/agrotechtyres.com\/pl\/wp-json\/wp\/v2\/comments?post=43158"}],"version-history":[{"count":0,"href":"https:\/\/agrotechtyres.com\/pl\/wp-json\/wp\/v2\/product\/43158\/revisions"}],"wp:featuredmedia":[{"embeddable":true,"href":"https:\/\/agrotechtyres.com\/pl\/wp-json\/wp\/v2\/media\/41477"}],"wp:attachment":[{"href":"https:\/\/agrotechtyres.com\/pl\/wp-json\/wp\/v2\/media?parent=43158"}],"wp:term":[{"taxonomy":"product_brand","embeddable":true,"href":"https:\/\/agrotechtyres.com\/pl\/wp-json\/wp\/v2\/product_brand?post=43158"},{"taxonomy":"product_cat","embeddable":true,"href":"https:\/\/agrotechtyres.com\/pl\/wp-json\/wp\/v2\/product_cat?post=43158"},{"taxonomy":"product_tag","embeddable":true,"href":"https:\/\/agrotechtyres.com\/pl\/wp-json\/wp\/v2\/product_tag?post=43158"}],"curies":[{"name":"wp","href":"https:\/\/api.w.org\/{rel}","templated":true}]}}