{"id":43156,"date":"2026-04-29T00:54:59","date_gmt":"2026-04-29T00:54:59","guid":{"rendered":"https:\/\/agrotechtyres.com\/product\/20-5-25-20pr-cl729w-westlake-and-set-opona\/"},"modified":"2026-04-29T00:54:59","modified_gmt":"2026-04-29T00:54:59","slug":"20-5-25-20pr-cl729w-westlake-and-set-opona","status":"publish","type":"product","link":"https:\/\/agrotechtyres.com\/pl\/produkt\/20-5-25-20pr-cl729w-westlake-and-set-opona\/","title":{"rendered":"20.5-25-20PR CL729W WESTLAKE&#038;SET Opona"},"content":{"rendered":"<p>20.5-25-20PR CL729W WESTLAKE&amp;SET Opona to opona diagonalna TL przeznaczona do \u0142adowarek, maszyn przemys\u0142owych i budowlanych. Zapewnia stabiln\u0105 prac\u0119, dobr\u0105 trwa\u0142o\u015b\u0107 i niezawodne u\u017cytkowanie w maszynach rolniczych, przemys\u0142owych oraz budowlanych.<\/p>\n<p>Najwa\u017cniejsze parametry: rozmiar 20.5-25, marka WESTLAKE, model CL729W, konstrukcja diagonalna, wersja TL. Sprawd\u017a dost\u0119pno\u015b\u0107 i mo\u017cliwo\u015bci dostawy z AgroTech Solution.<\/p>\n","protected":false},"excerpt":{"rendered":"<p>Opona budowlana do \u0142adowarek, maszyn przemys\u0142owych i budowlanych, zaprojektowana z my\u015bl\u0105 o niezawodnej pracy w wymagaj\u0105cych warunkach.<\/p>\n","protected":false},"featured_media":38558,"comment_status":"open","ping_status":"closed","template":"","meta":{"inline_featured_image":false},"product_brand":[],"product_cat":[2621],"product_tag":[1932,1718,1664,1953,1662,1663,1665,1670],"class_list":{"0":"post-43156","1":"product","2":"type-product","3":"status-publish","4":"has-post-thumbnail","6":"product_cat-opony-budowlane","7":"product_tag-20-5-25","8":"product_tag-20pr","9":"product_tag-bias","10":"product_tag-cl729w","11":"product_tag-construction","12":"product_tag-cwl-other-industrial-construction","13":"product_tag-tl","14":"product_tag-westlake","15":"pa_application-cwl-inne-przemyslowe-i-budowlane","16":"pa_brand-westlake","17":"pa_construction-diagonalna","18":"pa_model-cl729w-pl","19":"pa_pr-20-pl-2","20":"pa_rim-diameter-25-pl-2","21":"pa_tl-tt-tl-pl","22":"pa_tyre-size-20-5-25-pl","23":"pa_width-20-5-pl-2","25":"first","26":"instock","27":"taxable","28":"shipping-taxable","29":"purchasable","30":"product-type-simple"},"_links":{"self":[{"href":"https:\/\/agrotechtyres.com\/pl\/wp-json\/wp\/v2\/product\/43156","targetHints":{"allow":["GET"]}}],"collection":[{"href":"https:\/\/agrotechtyres.com\/pl\/wp-json\/wp\/v2\/product"}],"about":[{"href":"https:\/\/agrotechtyres.com\/pl\/wp-json\/wp\/v2\/types\/product"}],"replies":[{"embeddable":true,"href":"https:\/\/agrotechtyres.com\/pl\/wp-json\/wp\/v2\/comments?post=43156"}],"version-history":[{"count":0,"href":"https:\/\/agrotechtyres.com\/pl\/wp-json\/wp\/v2\/product\/43156\/revisions"}],"wp:featuredmedia":[{"embeddable":true,"href":"https:\/\/agrotechtyres.com\/pl\/wp-json\/wp\/v2\/media\/38558"}],"wp:attachment":[{"href":"https:\/\/agrotechtyres.com\/pl\/wp-json\/wp\/v2\/media?parent=43156"}],"wp:term":[{"taxonomy":"product_brand","embeddable":true,"href":"https:\/\/agrotechtyres.com\/pl\/wp-json\/wp\/v2\/product_brand?post=43156"},{"taxonomy":"product_cat","embeddable":true,"href":"https:\/\/agrotechtyres.com\/pl\/wp-json\/wp\/v2\/product_cat?post=43156"},{"taxonomy":"product_tag","embeddable":true,"href":"https:\/\/agrotechtyres.com\/pl\/wp-json\/wp\/v2\/product_tag?post=43156"}],"curies":[{"name":"wp","href":"https:\/\/api.w.org\/{rel}","templated":true}]}}