{"id":43141,"date":"2026-04-29T00:54:57","date_gmt":"2026-04-29T00:54:57","guid":{"rendered":"https:\/\/agrotechtyres.com\/product\/18-4-26-ceat-farmax-tt-12pr-opona\/"},"modified":"2026-04-29T00:54:57","modified_gmt":"2026-04-29T00:54:57","slug":"18-4-26-ceat-farmax-tt-12pr-opona","status":"publish","type":"product","link":"https:\/\/agrotechtyres.com\/pl\/produkt\/18-4-26-ceat-farmax-tt-12pr-opona\/","title":{"rendered":"18.4-26 CEAT FARMAX TT 12PR Opona"},"content":{"rendered":"<p>18.4-26 CEAT FARMAX TT 12PR Opona to opona diagonalna TT przeznaczona do ci\u0105gnik\u00f3w. Zapewnia stabiln\u0105 prac\u0119, dobr\u0105 trwa\u0142o\u015b\u0107 i niezawodne u\u017cytkowanie w maszynach rolniczych, przemys\u0142owych oraz budowlanych.<\/p>\n<p>Najwa\u017cniejsze parametry: rozmiar 18.4-26, marka CEAT, model FARMAX, konstrukcja diagonalna, wersja TT. Sprawd\u017a dost\u0119pno\u015b\u0107 i mo\u017cliwo\u015bci dostawy z AgroTech Solution.<\/p>\n","protected":false},"excerpt":{"rendered":"<p>Opona rolnicza do ci\u0105gnik\u00f3w, zaprojektowana z my\u015bl\u0105 o niezawodnej pracy w wymagaj\u0105cych warunkach.<\/p>\n","protected":false},"featured_media":38228,"comment_status":"open","ping_status":"closed","template":"","meta":{"inline_featured_image":false},"product_brand":[],"product_cat":[1624],"product_tag":[1668,1917,1702,1664,1680,1701,1703,1687],"class_list":{"0":"post-43141","1":"product","2":"type-product","3":"status-publish","4":"has-post-thumbnail","6":"product_cat-opony-rolnicze","7":"product_tag-12pr","8":"product_tag-18-4-26","9":"product_tag-agriculture","10":"product_tag-bias","11":"product_tag-ceat","12":"product_tag-farmax","13":"product_tag-tractor","14":"product_tag-tt","15":"pa_application-ciagnik","16":"pa_brand-ceat","17":"pa_construction-diagonalna","18":"pa_model-farmax-pl","19":"pa_pr-12-pl-2","20":"pa_rim-diameter-26-pl-2","21":"pa_tl-tt-tt-pl-2","22":"pa_tyre-size-18-4-26-pl","23":"pa_width-18-4-pl-2","25":"first","26":"instock","27":"taxable","28":"shipping-taxable","29":"purchasable","30":"product-type-simple"},"_links":{"self":[{"href":"https:\/\/agrotechtyres.com\/pl\/wp-json\/wp\/v2\/product\/43141","targetHints":{"allow":["GET"]}}],"collection":[{"href":"https:\/\/agrotechtyres.com\/pl\/wp-json\/wp\/v2\/product"}],"about":[{"href":"https:\/\/agrotechtyres.com\/pl\/wp-json\/wp\/v2\/types\/product"}],"replies":[{"embeddable":true,"href":"https:\/\/agrotechtyres.com\/pl\/wp-json\/wp\/v2\/comments?post=43141"}],"version-history":[{"count":0,"href":"https:\/\/agrotechtyres.com\/pl\/wp-json\/wp\/v2\/product\/43141\/revisions"}],"wp:featuredmedia":[{"embeddable":true,"href":"https:\/\/agrotechtyres.com\/pl\/wp-json\/wp\/v2\/media\/38228"}],"wp:attachment":[{"href":"https:\/\/agrotechtyres.com\/pl\/wp-json\/wp\/v2\/media?parent=43141"}],"wp:term":[{"taxonomy":"product_brand","embeddable":true,"href":"https:\/\/agrotechtyres.com\/pl\/wp-json\/wp\/v2\/product_brand?post=43141"},{"taxonomy":"product_cat","embeddable":true,"href":"https:\/\/agrotechtyres.com\/pl\/wp-json\/wp\/v2\/product_cat?post=43141"},{"taxonomy":"product_tag","embeddable":true,"href":"https:\/\/agrotechtyres.com\/pl\/wp-json\/wp\/v2\/product_tag?post=43141"}],"curies":[{"name":"wp","href":"https:\/\/api.w.org\/{rel}","templated":true}]}}