{"id":43135,"date":"2026-04-29T00:54:56","date_gmt":"2026-04-29T00:54:56","guid":{"rendered":"https:\/\/agrotechtyres.com\/product\/18-00-25-ttf-36-e3-l3-hawkway-opona\/"},"modified":"2026-04-29T00:54:56","modified_gmt":"2026-04-29T00:54:56","slug":"18-00-25-ttf-36-e3-l3-hawkway-opona","status":"publish","type":"product","link":"https:\/\/agrotechtyres.com\/pl\/produkt\/18-00-25-ttf-36-e3-l3-hawkway-opona\/","title":{"rendered":"18.00-25 TTF 36 E3\/L3 HAWKWAY Opona"},"content":{"rendered":"<p>18.00-25 TTF 36 E3\/L3 HAWKWAY Opona to opona diagonalna TT przeznaczona do \u0142adowarek. Zapewnia stabiln\u0105 prac\u0119, dobr\u0105 trwa\u0142o\u015b\u0107 i niezawodne u\u017cytkowanie w maszynach rolniczych, przemys\u0142owych oraz budowlanych.<\/p>\n<p>Najwa\u017cniejsze parametry: rozmiar 18.00-25, marka HAWKWAY, model 36 E3\/L3 HAWKWAY, konstrukcja diagonalna, wersja TT. Sprawd\u017a dost\u0119pno\u015b\u0107 i mo\u017cliwo\u015bci dostawy z AgroTech Solution.<\/p>\n","protected":false},"excerpt":{"rendered":"<p>Opona budowlana do \u0142adowarek, zaprojektowana z my\u015bl\u0105 o niezawodnej pracy w wymagaj\u0105cych warunkach.<\/p>\n","protected":false},"featured_media":38320,"comment_status":"open","ping_status":"closed","template":"","meta":{"inline_featured_image":false},"product_brand":[],"product_cat":[2621],"product_tag":[1908,1913,1836,1664,1662,1912,1672,1687],"class_list":{"0":"post-43135","1":"product","2":"type-product","3":"status-publish","4":"has-post-thumbnail","6":"product_cat-opony-budowlane","7":"product_tag-18-00-25","8":"product_tag-36-e3-l3-hawkway","9":"product_tag-36pr","10":"product_tag-bias","11":"product_tag-construction","12":"product_tag-hawkway","13":"product_tag-loader","14":"product_tag-tt","15":"pa_application-ladowarka","16":"pa_brand-hawkway","17":"pa_construction-diagonalna","18":"pa_model-36-e3-l3-hawkway-pl","19":"pa_pr-36-pl-2","20":"pa_rim-diameter-25-pl-2","21":"pa_tl-tt-tt-pl-2","22":"pa_tread-type-e3-l3-pl","23":"pa_tyre-size-18-00-25-pl","24":"pa_width-18-pl","26":"first","27":"instock","28":"taxable","29":"shipping-taxable","30":"purchasable","31":"product-type-simple"},"_links":{"self":[{"href":"https:\/\/agrotechtyres.com\/pl\/wp-json\/wp\/v2\/product\/43135","targetHints":{"allow":["GET"]}}],"collection":[{"href":"https:\/\/agrotechtyres.com\/pl\/wp-json\/wp\/v2\/product"}],"about":[{"href":"https:\/\/agrotechtyres.com\/pl\/wp-json\/wp\/v2\/types\/product"}],"replies":[{"embeddable":true,"href":"https:\/\/agrotechtyres.com\/pl\/wp-json\/wp\/v2\/comments?post=43135"}],"version-history":[{"count":0,"href":"https:\/\/agrotechtyres.com\/pl\/wp-json\/wp\/v2\/product\/43135\/revisions"}],"wp:featuredmedia":[{"embeddable":true,"href":"https:\/\/agrotechtyres.com\/pl\/wp-json\/wp\/v2\/media\/38320"}],"wp:attachment":[{"href":"https:\/\/agrotechtyres.com\/pl\/wp-json\/wp\/v2\/media?parent=43135"}],"wp:term":[{"taxonomy":"product_brand","embeddable":true,"href":"https:\/\/agrotechtyres.com\/pl\/wp-json\/wp\/v2\/product_brand?post=43135"},{"taxonomy":"product_cat","embeddable":true,"href":"https:\/\/agrotechtyres.com\/pl\/wp-json\/wp\/v2\/product_cat?post=43135"},{"taxonomy":"product_tag","embeddable":true,"href":"https:\/\/agrotechtyres.com\/pl\/wp-json\/wp\/v2\/product_tag?post=43135"}],"curies":[{"name":"wp","href":"https:\/\/api.w.org\/{rel}","templated":true}]}}