{"id":43133,"date":"2026-04-29T00:54:47","date_gmt":"2026-04-29T00:54:47","guid":{"rendered":"https:\/\/agrotechtyres.com\/product\/18-00-25-ceat-port-pro-rx-ind-4-40pr-tl-opona\/"},"modified":"2026-04-29T00:54:47","modified_gmt":"2026-04-29T00:54:47","slug":"18-00-25-ceat-port-pro-rx-ind-4-40pr-tl-opona","status":"publish","type":"product","link":"https:\/\/agrotechtyres.com\/pl\/produkt\/18-00-25-ceat-port-pro-rx-ind-4-40pr-tl-opona\/","title":{"rendered":"18.00-25 CEAT PORT PRO RX IND-4 40PR TL Opona"},"content":{"rendered":"<p>18.00-25 CEAT PORT PRO RX IND-4 40PR TL Opona to opona diagonalna TL przeznaczona do sprz\u0119tu portowego i prze\u0142adunkowego. Zapewnia stabiln\u0105 prac\u0119, dobr\u0105 trwa\u0142o\u015b\u0107 i niezawodne u\u017cytkowanie w maszynach rolniczych, przemys\u0142owych oraz budowlanych.<\/p>\n<p>Najwa\u017cniejsze parametry: rozmiar 18.00-25, marka CEAT, model PORT PRO RX IND-4, konstrukcja diagonalna, wersja TL. Sprawd\u017a dost\u0119pno\u015b\u0107 i mo\u017cliwo\u015bci dostawy z AgroTech Solution.<\/p>\n","protected":false},"excerpt":{"rendered":"<p>Opona portowa i prze\u0142adunkowa do sprz\u0119tu portowego i prze\u0142adunkowego, zaprojektowana z my\u015bl\u0105 o niezawodnej pracy w wymagaj\u0105cych warunkach.<\/p>\n","protected":false},"featured_media":39105,"comment_status":"open","ping_status":"closed","template":"","meta":{"inline_featured_image":false},"product_brand":[],"product_cat":[2625],"product_tag":[1908,1910,1664,1680,1909,1792,1665],"class_list":{"0":"post-43133","1":"product","2":"type-product","3":"status-publish","4":"has-post-thumbnail","6":"product_cat-opony-portowe-przeladunkowe","7":"product_tag-18-00-25","8":"product_tag-40pr","9":"product_tag-bias","10":"product_tag-ceat","11":"product_tag-port-pro-rx-ind-4","12":"product_tag-ports-handling","13":"product_tag-tl","14":"pa_application-porty-i-przeladunek","15":"pa_brand-ceat","16":"pa_construction-diagonalna","17":"pa_model-port-pro-rx-ind-4-pl","18":"pa_pr-40-pl-2","19":"pa_rim-diameter-25-pl-2","20":"pa_tl-tt-tl-pl","21":"pa_tyre-size-18-00-25-pl","22":"pa_width-18-pl","24":"first","25":"instock","26":"taxable","27":"shipping-taxable","28":"purchasable","29":"product-type-simple"},"_links":{"self":[{"href":"https:\/\/agrotechtyres.com\/pl\/wp-json\/wp\/v2\/product\/43133","targetHints":{"allow":["GET"]}}],"collection":[{"href":"https:\/\/agrotechtyres.com\/pl\/wp-json\/wp\/v2\/product"}],"about":[{"href":"https:\/\/agrotechtyres.com\/pl\/wp-json\/wp\/v2\/types\/product"}],"replies":[{"embeddable":true,"href":"https:\/\/agrotechtyres.com\/pl\/wp-json\/wp\/v2\/comments?post=43133"}],"version-history":[{"count":0,"href":"https:\/\/agrotechtyres.com\/pl\/wp-json\/wp\/v2\/product\/43133\/revisions"}],"wp:featuredmedia":[{"embeddable":true,"href":"https:\/\/agrotechtyres.com\/pl\/wp-json\/wp\/v2\/media\/39105"}],"wp:attachment":[{"href":"https:\/\/agrotechtyres.com\/pl\/wp-json\/wp\/v2\/media?parent=43133"}],"wp:term":[{"taxonomy":"product_brand","embeddable":true,"href":"https:\/\/agrotechtyres.com\/pl\/wp-json\/wp\/v2\/product_brand?post=43133"},{"taxonomy":"product_cat","embeddable":true,"href":"https:\/\/agrotechtyres.com\/pl\/wp-json\/wp\/v2\/product_cat?post=43133"},{"taxonomy":"product_tag","embeddable":true,"href":"https:\/\/agrotechtyres.com\/pl\/wp-json\/wp\/v2\/product_tag?post=43133"}],"curies":[{"name":"wp","href":"https:\/\/api.w.org\/{rel}","templated":true}]}}