{"id":43129,"date":"2026-04-29T00:54:46","date_gmt":"2026-04-29T00:54:46","guid":{"rendered":"https:\/\/agrotechtyres.com\/product\/17-5r25-167b-182a2-pr-cb760-westlake-tl-cutting-resistance-eu-and-set-air-seal-ring-opona\/"},"modified":"2026-04-29T00:54:46","modified_gmt":"2026-04-29T00:54:46","slug":"17-5r25-167b-182a2-pr-cb760-westlake-tl-cutting-resistance-eu-and-set-air-seal-ring-opona","status":"publish","type":"product","link":"https:\/\/agrotechtyres.com\/pl\/produkt\/17-5r25-167b-182a2-pr-cb760-westlake-tl-cutting-resistance-eu-and-set-air-seal-ring-opona\/","title":{"rendered":"17.5R25(167B\/182A2)PR CB760 WESTLAKE TL Cutting Resistance EU&#038;SET Air Seal Ring Opona"},"content":{"rendered":"<p>17.5R25(167B\/182A2)PR CB760 WESTLAKE TL Cutting Resistance EU&amp;SET Air Seal Ring Opona to opona radialna TL przeznaczona do \u0142adowarek, maszyn przemys\u0142owych i budowlanych. Zapewnia stabiln\u0105 prac\u0119, dobr\u0105 trwa\u0142o\u015b\u0107 i niezawodne u\u017cytkowanie w maszynach rolniczych, przemys\u0142owych oraz budowlanych.<\/p>\n<p>Najwa\u017cniejsze parametry: rozmiar 17.5R25, marka WESTLAKE, model PR CB760 Cutting Resistance Air Seal Ring, konstrukcja radialna, wersja TL. Sprawd\u017a dost\u0119pno\u015b\u0107 i mo\u017cliwo\u015bci dostawy z AgroTech Solution.<\/p>\n","protected":false},"excerpt":{"rendered":"<p>Opona budowlana do \u0142adowarek, maszyn przemys\u0142owych i budowlanych, zaprojektowana z my\u015bl\u0105 o niezawodnej pracy w wymagaj\u0105cych warunkach.<\/p>\n","protected":false},"featured_media":38518,"comment_status":"open","ping_status":"closed","template":"","meta":{"inline_featured_image":false},"product_brand":[],"product_cat":[2621],"product_tag":[1904,1902,1662,1663,1903,1696,1665,1670],"class_list":{"0":"post-43129","1":"product","2":"type-product","3":"status-publish","4":"has-post-thumbnail","6":"product_cat-opony-budowlane","7":"product_tag-167b-182a2","8":"product_tag-17-5r25","9":"product_tag-construction","10":"product_tag-cwl-other-industrial-construction","11":"product_tag-pr-cb760-cutting-resistance-air-seal-ring","12":"product_tag-radial","13":"product_tag-tl","14":"product_tag-westlake","15":"pa_application-cwl-inne-przemyslowe-i-budowlane","16":"pa_brand-westlake","17":"pa_construction-radialna","18":"pa_load-index-167b-182a2-pl-2","19":"pa_model-pr-cb760-cutting-resistance-air-seal-ring-pl","20":"pa_tl-tt-tl-pl","21":"pa_tyre-size-17-5r25-pl","23":"first","24":"instock","25":"taxable","26":"shipping-taxable","27":"purchasable","28":"product-type-simple"},"_links":{"self":[{"href":"https:\/\/agrotechtyres.com\/pl\/wp-json\/wp\/v2\/product\/43129","targetHints":{"allow":["GET"]}}],"collection":[{"href":"https:\/\/agrotechtyres.com\/pl\/wp-json\/wp\/v2\/product"}],"about":[{"href":"https:\/\/agrotechtyres.com\/pl\/wp-json\/wp\/v2\/types\/product"}],"replies":[{"embeddable":true,"href":"https:\/\/agrotechtyres.com\/pl\/wp-json\/wp\/v2\/comments?post=43129"}],"version-history":[{"count":0,"href":"https:\/\/agrotechtyres.com\/pl\/wp-json\/wp\/v2\/product\/43129\/revisions"}],"wp:featuredmedia":[{"embeddable":true,"href":"https:\/\/agrotechtyres.com\/pl\/wp-json\/wp\/v2\/media\/38518"}],"wp:attachment":[{"href":"https:\/\/agrotechtyres.com\/pl\/wp-json\/wp\/v2\/media?parent=43129"}],"wp:term":[{"taxonomy":"product_brand","embeddable":true,"href":"https:\/\/agrotechtyres.com\/pl\/wp-json\/wp\/v2\/product_brand?post=43129"},{"taxonomy":"product_cat","embeddable":true,"href":"https:\/\/agrotechtyres.com\/pl\/wp-json\/wp\/v2\/product_cat?post=43129"},{"taxonomy":"product_tag","embeddable":true,"href":"https:\/\/agrotechtyres.com\/pl\/wp-json\/wp\/v2\/product_tag?post=43129"}],"curies":[{"name":"wp","href":"https:\/\/api.w.org\/{rel}","templated":true}]}}