{"id":43121,"date":"2026-04-29T00:54:45","date_gmt":"2026-04-29T00:54:45","guid":{"rendered":"https:\/\/agrotechtyres.com\/product\/16x6-50-8-6pr-vk-tru-green-crop-master-opona\/"},"modified":"2026-04-29T00:54:45","modified_gmt":"2026-04-29T00:54:45","slug":"16x6-50-8-6pr-vk-tru-green-crop-master-opona","status":"publish","type":"product","link":"https:\/\/agrotechtyres.com\/pl\/produkt\/16x6-50-8-6pr-vk-tru-green-crop-master-opona\/","title":{"rendered":"16X6.50-8 6PR VK TRU GREEN CROP MASTER Opona"},"content":{"rendered":"<p>16X6.50-8 6PR VK TRU GREEN CROP MASTER Opona to opona diagonalna TL przeznaczona do \u0142adowarek, maszyn przemys\u0142owych i budowlanych. Zapewnia stabiln\u0105 prac\u0119, dobr\u0105 trwa\u0142o\u015b\u0107 i niezawodne u\u017cytkowanie w maszynach rolniczych, przemys\u0142owych oraz budowlanych.<\/p>\n<p>Najwa\u017cniejsze parametry: rozmiar 16X6.50-8, model VK TRU GREEN CROP MASTER, konstrukcja diagonalna, wersja TL. Sprawd\u017a dost\u0119pno\u015b\u0107 i mo\u017cliwo\u015bci dostawy z AgroTech Solution.<\/p>\n","protected":false},"excerpt":{"rendered":"<p>Opona do ogrodnictwa i teren\u00f3w zielonych do \u0142adowarek, maszyn przemys\u0142owych i budowlanych, zaprojektowana z my\u015bl\u0105 o niezawodnej pracy w wymagaj\u0105cych warunkach.<\/p>\n","protected":false},"featured_media":38882,"comment_status":"open","ping_status":"closed","template":"","meta":{"inline_featured_image":false},"product_brand":[],"product_cat":[2623],"product_tag":[1863,1859,1862,1664,1663,1861,1665,1860],"class_list":{"0":"post-43121","1":"product","2":"type-product","3":"status-publish","4":"has-post-thumbnail","6":"product_cat-opony-ogrodowe-i-trawnikowe","7":"product_tag-16x6","8":"product_tag-16x6-50-8","9":"product_tag-6pr","10":"product_tag-bias","11":"product_tag-cwl-other-industrial-construction","12":"product_tag-lawn-garden-turf","13":"product_tag-tl","14":"product_tag-vk-tru-green-crop-master","15":"pa_application-cwl-inne-przemyslowe-i-budowlane","16":"pa_construction-diagonalna","17":"pa_load-index-16x6-pl","18":"pa_model-vk-tru-green-crop-master-pl","19":"pa_pr-6-pl-2","20":"pa_rim-diameter-8-pl-2","21":"pa_tl-tt-tl-pl","22":"pa_tyre-size-16x6-50-8-pl","23":"pa_width-6-5-pl-2","25":"first","26":"instock","27":"taxable","28":"shipping-taxable","29":"purchasable","30":"product-type-simple"},"_links":{"self":[{"href":"https:\/\/agrotechtyres.com\/pl\/wp-json\/wp\/v2\/product\/43121","targetHints":{"allow":["GET"]}}],"collection":[{"href":"https:\/\/agrotechtyres.com\/pl\/wp-json\/wp\/v2\/product"}],"about":[{"href":"https:\/\/agrotechtyres.com\/pl\/wp-json\/wp\/v2\/types\/product"}],"replies":[{"embeddable":true,"href":"https:\/\/agrotechtyres.com\/pl\/wp-json\/wp\/v2\/comments?post=43121"}],"version-history":[{"count":0,"href":"https:\/\/agrotechtyres.com\/pl\/wp-json\/wp\/v2\/product\/43121\/revisions"}],"wp:featuredmedia":[{"embeddable":true,"href":"https:\/\/agrotechtyres.com\/pl\/wp-json\/wp\/v2\/media\/38882"}],"wp:attachment":[{"href":"https:\/\/agrotechtyres.com\/pl\/wp-json\/wp\/v2\/media?parent=43121"}],"wp:term":[{"taxonomy":"product_brand","embeddable":true,"href":"https:\/\/agrotechtyres.com\/pl\/wp-json\/wp\/v2\/product_brand?post=43121"},{"taxonomy":"product_cat","embeddable":true,"href":"https:\/\/agrotechtyres.com\/pl\/wp-json\/wp\/v2\/product_cat?post=43121"},{"taxonomy":"product_tag","embeddable":true,"href":"https:\/\/agrotechtyres.com\/pl\/wp-json\/wp\/v2\/product_tag?post=43121"}],"curies":[{"name":"wp","href":"https:\/\/api.w.org\/{rel}","templated":true}]}}