{"id":43118,"date":"2026-04-29T00:54:44","date_gmt":"2026-04-29T00:54:44","guid":{"rendered":"https:\/\/agrotechtyres.com\/product\/16-70-20-14pr-cb715-westlake-and-set-opona\/"},"modified":"2026-04-29T00:54:44","modified_gmt":"2026-04-29T00:54:44","slug":"16-70-20-14pr-cb715-westlake-and-set-opona","status":"publish","type":"product","link":"https:\/\/agrotechtyres.com\/pl\/produkt\/16-70-20-14pr-cb715-westlake-and-set-opona\/","title":{"rendered":"16\/70-20-14PR CB715 WESTLAKE&#038;SET Opona"},"content":{"rendered":"<p>16\/70-20-14PR CB715 WESTLAKE&amp;SET Opona to opona diagonalna TT przeznaczona do \u0142adowarek, maszyn przemys\u0142owych i budowlanych. Zapewnia stabiln\u0105 prac\u0119, dobr\u0105 trwa\u0142o\u015b\u0107 i niezawodne u\u017cytkowanie w maszynach rolniczych, przemys\u0142owych oraz budowlanych.<\/p>\n<p>Najwa\u017cniejsze parametry: rozmiar 16\/70-20, marka WESTLAKE, model CB715, konstrukcja diagonalna, wersja TT. Sprawd\u017a dost\u0119pno\u015b\u0107 i mo\u017cliwo\u015bci dostawy z AgroTech Solution.<\/p>\n","protected":false},"excerpt":{"rendered":"<p>Opona budowlana do \u0142adowarek, maszyn przemys\u0142owych i budowlanych, zaprojektowana z my\u015bl\u0105 o niezawodnej pracy w wymagaj\u0105cych warunkach.<\/p>\n","protected":false},"featured_media":37820,"comment_status":"open","ping_status":"closed","template":"","meta":{"inline_featured_image":false},"product_brand":[],"product_cat":[2621],"product_tag":[1677,1851,1664,1852,1662,1663,1687,1670],"class_list":{"0":"post-43118","1":"product","2":"type-product","3":"status-publish","4":"has-post-thumbnail","6":"product_cat-opony-budowlane","7":"product_tag-14pr","8":"product_tag-16-70-20","9":"product_tag-bias","10":"product_tag-cb715","11":"product_tag-construction","12":"product_tag-cwl-other-industrial-construction","13":"product_tag-tt","14":"product_tag-westlake","15":"pa_application-cwl-inne-przemyslowe-i-budowlane","16":"pa_brand-westlake","17":"pa_construction-diagonalna","18":"pa_model-cb715-pl","19":"pa_pr-1728","20":"pa_profile-70-pl-2","21":"pa_rim-diameter-20-pl-2","22":"pa_tl-tt-tt-pl-2","23":"pa_tyre-size-16-70-20-pl","24":"pa_width-16-pl-2","26":"first","27":"instock","28":"taxable","29":"shipping-taxable","30":"purchasable","31":"product-type-simple"},"_links":{"self":[{"href":"https:\/\/agrotechtyres.com\/pl\/wp-json\/wp\/v2\/product\/43118","targetHints":{"allow":["GET"]}}],"collection":[{"href":"https:\/\/agrotechtyres.com\/pl\/wp-json\/wp\/v2\/product"}],"about":[{"href":"https:\/\/agrotechtyres.com\/pl\/wp-json\/wp\/v2\/types\/product"}],"replies":[{"embeddable":true,"href":"https:\/\/agrotechtyres.com\/pl\/wp-json\/wp\/v2\/comments?post=43118"}],"version-history":[{"count":0,"href":"https:\/\/agrotechtyres.com\/pl\/wp-json\/wp\/v2\/product\/43118\/revisions"}],"wp:featuredmedia":[{"embeddable":true,"href":"https:\/\/agrotechtyres.com\/pl\/wp-json\/wp\/v2\/media\/37820"}],"wp:attachment":[{"href":"https:\/\/agrotechtyres.com\/pl\/wp-json\/wp\/v2\/media?parent=43118"}],"wp:term":[{"taxonomy":"product_brand","embeddable":true,"href":"https:\/\/agrotechtyres.com\/pl\/wp-json\/wp\/v2\/product_brand?post=43118"},{"taxonomy":"product_cat","embeddable":true,"href":"https:\/\/agrotechtyres.com\/pl\/wp-json\/wp\/v2\/product_cat?post=43118"},{"taxonomy":"product_tag","embeddable":true,"href":"https:\/\/agrotechtyres.com\/pl\/wp-json\/wp\/v2\/product_tag?post=43118"}],"curies":[{"name":"wp","href":"https:\/\/api.w.org\/{rel}","templated":true}]}}