{"id":43114,"date":"2026-04-29T00:54:44","date_gmt":"2026-04-29T00:54:44","guid":{"rendered":"https:\/\/agrotechtyres.com\/product\/16-9-30-ceat-12pr-farmax-r1-tt-opona\/"},"modified":"2026-04-29T00:54:44","modified_gmt":"2026-04-29T00:54:44","slug":"16-9-30-ceat-12pr-farmax-r1-tt-opona","status":"publish","type":"product","link":"https:\/\/agrotechtyres.com\/pl\/produkt\/16-9-30-ceat-12pr-farmax-r1-tt-opona\/","title":{"rendered":"16.9-30 CEAT 12PR FARMAX R1 TT Opona"},"content":{"rendered":"<p>16.9-30 CEAT 12PR FARMAX R1 TT Opona to opona diagonalna TT przeznaczona do ci\u0105gnik\u00f3w. Zapewnia stabiln\u0105 prac\u0119, dobr\u0105 trwa\u0142o\u015b\u0107 i niezawodne u\u017cytkowanie w maszynach rolniczych, przemys\u0142owych oraz budowlanych.<\/p>\n<p>Najwa\u017cniejsze parametry: rozmiar 16.9-30, marka CEAT, model FARMAX R1, konstrukcja diagonalna, wersja TT. Sprawd\u017a dost\u0119pno\u015b\u0107 i mo\u017cliwo\u015bci dostawy z AgroTech Solution.<\/p>\n","protected":false},"excerpt":{"rendered":"<p>Opona rolnicza do ci\u0105gnik\u00f3w, zaprojektowana z my\u015bl\u0105 o niezawodnej pracy w wymagaj\u0105cych warunkach.<\/p>\n","protected":false},"featured_media":38308,"comment_status":"open","ping_status":"closed","template":"","meta":{"inline_featured_image":false},"product_brand":[],"product_cat":[1624],"product_tag":[1668,1847,1702,1664,1680,1799,1703,1687],"class_list":{"0":"post-43114","1":"product","2":"type-product","3":"status-publish","4":"has-post-thumbnail","6":"product_cat-opony-rolnicze","7":"product_tag-12pr","8":"product_tag-16-9-30","9":"product_tag-agriculture","10":"product_tag-bias","11":"product_tag-ceat","12":"product_tag-farmax-r1","13":"product_tag-tractor","14":"product_tag-tt","15":"pa_application-ciagnik","16":"pa_brand-ceat","17":"pa_construction-diagonalna","18":"pa_model-farmax-r1-pl","19":"pa_pr-12-pl-2","20":"pa_rim-diameter-1880","21":"pa_tl-tt-tt-pl-2","22":"pa_tread-type-r1-pl-2","23":"pa_tyre-size-16-9-30-pl","24":"pa_width-16-9-pl-2","26":"first","27":"instock","28":"taxable","29":"shipping-taxable","30":"purchasable","31":"product-type-simple"},"_links":{"self":[{"href":"https:\/\/agrotechtyres.com\/pl\/wp-json\/wp\/v2\/product\/43114","targetHints":{"allow":["GET"]}}],"collection":[{"href":"https:\/\/agrotechtyres.com\/pl\/wp-json\/wp\/v2\/product"}],"about":[{"href":"https:\/\/agrotechtyres.com\/pl\/wp-json\/wp\/v2\/types\/product"}],"replies":[{"embeddable":true,"href":"https:\/\/agrotechtyres.com\/pl\/wp-json\/wp\/v2\/comments?post=43114"}],"version-history":[{"count":0,"href":"https:\/\/agrotechtyres.com\/pl\/wp-json\/wp\/v2\/product\/43114\/revisions"}],"wp:featuredmedia":[{"embeddable":true,"href":"https:\/\/agrotechtyres.com\/pl\/wp-json\/wp\/v2\/media\/38308"}],"wp:attachment":[{"href":"https:\/\/agrotechtyres.com\/pl\/wp-json\/wp\/v2\/media?parent=43114"}],"wp:term":[{"taxonomy":"product_brand","embeddable":true,"href":"https:\/\/agrotechtyres.com\/pl\/wp-json\/wp\/v2\/product_brand?post=43114"},{"taxonomy":"product_cat","embeddable":true,"href":"https:\/\/agrotechtyres.com\/pl\/wp-json\/wp\/v2\/product_cat?post=43114"},{"taxonomy":"product_tag","embeddable":true,"href":"https:\/\/agrotechtyres.com\/pl\/wp-json\/wp\/v2\/product_tag?post=43114"}],"curies":[{"name":"wp","href":"https:\/\/api.w.org\/{rel}","templated":true}]}}