{"id":43111,"date":"2026-04-29T00:54:43","date_gmt":"2026-04-29T00:54:43","guid":{"rendered":"https:\/\/agrotechtyres.com\/product\/16-9-28-12pr-vk500-ultra-grip-opona\/"},"modified":"2026-04-29T00:54:43","modified_gmt":"2026-04-29T00:54:43","slug":"16-9-28-12pr-vk500-ultra-grip-opona","status":"publish","type":"product","link":"https:\/\/agrotechtyres.com\/pl\/produkt\/16-9-28-12pr-vk500-ultra-grip-opona\/","title":{"rendered":"16.9-28 12PR VK500 ULTRA GRIP Opona"},"content":{"rendered":"<p>16.9-28 12PR VK500 ULTRA GRIP Opona to opona diagonalna TL przeznaczona do \u0142adowarek, maszyn przemys\u0142owych i budowlanych. Zapewnia stabiln\u0105 prac\u0119, dobr\u0105 trwa\u0142o\u015b\u0107 i niezawodne u\u017cytkowanie w maszynach rolniczych, przemys\u0142owych oraz budowlanych.<\/p>\n<p>Najwa\u017cniejsze parametry: rozmiar 16.9-28, marka VK, model VK500 ULTRA GRIP, konstrukcja diagonalna, wersja TL. Sprawd\u017a dost\u0119pno\u015b\u0107 i mo\u017cliwo\u015bci dostawy z AgroTech Solution.<\/p>\n","protected":false},"excerpt":{"rendered":"<p>Opona budowlana do \u0142adowarek, maszyn przemys\u0142owych i budowlanych, zaprojektowana z my\u015bl\u0105 o niezawodnej pracy w wymagaj\u0105cych warunkach.<\/p>\n","protected":false},"featured_media":38140,"comment_status":"open","ping_status":"closed","template":"","meta":{"inline_featured_image":false},"product_brand":[],"product_cat":[2621],"product_tag":[1668,1844,1664,1662,1663,1665,1659,1845],"class_list":{"0":"post-43111","1":"product","2":"type-product","3":"status-publish","4":"has-post-thumbnail","6":"product_cat-opony-budowlane","7":"product_tag-12pr","8":"product_tag-16-9-28","9":"product_tag-bias","10":"product_tag-construction","11":"product_tag-cwl-other-industrial-construction","12":"product_tag-tl","13":"product_tag-vk","14":"product_tag-vk500-ultra-grip","15":"pa_application-cwl-inne-przemyslowe-i-budowlane","16":"pa_brand-vk","17":"pa_construction-diagonalna","18":"pa_model-vk500-ultra-grip-pl","19":"pa_pr-12-pl-2","20":"pa_rim-diameter-28-pl-2","21":"pa_tl-tt-tl-pl","22":"pa_tyre-size-16-9-28-pl","23":"pa_width-16-9-pl-2","25":"first","26":"outofstock","27":"taxable","28":"shipping-taxable","29":"purchasable","30":"product-type-simple"},"_links":{"self":[{"href":"https:\/\/agrotechtyres.com\/pl\/wp-json\/wp\/v2\/product\/43111","targetHints":{"allow":["GET"]}}],"collection":[{"href":"https:\/\/agrotechtyres.com\/pl\/wp-json\/wp\/v2\/product"}],"about":[{"href":"https:\/\/agrotechtyres.com\/pl\/wp-json\/wp\/v2\/types\/product"}],"replies":[{"embeddable":true,"href":"https:\/\/agrotechtyres.com\/pl\/wp-json\/wp\/v2\/comments?post=43111"}],"version-history":[{"count":0,"href":"https:\/\/agrotechtyres.com\/pl\/wp-json\/wp\/v2\/product\/43111\/revisions"}],"wp:featuredmedia":[{"embeddable":true,"href":"https:\/\/agrotechtyres.com\/pl\/wp-json\/wp\/v2\/media\/38140"}],"wp:attachment":[{"href":"https:\/\/agrotechtyres.com\/pl\/wp-json\/wp\/v2\/media?parent=43111"}],"wp:term":[{"taxonomy":"product_brand","embeddable":true,"href":"https:\/\/agrotechtyres.com\/pl\/wp-json\/wp\/v2\/product_brand?post=43111"},{"taxonomy":"product_cat","embeddable":true,"href":"https:\/\/agrotechtyres.com\/pl\/wp-json\/wp\/v2\/product_cat?post=43111"},{"taxonomy":"product_tag","embeddable":true,"href":"https:\/\/agrotechtyres.com\/pl\/wp-json\/wp\/v2\/product_tag?post=43111"}],"curies":[{"name":"wp","href":"https:\/\/api.w.org\/{rel}","templated":true}]}}