{"id":43106,"date":"2026-04-29T00:54:43","date_gmt":"2026-04-29T00:54:43","guid":{"rendered":"https:\/\/agrotechtyres.com\/product\/16-00-25-36pr-cl629-westlake-port-tl-and-set-air-seal-ring-opona\/"},"modified":"2026-04-29T00:54:43","modified_gmt":"2026-04-29T00:54:43","slug":"16-00-25-36pr-cl629-westlake-port-tl-and-set-air-seal-ring-opona","status":"publish","type":"product","link":"https:\/\/agrotechtyres.com\/pl\/produkt\/16-00-25-36pr-cl629-westlake-port-tl-and-set-air-seal-ring-opona\/","title":{"rendered":"16.00-25-36PR CL629 WESTLAKE PORT TL&#038;SET Air Seal Ring Opona"},"content":{"rendered":"<p>16.00-25-36PR CL629 WESTLAKE PORT TL&amp;SET Air Seal Ring Opona to opona diagonalna TL przeznaczona do sprz\u0119tu portowego i prze\u0142adunkowego. Zapewnia stabiln\u0105 prac\u0119, dobr\u0105 trwa\u0142o\u015b\u0107 i niezawodne u\u017cytkowanie w maszynach rolniczych, przemys\u0142owych oraz budowlanych.<\/p>\n<p>Najwa\u017cniejsze parametry: rozmiar 16.00-25, marka WESTLAKE, model CL629 PORT &amp; Air Seal Ring, konstrukcja diagonalna, wersja TL. Sprawd\u017a dost\u0119pno\u015b\u0107 i mo\u017cliwo\u015bci dostawy z AgroTech Solution.<\/p>\n","protected":false},"excerpt":{"rendered":"<p>Opona portowa i prze\u0142adunkowa do sprz\u0119tu portowego i prze\u0142adunkowego, zaprojektowana z my\u015bl\u0105 o niezawodnej pracy w wymagaj\u0105cych warunkach.<\/p>\n","protected":false},"featured_media":38645,"comment_status":"open","ping_status":"closed","template":"","meta":{"inline_featured_image":false},"product_brand":[],"product_cat":[2625],"product_tag":[1834,1836,1664,1791,1792,1665,1670],"class_list":{"0":"post-43106","1":"product","2":"type-product","3":"status-publish","4":"has-post-thumbnail","6":"product_cat-opony-portowe-przeladunkowe","7":"product_tag-16-00-25","8":"product_tag-36pr","9":"product_tag-bias","10":"product_tag-cl629-port-air-seal-ring","11":"product_tag-ports-handling","12":"product_tag-tl","13":"product_tag-westlake","14":"pa_application-porty-i-przeladunek","15":"pa_brand-westlake","16":"pa_construction-diagonalna","17":"pa_model-cl629-port-air-seal-ring-pl","18":"pa_pr-36-pl-2","19":"pa_rim-diameter-25-pl-2","20":"pa_tl-tt-tl-pl","21":"pa_tyre-size-16-00-25-pl","22":"pa_width-16-pl-2","24":"first","25":"instock","26":"taxable","27":"shipping-taxable","28":"purchasable","29":"product-type-simple"},"_links":{"self":[{"href":"https:\/\/agrotechtyres.com\/pl\/wp-json\/wp\/v2\/product\/43106","targetHints":{"allow":["GET"]}}],"collection":[{"href":"https:\/\/agrotechtyres.com\/pl\/wp-json\/wp\/v2\/product"}],"about":[{"href":"https:\/\/agrotechtyres.com\/pl\/wp-json\/wp\/v2\/types\/product"}],"replies":[{"embeddable":true,"href":"https:\/\/agrotechtyres.com\/pl\/wp-json\/wp\/v2\/comments?post=43106"}],"version-history":[{"count":0,"href":"https:\/\/agrotechtyres.com\/pl\/wp-json\/wp\/v2\/product\/43106\/revisions"}],"wp:featuredmedia":[{"embeddable":true,"href":"https:\/\/agrotechtyres.com\/pl\/wp-json\/wp\/v2\/media\/38645"}],"wp:attachment":[{"href":"https:\/\/agrotechtyres.com\/pl\/wp-json\/wp\/v2\/media?parent=43106"}],"wp:term":[{"taxonomy":"product_brand","embeddable":true,"href":"https:\/\/agrotechtyres.com\/pl\/wp-json\/wp\/v2\/product_brand?post=43106"},{"taxonomy":"product_cat","embeddable":true,"href":"https:\/\/agrotechtyres.com\/pl\/wp-json\/wp\/v2\/product_cat?post=43106"},{"taxonomy":"product_tag","embeddable":true,"href":"https:\/\/agrotechtyres.com\/pl\/wp-json\/wp\/v2\/product_tag?post=43106"}],"curies":[{"name":"wp","href":"https:\/\/api.w.org\/{rel}","templated":true}]}}