{"id":43097,"date":"2026-04-29T00:54:41","date_gmt":"2026-04-29T00:54:41","guid":{"rendered":"https:\/\/agrotechtyres.com\/product\/15-5-25-loader-xl-tl-12pr-g2-l2-opona\/"},"modified":"2026-04-29T00:54:41","modified_gmt":"2026-04-29T00:54:41","slug":"15-5-25-loader-xl-tl-12pr-g2-l2-opona","status":"publish","type":"product","link":"https:\/\/agrotechtyres.com\/pl\/produkt\/15-5-25-loader-xl-tl-12pr-g2-l2-opona\/","title":{"rendered":"15.5-25 LOADER XL TL 12PR G2\/L2 Opona"},"content":{"rendered":"<p>15.5-25 LOADER XL TL 12PR G2\/L2 Opona to opona diagonalna TL przeznaczona do r\u00f3wniarek. Zapewnia stabiln\u0105 prac\u0119, dobr\u0105 trwa\u0142o\u015b\u0107 i niezawodne u\u017cytkowanie w maszynach rolniczych, przemys\u0142owych oraz budowlanych.<\/p>\n<p>Najwa\u017cniejsze parametry: rozmiar 15.5-25, model LOADER XL G2\/L2, konstrukcja diagonalna, wersja TL. Sprawd\u017a dost\u0119pno\u015b\u0107 i mo\u017cliwo\u015bci dostawy z AgroTech Solution.<\/p>\n","protected":false},"excerpt":{"rendered":"<p>Opona budowlana do r\u00f3wniarek, zaprojektowana z my\u015bl\u0105 o niezawodnej pracy w wymagaj\u0105cych warunkach.<\/p>\n","protected":false},"featured_media":41474,"comment_status":"open","ping_status":"closed","template":"","meta":{"inline_featured_image":false},"product_brand":[],"product_cat":[2621],"product_tag":[1668,1825,1664,1662,1777,1827,1665],"class_list":{"0":"post-43097","1":"product","2":"type-product","3":"status-publish","4":"has-post-thumbnail","6":"product_cat-opony-budowlane","7":"product_tag-12pr","8":"product_tag-15-5-25","9":"product_tag-bias","10":"product_tag-construction","11":"product_tag-grader","12":"product_tag-loader-xl-g2-l2","13":"product_tag-tl","14":"pa_application-rowniarka","15":"pa_construction-diagonalna","16":"pa_model-loader-xl-g2-l2-pl","17":"pa_pr-12-pl-2","18":"pa_rim-diameter-25-pl-2","19":"pa_tl-tt-tl-pl","20":"pa_tread-type-g2-l2-pl-2","21":"pa_tyre-size-15-5-25-pl","22":"pa_width-15-5-pl-2","24":"first","25":"instock","26":"taxable","27":"shipping-taxable","28":"purchasable","29":"product-type-simple"},"_links":{"self":[{"href":"https:\/\/agrotechtyres.com\/pl\/wp-json\/wp\/v2\/product\/43097","targetHints":{"allow":["GET"]}}],"collection":[{"href":"https:\/\/agrotechtyres.com\/pl\/wp-json\/wp\/v2\/product"}],"about":[{"href":"https:\/\/agrotechtyres.com\/pl\/wp-json\/wp\/v2\/types\/product"}],"replies":[{"embeddable":true,"href":"https:\/\/agrotechtyres.com\/pl\/wp-json\/wp\/v2\/comments?post=43097"}],"version-history":[{"count":0,"href":"https:\/\/agrotechtyres.com\/pl\/wp-json\/wp\/v2\/product\/43097\/revisions"}],"wp:featuredmedia":[{"embeddable":true,"href":"https:\/\/agrotechtyres.com\/pl\/wp-json\/wp\/v2\/media\/41474"}],"wp:attachment":[{"href":"https:\/\/agrotechtyres.com\/pl\/wp-json\/wp\/v2\/media?parent=43097"}],"wp:term":[{"taxonomy":"product_brand","embeddable":true,"href":"https:\/\/agrotechtyres.com\/pl\/wp-json\/wp\/v2\/product_brand?post=43097"},{"taxonomy":"product_cat","embeddable":true,"href":"https:\/\/agrotechtyres.com\/pl\/wp-json\/wp\/v2\/product_cat?post=43097"},{"taxonomy":"product_tag","embeddable":true,"href":"https:\/\/agrotechtyres.com\/pl\/wp-json\/wp\/v2\/product_tag?post=43097"}],"curies":[{"name":"wp","href":"https:\/\/api.w.org\/{rel}","templated":true}]}}