{"id":43096,"date":"2026-04-29T00:54:41","date_gmt":"2026-04-29T00:54:41","guid":{"rendered":"https:\/\/agrotechtyres.com\/product\/15-5-25-12pr-vk223-max-grader-plus-opona\/"},"modified":"2026-04-29T00:54:41","modified_gmt":"2026-04-29T00:54:41","slug":"15-5-25-12pr-vk223-max-grader-plus-opona","status":"publish","type":"product","link":"https:\/\/agrotechtyres.com\/pl\/produkt\/15-5-25-12pr-vk223-max-grader-plus-opona\/","title":{"rendered":"15.5-25 12PR VK223 MAX GRADER PLUS Opona"},"content":{"rendered":"<p>15.5-25 12PR VK223 MAX GRADER PLUS Opona to opona diagonalna TL przeznaczona do r\u00f3wniarek. Zapewnia stabiln\u0105 prac\u0119, dobr\u0105 trwa\u0142o\u015b\u0107 i niezawodne u\u017cytkowanie w maszynach rolniczych, przemys\u0142owych oraz budowlanych.<\/p>\n<p>Najwa\u017cniejsze parametry: rozmiar 15.5-25, marka VK, model VK223 MAX GRADER PLUS, konstrukcja diagonalna, wersja TL. Sprawd\u017a dost\u0119pno\u015b\u0107 i mo\u017cliwo\u015bci dostawy z AgroTech Solution.<\/p>\n","protected":false},"excerpt":{"rendered":"<p>Opona budowlana do r\u00f3wniarek, zaprojektowana z my\u015bl\u0105 o niezawodnej pracy w wymagaj\u0105cych warunkach.<\/p>\n","protected":false},"featured_media":38140,"comment_status":"open","ping_status":"closed","template":"","meta":{"inline_featured_image":false},"product_brand":[],"product_cat":[2621],"product_tag":[1668,1825,1664,1662,1777,1665,1659,1826],"class_list":{"0":"post-43096","1":"product","2":"type-product","3":"status-publish","4":"has-post-thumbnail","6":"product_cat-opony-budowlane","7":"product_tag-12pr","8":"product_tag-15-5-25","9":"product_tag-bias","10":"product_tag-construction","11":"product_tag-grader","12":"product_tag-tl","13":"product_tag-vk","14":"product_tag-vk223-max-grader-plus","15":"pa_application-rowniarka","16":"pa_brand-vk","17":"pa_construction-diagonalna","18":"pa_model-vk223-max-grader-plus-pl","19":"pa_pr-12-pl-2","20":"pa_rim-diameter-25-pl-2","21":"pa_tl-tt-tl-pl","22":"pa_tyre-size-15-5-25-pl","23":"pa_width-15-5-pl-2","25":"first","26":"instock","27":"taxable","28":"shipping-taxable","29":"purchasable","30":"product-type-simple"},"_links":{"self":[{"href":"https:\/\/agrotechtyres.com\/pl\/wp-json\/wp\/v2\/product\/43096","targetHints":{"allow":["GET"]}}],"collection":[{"href":"https:\/\/agrotechtyres.com\/pl\/wp-json\/wp\/v2\/product"}],"about":[{"href":"https:\/\/agrotechtyres.com\/pl\/wp-json\/wp\/v2\/types\/product"}],"replies":[{"embeddable":true,"href":"https:\/\/agrotechtyres.com\/pl\/wp-json\/wp\/v2\/comments?post=43096"}],"version-history":[{"count":0,"href":"https:\/\/agrotechtyres.com\/pl\/wp-json\/wp\/v2\/product\/43096\/revisions"}],"wp:featuredmedia":[{"embeddable":true,"href":"https:\/\/agrotechtyres.com\/pl\/wp-json\/wp\/v2\/media\/38140"}],"wp:attachment":[{"href":"https:\/\/agrotechtyres.com\/pl\/wp-json\/wp\/v2\/media?parent=43096"}],"wp:term":[{"taxonomy":"product_brand","embeddable":true,"href":"https:\/\/agrotechtyres.com\/pl\/wp-json\/wp\/v2\/product_brand?post=43096"},{"taxonomy":"product_cat","embeddable":true,"href":"https:\/\/agrotechtyres.com\/pl\/wp-json\/wp\/v2\/product_cat?post=43096"},{"taxonomy":"product_tag","embeddable":true,"href":"https:\/\/agrotechtyres.com\/pl\/wp-json\/wp\/v2\/product_tag?post=43096"}],"curies":[{"name":"wp","href":"https:\/\/api.w.org\/{rel}","templated":true}]}}