{"id":43076,"date":"2026-04-29T00:54:23","date_gmt":"2026-04-29T00:54:23","guid":{"rendered":"https:\/\/agrotechtyres.com\/product\/13-0-65-18-ceat-16pr-farm-implement-awi-305tl-opona\/"},"modified":"2026-04-29T00:54:23","modified_gmt":"2026-04-29T00:54:23","slug":"13-0-65-18-ceat-16pr-farm-implement-awi-305tl-opona","status":"publish","type":"product","link":"https:\/\/agrotechtyres.com\/pl\/produkt\/13-0-65-18-ceat-16pr-farm-implement-awi-305tl-opona\/","title":{"rendered":"13.0\/65-18 CEAT 16PR FARM IMPLEMENT AWI 305TL Opona"},"content":{"rendered":"<p>13.0\/65-18 CEAT 16PR FARM IMPLEMENT AWI 305TL Opona to opona diagonalna TL przeznaczona do maszyn i narz\u0119dzi rolniczych. Zapewnia stabiln\u0105 prac\u0119, dobr\u0105 trwa\u0142o\u015b\u0107 i niezawodne u\u017cytkowanie w maszynach rolniczych, przemys\u0142owych oraz budowlanych.<\/p>\n<p>Najwa\u017cniejsze parametry: rozmiar 13.0\/65-18, marka CEAT, model FARM IMPLEMENT AWI 305TL, konstrukcja diagonalna, wersja TL. Sprawd\u017a dost\u0119pno\u015b\u0107 i mo\u017cliwo\u015bci dostawy z AgroTech Solution.<\/p>\n","protected":false},"excerpt":{"rendered":"<p>Opona rolniczo-przemys\u0142owa do maszyn i narz\u0119dzi rolniczych, zaprojektowana z my\u015bl\u0105 o niezawodnej pracy w wymagaj\u0105cych warunkach.<\/p>\n","protected":false},"featured_media":41106,"comment_status":"open","ping_status":"closed","template":"","meta":{"inline_featured_image":false},"product_brand":[],"product_cat":[2620],"product_tag":[1773,1688,1675,1664,1680,1774,1676,1665],"class_list":{"0":"post-43076","1":"product","2":"type-product","3":"status-publish","4":"has-post-thumbnail","6":"product_cat-opony-agroprzemyslowe","7":"product_tag-13-0-65-18","8":"product_tag-16pr","9":"product_tag-agro-industrial","10":"product_tag-bias","11":"product_tag-ceat","12":"product_tag-farm-implement-awi-305tl","13":"product_tag-implement","14":"product_tag-tl","15":"pa_application-maszyny-rolnicze","16":"pa_brand-ceat","17":"pa_construction-diagonalna","18":"pa_model-farm-implement-awi-305tl-pl","19":"pa_pr-16-pl-2","20":"pa_profile-65-pl-2","21":"pa_rim-diameter-18-pl-2","22":"pa_tl-tt-tl-pl","23":"pa_tyre-size-13-0-65-18-pl","24":"pa_width-13-pl-2","26":"first","27":"instock","28":"taxable","29":"shipping-taxable","30":"purchasable","31":"product-type-simple"},"_links":{"self":[{"href":"https:\/\/agrotechtyres.com\/pl\/wp-json\/wp\/v2\/product\/43076","targetHints":{"allow":["GET"]}}],"collection":[{"href":"https:\/\/agrotechtyres.com\/pl\/wp-json\/wp\/v2\/product"}],"about":[{"href":"https:\/\/agrotechtyres.com\/pl\/wp-json\/wp\/v2\/types\/product"}],"replies":[{"embeddable":true,"href":"https:\/\/agrotechtyres.com\/pl\/wp-json\/wp\/v2\/comments?post=43076"}],"version-history":[{"count":0,"href":"https:\/\/agrotechtyres.com\/pl\/wp-json\/wp\/v2\/product\/43076\/revisions"}],"wp:featuredmedia":[{"embeddable":true,"href":"https:\/\/agrotechtyres.com\/pl\/wp-json\/wp\/v2\/media\/41106"}],"wp:attachment":[{"href":"https:\/\/agrotechtyres.com\/pl\/wp-json\/wp\/v2\/media?parent=43076"}],"wp:term":[{"taxonomy":"product_brand","embeddable":true,"href":"https:\/\/agrotechtyres.com\/pl\/wp-json\/wp\/v2\/product_brand?post=43076"},{"taxonomy":"product_cat","embeddable":true,"href":"https:\/\/agrotechtyres.com\/pl\/wp-json\/wp\/v2\/product_cat?post=43076"},{"taxonomy":"product_tag","embeddable":true,"href":"https:\/\/agrotechtyres.com\/pl\/wp-json\/wp\/v2\/product_tag?post=43076"}],"curies":[{"name":"wp","href":"https:\/\/api.w.org\/{rel}","templated":true}]}}