{"id":43057,"date":"2026-04-29T00:54:21","date_gmt":"2026-04-29T00:54:21","guid":{"rendered":"https:\/\/agrotechtyres.com\/product\/11l-15-12pr-vk107-farm-hwy-xl-opona\/"},"modified":"2026-04-29T00:54:21","modified_gmt":"2026-04-29T00:54:21","slug":"11l-15-12pr-vk107-farm-hwy-xl-opona","status":"publish","type":"product","link":"https:\/\/agrotechtyres.com\/pl\/produkt\/11l-15-12pr-vk107-farm-hwy-xl-opona\/","title":{"rendered":"11L-15 12PR VK107 FARM HWY XL Opona"},"content":{"rendered":"<p>11L-15 12PR VK107 FARM HWY XL Opona to opona diagonalna TL przeznaczona do maszyn i narz\u0119dzi rolniczych. Zapewnia stabiln\u0105 prac\u0119, dobr\u0105 trwa\u0142o\u015b\u0107 i niezawodne u\u017cytkowanie w maszynach rolniczych, przemys\u0142owych oraz budowlanych.<\/p>\n<p>Najwa\u017cniejsze parametry: rozmiar 11L-15, marka VK, model VK107 FARM HWY XL, konstrukcja diagonalna, wersja TL. Sprawd\u017a dost\u0119pno\u015b\u0107 i mo\u017cliwo\u015bci dostawy z AgroTech Solution.<\/p>\n","protected":false},"excerpt":{"rendered":"<p>Opona rolniczo-przemys\u0142owa do maszyn i narz\u0119dzi rolniczych, zaprojektowana z my\u015bl\u0105 o niezawodnej pracy w wymagaj\u0105cych warunkach.<\/p>\n","protected":false},"featured_media":38732,"comment_status":"open","ping_status":"closed","template":"","meta":{"inline_featured_image":false},"product_brand":[],"product_cat":[2620],"product_tag":[1711,1709,1668,1675,1664,1676,1665,1659,1712],"class_list":{"0":"post-43057","1":"product","2":"type-product","3":"status-publish","4":"has-post-thumbnail","6":"product_cat-opony-agroprzemyslowe","7":"product_tag-11l","8":"product_tag-11l-15","9":"product_tag-12pr","10":"product_tag-agro-industrial","11":"product_tag-bias","12":"product_tag-implement","13":"product_tag-tl","14":"product_tag-vk","15":"product_tag-vk107-farm-hwy-xl","16":"pa_application-maszyny-rolnicze","17":"pa_brand-vk","18":"pa_construction-diagonalna","19":"pa_load-index-11l-pl-2","20":"pa_model-vk107-farm-hwy-xl-pl","21":"pa_pr-12-pl-2","22":"pa_rim-diameter-15-pl","23":"pa_tl-tt-tl-pl","24":"pa_tyre-size-11l-15-pl","25":"pa_width-11-pl-2","27":"first","28":"instock","29":"taxable","30":"shipping-taxable","31":"purchasable","32":"product-type-simple"},"_links":{"self":[{"href":"https:\/\/agrotechtyres.com\/pl\/wp-json\/wp\/v2\/product\/43057","targetHints":{"allow":["GET"]}}],"collection":[{"href":"https:\/\/agrotechtyres.com\/pl\/wp-json\/wp\/v2\/product"}],"about":[{"href":"https:\/\/agrotechtyres.com\/pl\/wp-json\/wp\/v2\/types\/product"}],"replies":[{"embeddable":true,"href":"https:\/\/agrotechtyres.com\/pl\/wp-json\/wp\/v2\/comments?post=43057"}],"version-history":[{"count":0,"href":"https:\/\/agrotechtyres.com\/pl\/wp-json\/wp\/v2\/product\/43057\/revisions"}],"wp:featuredmedia":[{"embeddable":true,"href":"https:\/\/agrotechtyres.com\/pl\/wp-json\/wp\/v2\/media\/38732"}],"wp:attachment":[{"href":"https:\/\/agrotechtyres.com\/pl\/wp-json\/wp\/v2\/media?parent=43057"}],"wp:term":[{"taxonomy":"product_brand","embeddable":true,"href":"https:\/\/agrotechtyres.com\/pl\/wp-json\/wp\/v2\/product_brand?post=43057"},{"taxonomy":"product_cat","embeddable":true,"href":"https:\/\/agrotechtyres.com\/pl\/wp-json\/wp\/v2\/product_cat?post=43057"},{"taxonomy":"product_tag","embeddable":true,"href":"https:\/\/agrotechtyres.com\/pl\/wp-json\/wp\/v2\/product_tag?post=43057"}],"curies":[{"name":"wp","href":"https:\/\/api.w.org\/{rel}","templated":true}]}}