{"id":43041,"date":"2026-04-29T00:54:18","date_gmt":"2026-04-29T00:54:18","guid":{"rendered":"https:\/\/agrotechtyres.com\/product\/10-0-75-15-3-14pr-vk106-imp-traction-opona\/"},"modified":"2026-04-29T00:54:18","modified_gmt":"2026-04-29T00:54:18","slug":"10-0-75-15-3-14pr-vk106-imp-traction-opona","status":"publish","type":"product","link":"https:\/\/agrotechtyres.com\/pl\/produkt\/10-0-75-15-3-14pr-vk106-imp-traction-opona\/","title":{"rendered":"10.0\/75-15.3 14PR VK106 IMP TRACTION Opona"},"content":{"rendered":"<p>10.0\/75-15.3 14PR VK106 IMP TRACTION Opona to opona diagonalna TL przeznaczona do maszyn i narz\u0119dzi rolniczych. Zapewnia stabiln\u0105 prac\u0119, dobr\u0105 trwa\u0142o\u015b\u0107 i niezawodne u\u017cytkowanie w maszynach rolniczych, przemys\u0142owych oraz budowlanych.<\/p>\n<p>Najwa\u017cniejsze parametry: rozmiar 10.0\/75-15.3, marka VK, model VK106 IMP TRACTION, konstrukcja diagonalna, wersja TL. Sprawd\u017a dost\u0119pno\u015b\u0107 i mo\u017cliwo\u015bci dostawy z AgroTech Solution.<\/p>\n","protected":false},"excerpt":{"rendered":"<p>Opona rolniczo-przemys\u0142owa do maszyn i narz\u0119dzi rolniczych, zaprojektowana z my\u015bl\u0105 o niezawodnej pracy w wymagaj\u0105cych warunkach.<\/p>\n","protected":false},"featured_media":38629,"comment_status":"open","ping_status":"closed","template":"","meta":{"inline_featured_image":false},"product_brand":[],"product_cat":[2620],"product_tag":[1673,1679,1677,1675,1664,1676,1665,1659,1678],"class_list":{"0":"post-43041","1":"product","2":"type-product","3":"status-publish","4":"has-post-thumbnail","6":"product_cat-opony-agroprzemyslowe","7":"product_tag-10-0-75-15-3","8":"product_tag-136a6-132a8","9":"product_tag-14pr","10":"product_tag-agro-industrial","11":"product_tag-bias","12":"product_tag-implement","13":"product_tag-tl","14":"product_tag-vk","15":"product_tag-vk106-imp-traction","16":"pa_application-maszyny-rolnicze","17":"pa_brand-vk","18":"pa_construction-diagonalna","19":"pa_load-index-136a6-132a8-pl","20":"pa_model-vk106-imp-traction-pl","21":"pa_pr-1728","22":"pa_profile-75-pl-2","23":"pa_rim-diameter-15-3-pl-2","24":"pa_tl-tt-tl-pl","25":"pa_tyre-size-10-0-75-15-3-pl","26":"pa_width-10-pl-2","28":"first","29":"instock","30":"taxable","31":"shipping-taxable","32":"purchasable","33":"product-type-simple"},"_links":{"self":[{"href":"https:\/\/agrotechtyres.com\/pl\/wp-json\/wp\/v2\/product\/43041","targetHints":{"allow":["GET"]}}],"collection":[{"href":"https:\/\/agrotechtyres.com\/pl\/wp-json\/wp\/v2\/product"}],"about":[{"href":"https:\/\/agrotechtyres.com\/pl\/wp-json\/wp\/v2\/types\/product"}],"replies":[{"embeddable":true,"href":"https:\/\/agrotechtyres.com\/pl\/wp-json\/wp\/v2\/comments?post=43041"}],"version-history":[{"count":0,"href":"https:\/\/agrotechtyres.com\/pl\/wp-json\/wp\/v2\/product\/43041\/revisions"}],"wp:featuredmedia":[{"embeddable":true,"href":"https:\/\/agrotechtyres.com\/pl\/wp-json\/wp\/v2\/media\/38629"}],"wp:attachment":[{"href":"https:\/\/agrotechtyres.com\/pl\/wp-json\/wp\/v2\/media?parent=43041"}],"wp:term":[{"taxonomy":"product_brand","embeddable":true,"href":"https:\/\/agrotechtyres.com\/pl\/wp-json\/wp\/v2\/product_brand?post=43041"},{"taxonomy":"product_cat","embeddable":true,"href":"https:\/\/agrotechtyres.com\/pl\/wp-json\/wp\/v2\/product_cat?post=43041"},{"taxonomy":"product_tag","embeddable":true,"href":"https:\/\/agrotechtyres.com\/pl\/wp-json\/wp\/v2\/product_tag?post=43041"}],"curies":[{"name":"wp","href":"https:\/\/api.w.org\/{rel}","templated":true}]}}