{"id":43024,"date":"2026-04-29T00:53:27","date_gmt":"2026-04-29T00:53:27","guid":{"rendered":"https:\/\/agrotechtyres.com\/product\/vf600-70r30-ceat-torquemax-170d-tl-sb-pneu\/"},"modified":"2026-04-29T00:53:27","modified_gmt":"2026-04-29T00:53:27","slug":"vf600-70r30-ceat-torquemax-170d-tl-sb-pneu","status":"publish","type":"product","link":"https:\/\/agrotechtyres.com\/fr\/produit\/vf600-70r30-ceat-torquemax-170d-tl-sb-pneu\/","title":{"rendered":"VF600\/70R30 CEAT TORQUEMAX 170D TL SB Pneu"},"content":{"rendered":"<p>Le VF600\/70R30 CEAT TORQUEMAX 170D TL SB Pneu est un pneu radial TL con\u00e7u pour tracteurs. Il offre une performance stable, une bonne durabilit\u00e9 et une utilisation fiable pour les \u00e9quipements agricoles, industriels et de construction.<\/p>\n<p>Caract\u00e9ristiques principales : dimension VF600\/70R30, marque CEAT, mod\u00e8le VF600\/70R30 TORQUEMAX, construction radial, version TL. V\u00e9rifiez la disponibilit\u00e9 et les options de livraison avec AgroTech Solution.<\/p>\n","protected":false},"excerpt":{"rendered":"<p>Pneu agricole pour tracteurs, con\u00e7u pour offrir des performances fiables dans des conditions exigeantes.<\/p>\n","protected":false},"featured_media":37880,"comment_status":"open","ping_status":"closed","template":"","meta":{"inline_featured_image":false},"product_brand":[],"product_cat":[1622],"product_tag":[2426,1702,1680,1696,1665,2478,1703,2488],"class_list":{"0":"post-43024","1":"product","2":"type-product","3":"status-publish","4":"has-post-thumbnail","6":"product_cat-pneus-agricoles","7":"product_tag-170d","8":"product_tag-agriculture","9":"product_tag-ceat","10":"product_tag-radial","11":"product_tag-tl","12":"product_tag-torquemax","13":"product_tag-tractor","14":"product_tag-vf600-70r30","15":"pa_application-tracteur","16":"pa_brand-ceat","17":"pa_construction-radial","18":"pa_load-index-170d-fr-2","19":"pa_model-vf600-70r30-torquemax-fr","20":"pa_profile-70-fr-2","21":"pa_rim-diameter-30-fr-2","22":"pa_tl-tt-tl-fr","23":"pa_tread-type-r3-fr-2","24":"pa_tyre-size-vf600-70r30-fr-2","25":"pa_width-600-fr-2","27":"first","28":"instock","29":"taxable","30":"shipping-taxable","31":"purchasable","32":"product-type-simple"},"_links":{"self":[{"href":"https:\/\/agrotechtyres.com\/fr\/wp-json\/wp\/v2\/product\/43024","targetHints":{"allow":["GET"]}}],"collection":[{"href":"https:\/\/agrotechtyres.com\/fr\/wp-json\/wp\/v2\/product"}],"about":[{"href":"https:\/\/agrotechtyres.com\/fr\/wp-json\/wp\/v2\/types\/product"}],"replies":[{"embeddable":true,"href":"https:\/\/agrotechtyres.com\/fr\/wp-json\/wp\/v2\/comments?post=43024"}],"version-history":[{"count":0,"href":"https:\/\/agrotechtyres.com\/fr\/wp-json\/wp\/v2\/product\/43024\/revisions"}],"wp:featuredmedia":[{"embeddable":true,"href":"https:\/\/agrotechtyres.com\/fr\/wp-json\/wp\/v2\/media\/37880"}],"wp:attachment":[{"href":"https:\/\/agrotechtyres.com\/fr\/wp-json\/wp\/v2\/media?parent=43024"}],"wp:term":[{"taxonomy":"product_brand","embeddable":true,"href":"https:\/\/agrotechtyres.com\/fr\/wp-json\/wp\/v2\/product_brand?post=43024"},{"taxonomy":"product_cat","embeddable":true,"href":"https:\/\/agrotechtyres.com\/fr\/wp-json\/wp\/v2\/product_cat?post=43024"},{"taxonomy":"product_tag","embeddable":true,"href":"https:\/\/agrotechtyres.com\/fr\/wp-json\/wp\/v2\/product_tag?post=43024"}],"curies":[{"name":"wp","href":"https:\/\/api.w.org\/{rel}","templated":true}]}}