{"id":43021,"date":"2026-04-29T00:53:16","date_gmt":"2026-04-29T00:53:16","guid":{"rendered":"https:\/\/agrotechtyres.com\/product\/vf380-90r46-ceat-spraymax-173d-tl-pneu\/"},"modified":"2026-04-29T00:53:16","modified_gmt":"2026-04-29T00:53:16","slug":"vf380-90r46-ceat-spraymax-173d-tl-pneu","status":"publish","type":"product","link":"https:\/\/agrotechtyres.com\/fr\/produit\/vf380-90r46-ceat-spraymax-173d-tl-pneu\/","title":{"rendered":"VF380\/90R46 CEAT SPRAYMAX 173D TL Pneu"},"content":{"rendered":"<p>Le VF380\/90R46 CEAT SPRAYMAX 173D TL Pneu est un pneu radial TL con\u00e7u pour pulv\u00e9risateurs. Il offre une performance stable, une bonne durabilit\u00e9 et une utilisation fiable pour les \u00e9quipements agricoles, industriels et de construction.<\/p>\n<p>Caract\u00e9ristiques principales : dimension VF380\/90R46, marque CEAT, mod\u00e8le VF380\/90R46 SPRAYMAX, construction radial, version TL. V\u00e9rifiez la disponibilit\u00e9 et les options de livraison avec AgroTech Solution.<\/p>\n","protected":false},"excerpt":{"rendered":"<p>Pneu agricole pour pulv\u00e9risateurs, con\u00e7u pour offrir des performances fiables dans des conditions exigeantes.<\/p>\n","protected":false},"featured_media":37720,"comment_status":"open","ping_status":"closed","template":"","meta":{"inline_featured_image":false},"product_brand":[],"product_cat":[1622],"product_tag":[2484,1702,1680,1696,2483,2482,1665,2481],"class_list":{"0":"post-43021","1":"product","2":"type-product","3":"status-publish","4":"has-post-thumbnail","6":"product_cat-pneus-agricoles","7":"product_tag-173d","8":"product_tag-agriculture","9":"product_tag-ceat","10":"product_tag-radial","11":"product_tag-sprayer","12":"product_tag-spraymax","13":"product_tag-tl","14":"product_tag-vf380-90r46","15":"pa_application-pulverisateur","16":"pa_brand-ceat","17":"pa_construction-radial","18":"pa_load-index-173d-fr-2","19":"pa_model-vf380-90r46-spraymax-fr","20":"pa_profile-2777","21":"pa_rim-diameter-2187","22":"pa_tl-tt-tl-fr","23":"pa_tread-type-r4-fr-2","24":"pa_tyre-size-vf380-90r46-fr-2","25":"pa_width-380-fr-2","27":"first","28":"instock","29":"taxable","30":"shipping-taxable","31":"purchasable","32":"product-type-simple"},"_links":{"self":[{"href":"https:\/\/agrotechtyres.com\/fr\/wp-json\/wp\/v2\/product\/43021","targetHints":{"allow":["GET"]}}],"collection":[{"href":"https:\/\/agrotechtyres.com\/fr\/wp-json\/wp\/v2\/product"}],"about":[{"href":"https:\/\/agrotechtyres.com\/fr\/wp-json\/wp\/v2\/types\/product"}],"replies":[{"embeddable":true,"href":"https:\/\/agrotechtyres.com\/fr\/wp-json\/wp\/v2\/comments?post=43021"}],"version-history":[{"count":0,"href":"https:\/\/agrotechtyres.com\/fr\/wp-json\/wp\/v2\/product\/43021\/revisions"}],"wp:featuredmedia":[{"embeddable":true,"href":"https:\/\/agrotechtyres.com\/fr\/wp-json\/wp\/v2\/media\/37720"}],"wp:attachment":[{"href":"https:\/\/agrotechtyres.com\/fr\/wp-json\/wp\/v2\/media?parent=43021"}],"wp:term":[{"taxonomy":"product_brand","embeddable":true,"href":"https:\/\/agrotechtyres.com\/fr\/wp-json\/wp\/v2\/product_brand?post=43021"},{"taxonomy":"product_cat","embeddable":true,"href":"https:\/\/agrotechtyres.com\/fr\/wp-json\/wp\/v2\/product_cat?post=43021"},{"taxonomy":"product_tag","embeddable":true,"href":"https:\/\/agrotechtyres.com\/fr\/wp-json\/wp\/v2\/product_tag?post=43021"}],"curies":[{"name":"wp","href":"https:\/\/api.w.org\/{rel}","templated":true}]}}