{"id":43001,"date":"2026-04-29T00:53:13","date_gmt":"2026-04-29T00:53:13","guid":{"rendered":"https:\/\/agrotechtyres.com\/product\/750-65r26-28lr26-ceat-cho-yieldmax173a8-b-tlsb-pneu\/"},"modified":"2026-04-29T00:53:13","modified_gmt":"2026-04-29T00:53:13","slug":"750-65r26-28lr26-ceat-cho-yieldmax173a8-b-tlsb-pneu","status":"publish","type":"product","link":"https:\/\/agrotechtyres.com\/fr\/produit\/750-65r26-28lr26-ceat-cho-yieldmax173a8-b-tlsb-pneu\/","title":{"rendered":"750\/65R26 (28LR26) CEAT CHO YIELDMAX173A8\/B TLSB Pneu"},"content":{"rendered":"<p>Le 750\/65R26 (28LR26) CEAT CHO YIELDMAX173A8\/B TLSB Pneu est un pneu radial TL con\u00e7u pour outils et \u00e9quipements attel\u00e9s. Il offre une performance stable, une bonne durabilit\u00e9 et une utilisation fiable pour les \u00e9quipements agricoles, industriels et de construction.<\/p>\n<p>Caract\u00e9ristiques principales : dimension 750\/65R26, marque CEAT, mod\u00e8le CHO YIELDMAX173A8\/B TLSB, construction radial, version TL. V\u00e9rifiez la disponibilit\u00e9 et les options de livraison avec AgroTech Solution.<\/p>\n","protected":false},"excerpt":{"rendered":"<p>Pneu agro-industriel pour outils et \u00e9quipements attel\u00e9s, con\u00e7u pour offrir des performances fiables dans des conditions exigeantes.<\/p>\n","protected":false},"featured_media":38240,"comment_status":"open","ping_status":"closed","template":"","meta":{"inline_featured_image":false},"product_brand":[],"product_cat":[2633],"product_tag":[2450,2448,1675,1680,2449,1676,1696,1665],"class_list":{"0":"post-43001","1":"product","2":"type-product","3":"status-publish","4":"has-post-thumbnail","6":"product_cat-pneus-agro-industriels","7":"product_tag-173a8-b-sb","8":"product_tag-750-65r26","9":"product_tag-agro-industrial","10":"product_tag-ceat","11":"product_tag-cho-yieldmax173a8-b-tlsb","12":"product_tag-implement","13":"product_tag-radial","14":"product_tag-tl","15":"pa_application-outils-agricoles","16":"pa_brand-ceat","17":"pa_construction-radial","18":"pa_load-index-173a8-b-sb","19":"pa_model-cho-yieldmax173a8-b-tlsb-fr","20":"pa_profile-65-fr-2","21":"pa_rim-diameter-26-fr-2","22":"pa_tl-tt-tl-fr","23":"pa_tyre-size-750-65r26-fr","24":"pa_width-750-fr-2","26":"first","27":"instock","28":"taxable","29":"shipping-taxable","30":"purchasable","31":"product-type-simple"},"_links":{"self":[{"href":"https:\/\/agrotechtyres.com\/fr\/wp-json\/wp\/v2\/product\/43001","targetHints":{"allow":["GET"]}}],"collection":[{"href":"https:\/\/agrotechtyres.com\/fr\/wp-json\/wp\/v2\/product"}],"about":[{"href":"https:\/\/agrotechtyres.com\/fr\/wp-json\/wp\/v2\/types\/product"}],"replies":[{"embeddable":true,"href":"https:\/\/agrotechtyres.com\/fr\/wp-json\/wp\/v2\/comments?post=43001"}],"version-history":[{"count":0,"href":"https:\/\/agrotechtyres.com\/fr\/wp-json\/wp\/v2\/product\/43001\/revisions"}],"wp:featuredmedia":[{"embeddable":true,"href":"https:\/\/agrotechtyres.com\/fr\/wp-json\/wp\/v2\/media\/38240"}],"wp:attachment":[{"href":"https:\/\/agrotechtyres.com\/fr\/wp-json\/wp\/v2\/media?parent=43001"}],"wp:term":[{"taxonomy":"product_brand","embeddable":true,"href":"https:\/\/agrotechtyres.com\/fr\/wp-json\/wp\/v2\/product_brand?post=43001"},{"taxonomy":"product_cat","embeddable":true,"href":"https:\/\/agrotechtyres.com\/fr\/wp-json\/wp\/v2\/product_cat?post=43001"},{"taxonomy":"product_tag","embeddable":true,"href":"https:\/\/agrotechtyres.com\/fr\/wp-json\/wp\/v2\/product_tag?post=43001"}],"curies":[{"name":"wp","href":"https:\/\/api.w.org\/{rel}","templated":true}]}}