{"id":42998,"date":"2026-04-29T00:53:13","date_gmt":"2026-04-29T00:53:13","guid":{"rendered":"https:\/\/agrotechtyres.com\/product\/710-70r42-ceat-farmax-r70-tl-173a8-b-pneu\/"},"modified":"2026-04-29T00:53:13","modified_gmt":"2026-04-29T00:53:13","slug":"710-70r42-ceat-farmax-r70-tl-173a8-b-pneu","status":"publish","type":"product","link":"https:\/\/agrotechtyres.com\/fr\/produit\/710-70r42-ceat-farmax-r70-tl-173a8-b-pneu\/","title":{"rendered":"710\/70R42 CEAT FARMAX R70 TL 173A8\/B Pneu"},"content":{"rendered":"<p>Le 710\/70R42 CEAT FARMAX R70 TL 173A8\/B Pneu est un pneu radial TL con\u00e7u pour tracteurs. Il offre une performance stable, une bonne durabilit\u00e9 et une utilisation fiable pour les \u00e9quipements agricoles, industriels et de construction.<\/p>\n<p>Caract\u00e9ristiques principales : dimension 710\/70R42, marque CEAT, mod\u00e8le FARMAX R70 \/B, construction radial, version TL. V\u00e9rifiez la disponibilit\u00e9 et les options de livraison avec AgroTech Solution.<\/p>\n","protected":false},"excerpt":{"rendered":"<p>Pneu agricole pour tracteurs, con\u00e7u pour offrir des performances fiables dans des conditions exigeantes.<\/p>\n","protected":false},"featured_media":38224,"comment_status":"open","ping_status":"closed","template":"","meta":{"inline_featured_image":false},"product_brand":[],"product_cat":[1622],"product_tag":[2432,2429,1702,1680,2132,1696,1665,1703],"class_list":{"0":"post-42998","1":"product","2":"type-product","3":"status-publish","4":"has-post-thumbnail","6":"product_cat-pneus-agricoles","7":"product_tag-173a8","8":"product_tag-710-70r42","9":"product_tag-agriculture","10":"product_tag-ceat","11":"product_tag-farmax-r70-b","12":"product_tag-radial","13":"product_tag-tl","14":"product_tag-tractor","15":"pa_application-tracteur","16":"pa_brand-ceat","17":"pa_construction-radial","18":"pa_load-index-173a8-fr-2","19":"pa_model-farmax-r70-b-fr","20":"pa_profile-70-fr-2","21":"pa_rim-diameter-42-fr-2","22":"pa_tl-tt-tl-fr","23":"pa_tread-type-r4-fr-2","24":"pa_tyre-size-710-70r42-fr","25":"pa_width-710-fr-2","27":"first","28":"instock","29":"taxable","30":"shipping-taxable","31":"purchasable","32":"product-type-simple"},"_links":{"self":[{"href":"https:\/\/agrotechtyres.com\/fr\/wp-json\/wp\/v2\/product\/42998","targetHints":{"allow":["GET"]}}],"collection":[{"href":"https:\/\/agrotechtyres.com\/fr\/wp-json\/wp\/v2\/product"}],"about":[{"href":"https:\/\/agrotechtyres.com\/fr\/wp-json\/wp\/v2\/types\/product"}],"replies":[{"embeddable":true,"href":"https:\/\/agrotechtyres.com\/fr\/wp-json\/wp\/v2\/comments?post=42998"}],"version-history":[{"count":0,"href":"https:\/\/agrotechtyres.com\/fr\/wp-json\/wp\/v2\/product\/42998\/revisions"}],"wp:featuredmedia":[{"embeddable":true,"href":"https:\/\/agrotechtyres.com\/fr\/wp-json\/wp\/v2\/media\/38224"}],"wp:attachment":[{"href":"https:\/\/agrotechtyres.com\/fr\/wp-json\/wp\/v2\/media?parent=42998"}],"wp:term":[{"taxonomy":"product_brand","embeddable":true,"href":"https:\/\/agrotechtyres.com\/fr\/wp-json\/wp\/v2\/product_brand?post=42998"},{"taxonomy":"product_cat","embeddable":true,"href":"https:\/\/agrotechtyres.com\/fr\/wp-json\/wp\/v2\/product_cat?post=42998"},{"taxonomy":"product_tag","embeddable":true,"href":"https:\/\/agrotechtyres.com\/fr\/wp-json\/wp\/v2\/product_tag?post=42998"}],"curies":[{"name":"wp","href":"https:\/\/api.w.org\/{rel}","templated":true}]}}