{"id":42986,"date":"2026-04-29T00:53:11","date_gmt":"2026-04-29T00:53:11","guid":{"rendered":"https:\/\/agrotechtyres.com\/product\/7-00-12-5-0r-cl403s-simple-westlake-pneu\/"},"modified":"2026-04-29T00:53:11","modified_gmt":"2026-04-29T00:53:11","slug":"7-00-12-5-0r-cl403s-simple-westlake-pneu","status":"publish","type":"product","link":"https:\/\/agrotechtyres.com\/fr\/produit\/7-00-12-5-0r-cl403s-simple-westlake-pneu\/","title":{"rendered":"7.00-12\/5.0R CL403S SIMPLE WESTLAKE Pneu"},"content":{"rendered":"<p>Le 7.00-12\/5.0R CL403S SIMPLE WESTLAKE Pneu est un pneu diagonal TL con\u00e7u pour chariots \u00e9l\u00e9vateurs. Il offre une performance stable, une bonne durabilit\u00e9 et une utilisation fiable pour les \u00e9quipements agricoles, industriels et de construction.<\/p>\n<p>Caract\u00e9ristiques principales : dimension 7.00-12, marque WESTLAKE, mod\u00e8le \/5.0R CL403S SIMPLE, construction diagonal, version TL. V\u00e9rifiez la disponibilit\u00e9 et les options de livraison avec AgroTech Solution.<\/p>\n","protected":false},"excerpt":{"rendered":"<p>Pneu industriel pour chariots \u00e9l\u00e9vateurs, con\u00e7u pour offrir des performances fiables dans des conditions exigeantes.<\/p>\n","protected":false},"featured_media":38619,"comment_status":"open","ping_status":"closed","template":"","meta":{"inline_featured_image":false},"product_brand":[],"product_cat":[2635],"product_tag":[2359,2415,1664,1857,1856,1665,1670],"class_list":{"0":"post-42986","1":"product","2":"type-product","3":"status-publish","4":"has-post-thumbnail","6":"product_cat-pneus-industriels","7":"product_tag-5-0r-cl403s-simple","8":"product_tag-7-00-12","9":"product_tag-bias","10":"product_tag-forklift","11":"product_tag-industrial","12":"product_tag-tl","13":"product_tag-westlake","14":"pa_application-chariot-elevateur","15":"pa_brand-westlake","16":"pa_construction-diagonal","17":"pa_model-5-0r-cl403s-simple-fr","18":"pa_rim-diameter-12-fr-2","19":"pa_tl-tt-tl-fr","20":"pa_tread-type-l4","21":"pa_tyre-size-7-00-12-fr","22":"pa_width-7-fr-2","24":"first","25":"instock","26":"taxable","27":"shipping-taxable","28":"purchasable","29":"product-type-simple"},"_links":{"self":[{"href":"https:\/\/agrotechtyres.com\/fr\/wp-json\/wp\/v2\/product\/42986","targetHints":{"allow":["GET"]}}],"collection":[{"href":"https:\/\/agrotechtyres.com\/fr\/wp-json\/wp\/v2\/product"}],"about":[{"href":"https:\/\/agrotechtyres.com\/fr\/wp-json\/wp\/v2\/types\/product"}],"replies":[{"embeddable":true,"href":"https:\/\/agrotechtyres.com\/fr\/wp-json\/wp\/v2\/comments?post=42986"}],"version-history":[{"count":0,"href":"https:\/\/agrotechtyres.com\/fr\/wp-json\/wp\/v2\/product\/42986\/revisions"}],"wp:featuredmedia":[{"embeddable":true,"href":"https:\/\/agrotechtyres.com\/fr\/wp-json\/wp\/v2\/media\/38619"}],"wp:attachment":[{"href":"https:\/\/agrotechtyres.com\/fr\/wp-json\/wp\/v2\/media?parent=42986"}],"wp:term":[{"taxonomy":"product_brand","embeddable":true,"href":"https:\/\/agrotechtyres.com\/fr\/wp-json\/wp\/v2\/product_brand?post=42986"},{"taxonomy":"product_cat","embeddable":true,"href":"https:\/\/agrotechtyres.com\/fr\/wp-json\/wp\/v2\/product_cat?post=42986"},{"taxonomy":"product_tag","embeddable":true,"href":"https:\/\/agrotechtyres.com\/fr\/wp-json\/wp\/v2\/product_tag?post=42986"}],"curies":[{"name":"wp","href":"https:\/\/api.w.org\/{rel}","templated":true}]}}