{"id":42941,"date":"2026-04-29T00:52:49","date_gmt":"2026-04-29T00:52:49","guid":{"rendered":"https:\/\/agrotechtyres.com\/product\/520-85r46-ceat-farmax-r85-tl-158d-161a8-pneu\/"},"modified":"2026-04-29T00:52:49","modified_gmt":"2026-04-29T00:52:49","slug":"520-85r46-ceat-farmax-r85-tl-158d-161a8-pneu","status":"publish","type":"product","link":"https:\/\/agrotechtyres.com\/fr\/produit\/520-85r46-ceat-farmax-r85-tl-158d-161a8-pneu\/","title":{"rendered":"520\/85R46 CEAT FARMAX R85 TL 158D\/161A8 Pneu"},"content":{"rendered":"<p>Le 520\/85R46 CEAT FARMAX R85 TL 158D\/161A8 Pneu est un pneu radial TL con\u00e7u pour tracteurs. Il offre une performance stable, une bonne durabilit\u00e9 et une utilisation fiable pour les \u00e9quipements agricoles, industriels et de construction.<\/p>\n<p>Caract\u00e9ristiques principales : dimension 520\/85R46, marque CEAT, mod\u00e8le FARMAX R85, construction radial, version TL. V\u00e9rifiez la disponibilit\u00e9 et les options de livraison avec AgroTech Solution.<\/p>\n","protected":false},"excerpt":{"rendered":"<p>Pneu agricole pour tracteurs, con\u00e7u pour offrir des performances fiables dans des conditions exigeantes.<\/p>\n","protected":false},"featured_media":37900,"comment_status":"open","ping_status":"closed","template":"","meta":{"inline_featured_image":false},"product_brand":[],"product_cat":[1622],"product_tag":[2333,2332,1702,1680,2047,1696,1665,1703],"class_list":{"0":"post-42941","1":"product","2":"type-product","3":"status-publish","4":"has-post-thumbnail","6":"product_cat-pneus-agricoles","7":"product_tag-158d-161a8","8":"product_tag-520-85r46","9":"product_tag-agriculture","10":"product_tag-ceat","11":"product_tag-farmax-r85","12":"product_tag-radial","13":"product_tag-tl","14":"product_tag-tractor","15":"pa_application-tracteur","16":"pa_brand-ceat","17":"pa_construction-radial","18":"pa_load-index-158d-161a8-fr-2","19":"pa_model-farmax-r85-fr","20":"pa_profile-85-fr-2","21":"pa_rim-diameter-2187","22":"pa_tl-tt-tl-fr","23":"pa_tread-type-r4-fr-2","24":"pa_tyre-size-520-85r46-fr","25":"pa_width-520-fr-2","27":"first","28":"instock","29":"taxable","30":"shipping-taxable","31":"purchasable","32":"product-type-simple"},"_links":{"self":[{"href":"https:\/\/agrotechtyres.com\/fr\/wp-json\/wp\/v2\/product\/42941","targetHints":{"allow":["GET"]}}],"collection":[{"href":"https:\/\/agrotechtyres.com\/fr\/wp-json\/wp\/v2\/product"}],"about":[{"href":"https:\/\/agrotechtyres.com\/fr\/wp-json\/wp\/v2\/types\/product"}],"replies":[{"embeddable":true,"href":"https:\/\/agrotechtyres.com\/fr\/wp-json\/wp\/v2\/comments?post=42941"}],"version-history":[{"count":0,"href":"https:\/\/agrotechtyres.com\/fr\/wp-json\/wp\/v2\/product\/42941\/revisions"}],"wp:featuredmedia":[{"embeddable":true,"href":"https:\/\/agrotechtyres.com\/fr\/wp-json\/wp\/v2\/media\/37900"}],"wp:attachment":[{"href":"https:\/\/agrotechtyres.com\/fr\/wp-json\/wp\/v2\/media?parent=42941"}],"wp:term":[{"taxonomy":"product_brand","embeddable":true,"href":"https:\/\/agrotechtyres.com\/fr\/wp-json\/wp\/v2\/product_brand?post=42941"},{"taxonomy":"product_cat","embeddable":true,"href":"https:\/\/agrotechtyres.com\/fr\/wp-json\/wp\/v2\/product_cat?post=42941"},{"taxonomy":"product_tag","embeddable":true,"href":"https:\/\/agrotechtyres.com\/fr\/wp-json\/wp\/v2\/product_tag?post=42941"}],"curies":[{"name":"wp","href":"https:\/\/api.w.org\/{rel}","templated":true}]}}