{"id":42935,"date":"2026-04-29T00:52:48","date_gmt":"2026-04-29T00:52:48","guid":{"rendered":"https:\/\/agrotechtyres.com\/product\/500-70r24-19-5lr24-ceat-loadpro-164a8-b-sb-pneu\/"},"modified":"2026-04-29T00:52:48","modified_gmt":"2026-04-29T00:52:48","slug":"500-70r24-19-5lr24-ceat-loadpro-164a8-b-sb-pneu","status":"publish","type":"product","link":"https:\/\/agrotechtyres.com\/fr\/produit\/500-70r24-19-5lr24-ceat-loadpro-164a8-b-sb-pneu\/","title":{"rendered":"500\/70R24(19.5LR24) CEAT LOADPRO 164A8\/B SB Pneu"},"content":{"rendered":"<p>Le 500\/70R24(19.5LR24) CEAT LOADPRO 164A8\/B SB Pneu est un pneu radial TL con\u00e7u pour chargeuses, engins industriels et machines de construction. Il offre une performance stable, une bonne durabilit\u00e9 et une utilisation fiable pour les \u00e9quipements agricoles, industriels et de construction.<\/p>\n<p>Caract\u00e9ristiques principales : dimension 500\/70R24, marque CEAT, mod\u00e8le LOADPRO \/B, construction radial, version TL. V\u00e9rifiez la disponibilit\u00e9 et les options de livraison avec AgroTech Solution.<\/p>\n","protected":false},"excerpt":{"rendered":"<p>Pneu pour engins de chantier pour chargeuses, engins industriels et machines de construction, con\u00e7u pour offrir des performances fiables dans des conditions exigeantes.<\/p>\n","protected":false},"featured_media":38088,"comment_status":"open","ping_status":"closed","template":"","meta":{"inline_featured_image":false},"product_brand":[],"product_cat":[2634],"product_tag":[2305,2303,1680,1662,1663,2116,1696,1665],"class_list":{"0":"post-42935","1":"product","2":"type-product","3":"status-publish","4":"has-post-thumbnail","6":"product_cat-pneus-de-construction","7":"product_tag-164a8","8":"product_tag-500-70r24","9":"product_tag-ceat","10":"product_tag-construction","11":"product_tag-cwl-other-industrial-construction","12":"product_tag-loadpro-b","13":"product_tag-radial","14":"product_tag-tl","15":"pa_application-cwl-autres-applications-industrielles-et-construction","16":"pa_brand-ceat","17":"pa_construction-radial","18":"pa_load-index-164a8-fr-2","19":"pa_model-loadpro-b-fr","20":"pa_profile-70-fr-2","21":"pa_rim-diameter-24-fr-2","22":"pa_tl-tt-tl-fr","23":"pa_tyre-size-500-70r24-fr","24":"pa_width-500-fr-2","26":"first","27":"instock","28":"taxable","29":"shipping-taxable","30":"purchasable","31":"product-type-simple"},"_links":{"self":[{"href":"https:\/\/agrotechtyres.com\/fr\/wp-json\/wp\/v2\/product\/42935","targetHints":{"allow":["GET"]}}],"collection":[{"href":"https:\/\/agrotechtyres.com\/fr\/wp-json\/wp\/v2\/product"}],"about":[{"href":"https:\/\/agrotechtyres.com\/fr\/wp-json\/wp\/v2\/types\/product"}],"replies":[{"embeddable":true,"href":"https:\/\/agrotechtyres.com\/fr\/wp-json\/wp\/v2\/comments?post=42935"}],"version-history":[{"count":0,"href":"https:\/\/agrotechtyres.com\/fr\/wp-json\/wp\/v2\/product\/42935\/revisions"}],"wp:featuredmedia":[{"embeddable":true,"href":"https:\/\/agrotechtyres.com\/fr\/wp-json\/wp\/v2\/media\/38088"}],"wp:attachment":[{"href":"https:\/\/agrotechtyres.com\/fr\/wp-json\/wp\/v2\/media?parent=42935"}],"wp:term":[{"taxonomy":"product_brand","embeddable":true,"href":"https:\/\/agrotechtyres.com\/fr\/wp-json\/wp\/v2\/product_brand?post=42935"},{"taxonomy":"product_cat","embeddable":true,"href":"https:\/\/agrotechtyres.com\/fr\/wp-json\/wp\/v2\/product_cat?post=42935"},{"taxonomy":"product_tag","embeddable":true,"href":"https:\/\/agrotechtyres.com\/fr\/wp-json\/wp\/v2\/product_tag?post=42935"}],"curies":[{"name":"wp","href":"https:\/\/api.w.org\/{rel}","templated":true}]}}