{"id":42924,"date":"2026-04-29T00:52:47","date_gmt":"2026-04-29T00:52:47","guid":{"rendered":"https:\/\/agrotechtyres.com\/product\/5-00-8-10pr-edt-westlake-and-set-pneu\/"},"modified":"2026-04-29T00:52:47","modified_gmt":"2026-04-29T00:52:47","slug":"5-00-8-10pr-edt-westlake-and-set-pneu","status":"publish","type":"product","link":"https:\/\/agrotechtyres.com\/fr\/produit\/5-00-8-10pr-edt-westlake-and-set-pneu\/","title":{"rendered":"5.00-8-10PR EDT WESTLAKE&#038;SET Pneu"},"content":{"rendered":"<p>Le 5.00-8-10PR EDT WESTLAKE&amp;SET Pneu est un pneu diagonal TT con\u00e7u pour chargeuses, engins industriels et machines de construction. Il offre une performance stable, une bonne durabilit\u00e9 et une utilisation fiable pour les \u00e9quipements agricoles, industriels et de construction.<\/p>\n<p>Caract\u00e9ristiques principales : dimension 5.00-8, marque WESTLAKE, mod\u00e8le EDT, construction diagonal, version TT. V\u00e9rifiez la disponibilit\u00e9 et les options de livraison avec AgroTech Solution.<\/p>\n","protected":false},"excerpt":{"rendered":"<p>Pneu pour engins de chantier pour chargeuses, engins industriels et machines de construction, con\u00e7u pour offrir des performances fiables dans des conditions exigeantes.<\/p>\n","protected":false},"featured_media":38593,"comment_status":"open","ping_status":"closed","template":"","meta":{"inline_featured_image":false},"product_brand":[],"product_cat":[2634],"product_tag":[1666,2295,1664,1662,1663,2058,1687,1670],"class_list":{"0":"post-42924","1":"product","2":"type-product","3":"status-publish","4":"has-post-thumbnail","6":"product_cat-pneus-de-construction","7":"product_tag-10pr","8":"product_tag-5-00-8","9":"product_tag-bias","10":"product_tag-construction","11":"product_tag-cwl-other-industrial-construction","12":"product_tag-edt","13":"product_tag-tt","14":"product_tag-westlake","15":"pa_application-cwl-autres-applications-industrielles-et-construction","16":"pa_brand-westlake","17":"pa_construction-diagonal","18":"pa_model-edt-fr","19":"pa_pr-10-fr-2","20":"pa_rim-diameter-8-fr-2","21":"pa_tl-tt-tt-fr-2","22":"pa_tyre-size-5-00-8-fr","23":"pa_width-5-fr-2","25":"first","26":"instock","27":"taxable","28":"shipping-taxable","29":"purchasable","30":"product-type-simple"},"_links":{"self":[{"href":"https:\/\/agrotechtyres.com\/fr\/wp-json\/wp\/v2\/product\/42924","targetHints":{"allow":["GET"]}}],"collection":[{"href":"https:\/\/agrotechtyres.com\/fr\/wp-json\/wp\/v2\/product"}],"about":[{"href":"https:\/\/agrotechtyres.com\/fr\/wp-json\/wp\/v2\/types\/product"}],"replies":[{"embeddable":true,"href":"https:\/\/agrotechtyres.com\/fr\/wp-json\/wp\/v2\/comments?post=42924"}],"version-history":[{"count":0,"href":"https:\/\/agrotechtyres.com\/fr\/wp-json\/wp\/v2\/product\/42924\/revisions"}],"wp:featuredmedia":[{"embeddable":true,"href":"https:\/\/agrotechtyres.com\/fr\/wp-json\/wp\/v2\/media\/38593"}],"wp:attachment":[{"href":"https:\/\/agrotechtyres.com\/fr\/wp-json\/wp\/v2\/media?parent=42924"}],"wp:term":[{"taxonomy":"product_brand","embeddable":true,"href":"https:\/\/agrotechtyres.com\/fr\/wp-json\/wp\/v2\/product_brand?post=42924"},{"taxonomy":"product_cat","embeddable":true,"href":"https:\/\/agrotechtyres.com\/fr\/wp-json\/wp\/v2\/product_cat?post=42924"},{"taxonomy":"product_tag","embeddable":true,"href":"https:\/\/agrotechtyres.com\/fr\/wp-json\/wp\/v2\/product_tag?post=42924"}],"curies":[{"name":"wp","href":"https:\/\/api.w.org\/{rel}","templated":true}]}}