{"id":42923,"date":"2026-04-29T00:52:47","date_gmt":"2026-04-29T00:52:47","guid":{"rendered":"https:\/\/agrotechtyres.com\/product\/480-80r50-ceat-farmax-hpt-165d-168a8-tl-pneu\/"},"modified":"2026-04-29T00:52:47","modified_gmt":"2026-04-29T00:52:47","slug":"480-80r50-ceat-farmax-hpt-165d-168a8-tl-pneu","status":"publish","type":"product","link":"https:\/\/agrotechtyres.com\/fr\/produit\/480-80r50-ceat-farmax-hpt-165d-168a8-tl-pneu\/","title":{"rendered":"480\/80R50 CEAT FARMAX HPT 165D\/168A8 TL Pneu"},"content":{"rendered":"<p>Le 480\/80R50 CEAT FARMAX HPT 165D\/168A8 TL Pneu est un pneu radial TL con\u00e7u pour tracteurs. Il offre une performance stable, une bonne durabilit\u00e9 et une utilisation fiable pour les \u00e9quipements agricoles, industriels et de construction.<\/p>\n<p>Caract\u00e9ristiques principales : dimension 480\/80R50, marque CEAT, mod\u00e8le FARMAX HPT, construction radial, version TL. V\u00e9rifiez la disponibilit\u00e9 et les options de livraison avec AgroTech Solution.<\/p>\n","protected":false},"excerpt":{"rendered":"<p>Pneu agricole pour tracteurs, con\u00e7u pour offrir des performances fiables dans des conditions exigeantes.<\/p>\n","protected":false},"featured_media":38220,"comment_status":"open","ping_status":"closed","template":"","meta":{"inline_featured_image":false},"product_brand":[],"product_cat":[1622],"product_tag":[2294,2291,1702,1680,2292,1696,1665,1703],"class_list":{"0":"post-42923","1":"product","2":"type-product","3":"status-publish","4":"has-post-thumbnail","6":"product_cat-pneus-agricoles","7":"product_tag-165d-168a8","8":"product_tag-480-80r50","9":"product_tag-agriculture","10":"product_tag-ceat","11":"product_tag-farmax-hpt","12":"product_tag-radial","13":"product_tag-tl","14":"product_tag-tractor","15":"pa_application-tracteur","16":"pa_brand-ceat","17":"pa_construction-radial","18":"pa_load-index-165d-168a8-fr-2","19":"pa_model-farmax-hpt-fr","20":"pa_profile-80-fr-2","21":"pa_rim-diameter-50-fr-2","22":"pa_tl-tt-tl-fr","23":"pa_tyre-size-480-80r50-fr","24":"pa_width-480-fr-2","26":"first","27":"instock","28":"taxable","29":"shipping-taxable","30":"purchasable","31":"product-type-simple"},"_links":{"self":[{"href":"https:\/\/agrotechtyres.com\/fr\/wp-json\/wp\/v2\/product\/42923","targetHints":{"allow":["GET"]}}],"collection":[{"href":"https:\/\/agrotechtyres.com\/fr\/wp-json\/wp\/v2\/product"}],"about":[{"href":"https:\/\/agrotechtyres.com\/fr\/wp-json\/wp\/v2\/types\/product"}],"replies":[{"embeddable":true,"href":"https:\/\/agrotechtyres.com\/fr\/wp-json\/wp\/v2\/comments?post=42923"}],"version-history":[{"count":0,"href":"https:\/\/agrotechtyres.com\/fr\/wp-json\/wp\/v2\/product\/42923\/revisions"}],"wp:featuredmedia":[{"embeddable":true,"href":"https:\/\/agrotechtyres.com\/fr\/wp-json\/wp\/v2\/media\/38220"}],"wp:attachment":[{"href":"https:\/\/agrotechtyres.com\/fr\/wp-json\/wp\/v2\/media?parent=42923"}],"wp:term":[{"taxonomy":"product_brand","embeddable":true,"href":"https:\/\/agrotechtyres.com\/fr\/wp-json\/wp\/v2\/product_brand?post=42923"},{"taxonomy":"product_cat","embeddable":true,"href":"https:\/\/agrotechtyres.com\/fr\/wp-json\/wp\/v2\/product_cat?post=42923"},{"taxonomy":"product_tag","embeddable":true,"href":"https:\/\/agrotechtyres.com\/fr\/wp-json\/wp\/v2\/product_tag?post=42923"}],"curies":[{"name":"wp","href":"https:\/\/api.w.org\/{rel}","templated":true}]}}